{"id":126804,"date":"2023-05-19T00:00:01","date_gmt":"2023-05-19T00:00:01","guid":{"rendered":"https:\/\/www.iplay.com\/games\/vacation-adventures-cruise-director-8-grand-tour-usa\/"},"modified":"2023-05-19T00:00:01","modified_gmt":"2023-05-19T00:00:01","slug":"vacation-adventures-cruise-director-8-grand-tour-usa","status":"publish","type":"product","link":"https:\/\/www.iplay.com\/de\/games\/vacation-adventures-cruise-director-8-grand-tour-usa\/","title":{"rendered":"Vacation Adventures: Cruise Director 8 &#8211; Grand Tour USA"},"content":{"rendered":"<p>Als verantwortlicher Kreuzfahrtdirektor helfen Sie Ihren G\u00e4sten, die ultimative Grand Tour durch die USA zu erleben. Boston, New York und ganz Neuengland k\u00f6nnen von Port Canaveral aus erreicht werden. Erkunden Sie an Bord des atemberaubenden Flaggschiffs der Marine, der USS Liberty of the Waves, Kanada, die Niagaraf\u00e4lle und die Gro\u00dfen Seen. Nachdem Sie in Chicago ein Auto gemietet haben, fahren Sie von St. Louis aus auf der skurrilen Route 66 nach Santa Monica und nehmen Sie dann ein fantastisches Pazifikschiff nach Hawaii. Planen Sie interessante Aktivit\u00e4ten, um alle auf der Kreuzfahrt bei der Stange zu halten. Sehen Sie einige erstaunliche Touristenziele. Bewundern Sie die H\u00f6hepunkte des Pazifiks und des Atlantiks und sehen Sie ber\u00fchmte Sehensw\u00fcrdigkeiten. Helfen Sie den Passagieren bei Aktivit\u00e4ten, Restaurants, Eink\u00e4ufen und Kabinenbed\u00fcrfnissen sowohl an Bord als auch in den Anlaufh\u00e4fen. Stellen Sie die Kreuzfahrt-Erinnerungsst\u00fccke zusammen.        <\/p>\n<p>&nbsp;<\/p>\n<p><strong>Funktionen<\/strong><\/p>\n<p>&nbsp;<\/p>\n<p>Suche nach Hunderten von ausgefallenen Dingen und geheimen G\u00fctern, die Reisende vergessen haben.<\/p>\n<p>Genie\u00dfe tolle Minispiele, mache Fotos und erhalte Verdienstabzeichen f\u00fcr deine Erfolge.<\/p>\n<p>Familien und Einzelpersonen jeden Alters finden in Cruise Director 8 eine Menge fesselnder und fesselnder Spiele.<\/p>\n<p>Das Spiel bietet eine fantastische Tour durch die Vereinigten Staaten, wundersch\u00f6ne Grafiken und Gameplay, eine Fahrt auf der Route 66 und eine Kreuzfahrt auf See sowie eine Menge erstaunlicher Schweine und Puzzles.<\/p>\n","protected":false},"excerpt":{"rendered":"<p>Machen Sie eine packende Grand Tour durch die Vereinigten Staaten! In Reise-Umwege: Stellvertretender Kreuzfahrtdirektor &#8211; USA Grand Tour <\/p>\n","protected":false},"author":37,"featured_media":73382,"comment_status":"open","ping_status":"closed","template":"","meta":{"_acf_changed":false,"inline_featured_image":false},"product_brand":[],"product_cat":[164],"product_tag":[289],"class_list":{"0":"post-126804","1":"product","2":"type-product","3":"status-publish","4":"has-post-thumbnail","6":"product_cat-hidden-object-de","7":"product_tag-play-on-pc-de","9":"first","10":"instock","11":"shipping-taxable","12":"purchasable","13":"product-type-simple"},"acf":[],"yoast_head":"<!-- This site is optimized with the Yoast SEO Premium plugin v25.2 (Yoast SEO v25.2) - https:\/\/yoast.com\/wordpress\/plugins\/seo\/ -->\n<title>Vacation Adventures: Cruise Director 8 - Grand Tour USA - Machen Sie eine aufregende Grand Tour durch Amerika in Vacation Adventures<\/title>\n<meta name=\"description\" content=\"Machen Sie eine packende Grand Tour durch die Vereinigten Staaten! In Reise-Umwege: Stellvertretender Kreuzfahrtdirektor - USA Grand Tour\" \/>\n<meta name=\"robots\" content=\"index, follow, max-snippet:-1, max-image-preview:large, max-video-preview:-1\" \/>\n<link rel=\"canonical\" href=\"https:\/\/www.iplay.com\/de\/games\/vacation-adventures-cruise-director-8-grand-tour-usa\/\" \/>\n<meta property=\"og:locale\" content=\"de_DE\" \/>\n<meta property=\"og:type\" content=\"article\" \/>\n<meta property=\"og:title\" content=\"Vacation Adventures: Cruise Director 8 - Grand Tour USA\" \/>\n<meta property=\"og:description\" content=\"Machen Sie eine packende Grand Tour durch die Vereinigten Staaten! In Reise-Umwege: Stellvertretender Kreuzfahrtdirektor - USA Grand Tour\" \/>\n<meta property=\"og:url\" content=\"https:\/\/www.iplay.com\/de\/games\/vacation-adventures-cruise-director-8-grand-tour-usa\/\" \/>\n<meta property=\"og:site_name\" content=\"IPlay\" \/>\n<meta property=\"og:image\" content=\"https:\/\/www.iplay.com\/wp-content\/uploads\/2023\/12\/large_square_tile_image-2079.jpg\" \/>\n\t<meta property=\"og:image:width\" content=\"310\" \/>\n\t<meta property=\"og:image:height\" content=\"310\" \/>\n\t<meta property=\"og:image:type\" content=\"image\/jpeg\" \/>\n<meta name=\"twitter:card\" content=\"summary_large_image\" \/>\n<meta name=\"twitter:label1\" content=\"Gesch\u00e4tzte Lesezeit\" \/>\n\t<meta name=\"twitter:data1\" content=\"1 Minute\" \/>\n<script type=\"application\/ld+json\" class=\"yoast-schema-graph\">{\"@context\":\"https:\/\/schema.org\",\"@graph\":[{\"@type\":\"WebPage\",\"@id\":\"https:\/\/www.iplay.com\/de\/games\/vacation-adventures-cruise-director-8-grand-tour-usa\/\",\"url\":\"https:\/\/www.iplay.com\/de\/games\/vacation-adventures-cruise-director-8-grand-tour-usa\/\",\"name\":\"Vacation Adventures: Cruise Director 8 - Grand Tour USA - Machen Sie eine aufregende Grand Tour durch Amerika in Vacation Adventures\",\"isPartOf\":{\"@id\":\"https:\/\/www.iplay.com\/en\/#website\"},\"primaryImageOfPage\":{\"@id\":\"https:\/\/www.iplay.com\/de\/games\/vacation-adventures-cruise-director-8-grand-tour-usa\/#primaryimage\"},\"image\":{\"@id\":\"https:\/\/www.iplay.com\/de\/games\/vacation-adventures-cruise-director-8-grand-tour-usa\/#primaryimage\"},\"thumbnailUrl\":\"https:\/\/www.iplay.com\/wp-content\/uploads\/2023\/12\/large_square_tile_image-2079.jpg\",\"datePublished\":\"2023-05-19T00:00:01+00:00\",\"description\":\"Machen Sie eine packende Grand Tour durch die Vereinigten Staaten! In Reise-Umwege: Stellvertretender Kreuzfahrtdirektor - USA Grand Tour\",\"breadcrumb\":{\"@id\":\"https:\/\/www.iplay.com\/de\/games\/vacation-adventures-cruise-director-8-grand-tour-usa\/#breadcrumb\"},\"inLanguage\":\"de-DE\",\"potentialAction\":[{\"@type\":\"ReadAction\",\"target\":[\"https:\/\/www.iplay.com\/de\/games\/vacation-adventures-cruise-director-8-grand-tour-usa\/\"]}]},{\"@type\":\"ImageObject\",\"inLanguage\":\"de-DE\",\"@id\":\"https:\/\/www.iplay.com\/de\/games\/vacation-adventures-cruise-director-8-grand-tour-usa\/#primaryimage\",\"url\":\"https:\/\/www.iplay.com\/wp-content\/uploads\/2023\/12\/large_square_tile_image-2079.jpg\",\"contentUrl\":\"https:\/\/www.iplay.com\/wp-content\/uploads\/2023\/12\/large_square_tile_image-2079.jpg\",\"width\":310,\"height\":310},{\"@type\":\"BreadcrumbList\",\"@id\":\"https:\/\/www.iplay.com\/de\/games\/vacation-adventures-cruise-director-8-grand-tour-usa\/#breadcrumb\",\"itemListElement\":[{\"@type\":\"ListItem\",\"position\":1,\"name\":\"Home\",\"item\":\"https:\/\/www.iplay.com\/de\/home-page-2\/\"},{\"@type\":\"ListItem\",\"position\":2,\"name\":\"Shop\",\"item\":\"https:\/\/www.iplay.com\/en\/shop\/\"},{\"@type\":\"ListItem\",\"position\":3,\"name\":\"Vacation Adventures: Cruise Director 8 &#8211; Grand Tour USA\"}]},{\"@type\":\"WebSite\",\"@id\":\"https:\/\/www.iplay.com\/en\/#website\",\"url\":\"https:\/\/www.iplay.com\/en\/\",\"name\":\"IPlay\",\"description\":\"The Best Casual Games!\",\"publisher\":{\"@id\":\"https:\/\/www.iplay.com\/en\/#organization\"},\"potentialAction\":[{\"@type\":\"SearchAction\",\"target\":{\"@type\":\"EntryPoint\",\"urlTemplate\":\"https:\/\/www.iplay.com\/en\/?s={search_term_string}\"},\"query-input\":{\"@type\":\"PropertyValueSpecification\",\"valueRequired\":true,\"valueName\":\"search_term_string\"}}],\"inLanguage\":\"de-DE\"},{\"@type\":\"Organization\",\"@id\":\"https:\/\/www.iplay.com\/en\/#organization\",\"name\":\"IPlay\",\"url\":\"https:\/\/www.iplay.com\/en\/\",\"logo\":{\"@type\":\"ImageObject\",\"inLanguage\":\"de-DE\",\"@id\":\"https:\/\/www.iplay.com\/en\/#\/schema\/logo\/image\/\",\"url\":\"https:\/\/www.iplay.com\/wp-content\/uploads\/2023\/11\/Group-6100.svg\",\"contentUrl\":\"https:\/\/www.iplay.com\/wp-content\/uploads\/2023\/11\/Group-6100.svg\",\"width\":98,\"height\":25,\"caption\":\"IPlay\"},\"image\":{\"@id\":\"https:\/\/www.iplay.com\/en\/#\/schema\/logo\/image\/\"}}]}<\/script>\n<!-- \/ Yoast SEO Premium plugin. -->","yoast_head_json":{"title":"Vacation Adventures: Cruise Director 8 - Grand Tour USA - Machen Sie eine aufregende Grand Tour durch Amerika in Vacation Adventures","description":"Machen Sie eine packende Grand Tour durch die Vereinigten Staaten! In Reise-Umwege: Stellvertretender Kreuzfahrtdirektor - USA Grand Tour","robots":{"index":"index","follow":"follow","max-snippet":"max-snippet:-1","max-image-preview":"max-image-preview:large","max-video-preview":"max-video-preview:-1"},"canonical":"https:\/\/www.iplay.com\/de\/games\/vacation-adventures-cruise-director-8-grand-tour-usa\/","og_locale":"de_DE","og_type":"article","og_title":"Vacation Adventures: Cruise Director 8 - Grand Tour USA","og_description":"Machen Sie eine packende Grand Tour durch die Vereinigten Staaten! In Reise-Umwege: Stellvertretender Kreuzfahrtdirektor - USA Grand Tour","og_url":"https:\/\/www.iplay.com\/de\/games\/vacation-adventures-cruise-director-8-grand-tour-usa\/","og_site_name":"IPlay","og_image":[{"width":310,"height":310,"url":"https:\/\/www.iplay.com\/wp-content\/uploads\/2023\/12\/large_square_tile_image-2079.jpg","type":"image\/jpeg"}],"twitter_card":"summary_large_image","twitter_misc":{"Gesch\u00e4tzte Lesezeit":"1 Minute"},"schema":{"@context":"https:\/\/schema.org","@graph":[{"@type":"WebPage","@id":"https:\/\/www.iplay.com\/de\/games\/vacation-adventures-cruise-director-8-grand-tour-usa\/","url":"https:\/\/www.iplay.com\/de\/games\/vacation-adventures-cruise-director-8-grand-tour-usa\/","name":"Vacation Adventures: Cruise Director 8 - Grand Tour USA - Machen Sie eine aufregende Grand Tour durch Amerika in Vacation Adventures","isPartOf":{"@id":"https:\/\/www.iplay.com\/en\/#website"},"primaryImageOfPage":{"@id":"https:\/\/www.iplay.com\/de\/games\/vacation-adventures-cruise-director-8-grand-tour-usa\/#primaryimage"},"image":{"@id":"https:\/\/www.iplay.com\/de\/games\/vacation-adventures-cruise-director-8-grand-tour-usa\/#primaryimage"},"thumbnailUrl":"https:\/\/www.iplay.com\/wp-content\/uploads\/2023\/12\/large_square_tile_image-2079.jpg","datePublished":"2023-05-19T00:00:01+00:00","description":"Machen Sie eine packende Grand Tour durch die Vereinigten Staaten! In Reise-Umwege: Stellvertretender Kreuzfahrtdirektor - USA Grand Tour","breadcrumb":{"@id":"https:\/\/www.iplay.com\/de\/games\/vacation-adventures-cruise-director-8-grand-tour-usa\/#breadcrumb"},"inLanguage":"de-DE","potentialAction":[{"@type":"ReadAction","target":["https:\/\/www.iplay.com\/de\/games\/vacation-adventures-cruise-director-8-grand-tour-usa\/"]}]},{"@type":"ImageObject","inLanguage":"de-DE","@id":"https:\/\/www.iplay.com\/de\/games\/vacation-adventures-cruise-director-8-grand-tour-usa\/#primaryimage","url":"https:\/\/www.iplay.com\/wp-content\/uploads\/2023\/12\/large_square_tile_image-2079.jpg","contentUrl":"https:\/\/www.iplay.com\/wp-content\/uploads\/2023\/12\/large_square_tile_image-2079.jpg","width":310,"height":310},{"@type":"BreadcrumbList","@id":"https:\/\/www.iplay.com\/de\/games\/vacation-adventures-cruise-director-8-grand-tour-usa\/#breadcrumb","itemListElement":[{"@type":"ListItem","position":1,"name":"Home","item":"https:\/\/www.iplay.com\/de\/home-page-2\/"},{"@type":"ListItem","position":2,"name":"Shop","item":"https:\/\/www.iplay.com\/en\/shop\/"},{"@type":"ListItem","position":3,"name":"Vacation Adventures: Cruise Director 8 &#8211; Grand Tour USA"}]},{"@type":"WebSite","@id":"https:\/\/www.iplay.com\/en\/#website","url":"https:\/\/www.iplay.com\/en\/","name":"IPlay","description":"The Best Casual Games!","publisher":{"@id":"https:\/\/www.iplay.com\/en\/#organization"},"potentialAction":[{"@type":"SearchAction","target":{"@type":"EntryPoint","urlTemplate":"https:\/\/www.iplay.com\/en\/?s={search_term_string}"},"query-input":{"@type":"PropertyValueSpecification","valueRequired":true,"valueName":"search_term_string"}}],"inLanguage":"de-DE"},{"@type":"Organization","@id":"https:\/\/www.iplay.com\/en\/#organization","name":"IPlay","url":"https:\/\/www.iplay.com\/en\/","logo":{"@type":"ImageObject","inLanguage":"de-DE","@id":"https:\/\/www.iplay.com\/en\/#\/schema\/logo\/image\/","url":"https:\/\/www.iplay.com\/wp-content\/uploads\/2023\/11\/Group-6100.svg","contentUrl":"https:\/\/www.iplay.com\/wp-content\/uploads\/2023\/11\/Group-6100.svg","width":98,"height":25,"caption":"IPlay"},"image":{"@id":"https:\/\/www.iplay.com\/en\/#\/schema\/logo\/image\/"}}]}},"_links":{"self":[{"href":"https:\/\/www.iplay.com\/de\/wp-json\/wp\/v2\/product\/126804","targetHints":{"allow":["GET"]}}],"collection":[{"href":"https:\/\/www.iplay.com\/de\/wp-json\/wp\/v2\/product"}],"about":[{"href":"https:\/\/www.iplay.com\/de\/wp-json\/wp\/v2\/types\/product"}],"author":[{"embeddable":true,"href":"https:\/\/www.iplay.com\/de\/wp-json\/wp\/v2\/users\/37"}],"replies":[{"embeddable":true,"href":"https:\/\/www.iplay.com\/de\/wp-json\/wp\/v2\/comments?post=126804"}],"wp:featuredmedia":[{"embeddable":true,"href":"https:\/\/www.iplay.com\/de\/wp-json\/wp\/v2\/media\/73382"}],"wp:attachment":[{"href":"https:\/\/www.iplay.com\/de\/wp-json\/wp\/v2\/media?parent=126804"}],"wp:term":[{"taxonomy":"product_brand","embeddable":true,"href":"https:\/\/www.iplay.com\/de\/wp-json\/wp\/v2\/product_brand?post=126804"},{"taxonomy":"product_cat","embeddable":true,"href":"https:\/\/www.iplay.com\/de\/wp-json\/wp\/v2\/product_cat?post=126804"},{"taxonomy":"product_tag","embeddable":true,"href":"https:\/\/www.iplay.com\/de\/wp-json\/wp\/v2\/product_tag?post=126804"}],"curies":[{"name":"wp","href":"https:\/\/api.w.org\/{rel}","templated":true}]}}