{"id":126774,"date":"2024-11-11T09:00:15","date_gmt":"2024-11-11T09:00:15","guid":{"rendered":"https:\/\/www.iplay.com\/games\/pop-art-13\/"},"modified":"2024-11-11T09:00:15","modified_gmt":"2024-11-11T09:00:15","slug":"pop-art-13","status":"publish","type":"product","link":"https:\/\/www.iplay.com\/de\/games\/pop-art-13\/","title":{"rendered":"Pop Art 13"},"content":{"rendered":"<p>Tauchen Sie ein in die lebendige und m\u00fchelose Welt der Pop Art 13, in der das Malen zu einem unterhaltsamen und beruhigenden Erlebnis wird! Vorbei ist der Druck, Farben auszuw\u00e4hlen; Alles, was Sie brauchen, ist ein Moment, um sich zu entspannen und die Kreativit\u00e4t zum Leben zu erwecken. W\u00e4hlen Sie aus einer entz\u00fcckenden Auswahl an verspielten Bildern und folgen Sie einfach den Zahlen, um zu sehen, wie jedes Kunstwerk aufbl\u00fcht.  <\/p>\n<p>&nbsp;<\/p>\n<p><strong>Funktionen<\/strong><\/p>\n<ul>\n<li><em>64 exquisite Bilder zum Ausmalen<\/em> &#8211; Entdecken Sie eine Auswahl einzigartiger Designs, die bereit sind, mit Farbe verwandelt zu werden.<\/li>\n<li><em>Unendliche Entspannung und Genuss<\/em> &#8211; Verbringen Sie Stunden der Ruhe, des kreativen Ausdrucks und entspannen Sie sich in Ihrem eigenen Tempo.<\/li>\n<li>\n<\/li>\n<\/ul>\n<p>Lassen Sie Ihrer Kreativit\u00e4t freien Lauf, w\u00e4hrend sich jede nummerierte Leinwand zu einem Meisterwerk entfaltet, das Pop Art 13 zu einer fr\u00f6hlichen Flucht f\u00fcr K\u00fcnstler jeden Niveaus macht.<\/p>\n","protected":false},"excerpt":{"rendered":"<p>Tauchen Sie ein in die lebendige und m\u00fchelose Welt der <strong>Pop Art 13<\/strong> , in der das Malen zu einem unterhaltsamen und beruhigenden Erlebnis wird!<\/p>\n","protected":false},"author":21,"featured_media":124821,"comment_status":"open","ping_status":"closed","template":"","meta":{"_acf_changed":false,"inline_featured_image":false},"product_brand":[],"product_cat":[185],"product_tag":[289],"class_list":{"0":"post-126774","1":"product","2":"type-product","3":"status-publish","4":"has-post-thumbnail","6":"product_cat-paint-by-numbers-series-de","7":"product_tag-play-on-pc-de","9":"first","10":"instock","11":"shipping-taxable","12":"purchasable","13":"product-type-simple"},"acf":[],"yoast_head":"<!-- This site is optimized with the Yoast SEO Premium plugin v25.2 (Yoast SEO v25.2) - https:\/\/yoast.com\/wordpress\/plugins\/seo\/ -->\n<title>Malen Sie mit Pop Art 13, die mehr Spa\u00df macht und einfacher ist als je zuvor!<\/title>\n<meta name=\"description\" content=\"Tauchen Sie ein in die lebendige und m\u00fchelose Welt der Pop Art 13 , in der das Malen zu einem unterhaltsamen und beruhigenden Erlebnis wird!\" \/>\n<meta name=\"robots\" content=\"index, follow, max-snippet:-1, max-image-preview:large, max-video-preview:-1\" \/>\n<link rel=\"canonical\" href=\"https:\/\/www.iplay.com\/de\/games\/pop-art-13\/\" \/>\n<meta property=\"og:locale\" content=\"de_DE\" \/>\n<meta property=\"og:type\" content=\"article\" \/>\n<meta property=\"og:title\" content=\"Pop Art 13\" \/>\n<meta property=\"og:description\" content=\"Tauchen Sie ein in die lebendige und m\u00fchelose Welt der Pop Art 13 , in der das Malen zu einem unterhaltsamen und beruhigenden Erlebnis wird!\" \/>\n<meta property=\"og:url\" content=\"https:\/\/www.iplay.com\/de\/games\/pop-art-13\/\" \/>\n<meta property=\"og:site_name\" content=\"IPlay\" \/>\n<meta property=\"og:image\" content=\"https:\/\/www.iplay.com\/wp-content\/uploads\/2024\/11\/pop_art_13_large_square_tile_image.webp\" \/>\n\t<meta property=\"og:image:width\" content=\"400\" \/>\n\t<meta property=\"og:image:height\" content=\"400\" \/>\n\t<meta property=\"og:image:type\" content=\"image\/webp\" \/>\n<meta name=\"twitter:card\" content=\"summary_large_image\" \/>\n<meta name=\"twitter:label1\" content=\"Gesch\u00e4tzte Lesezeit\" \/>\n\t<meta name=\"twitter:data1\" content=\"1 Minute\" \/>\n<script type=\"application\/ld+json\" class=\"yoast-schema-graph\">{\"@context\":\"https:\/\/schema.org\",\"@graph\":[{\"@type\":\"WebPage\",\"@id\":\"https:\/\/www.iplay.com\/de\/games\/pop-art-13\/\",\"url\":\"https:\/\/www.iplay.com\/de\/games\/pop-art-13\/\",\"name\":\"Malen Sie mit Pop Art 13, die mehr Spa\u00df macht und einfacher ist als je zuvor!\",\"isPartOf\":{\"@id\":\"https:\/\/www.iplay.com\/en\/#website\"},\"primaryImageOfPage\":{\"@id\":\"https:\/\/www.iplay.com\/de\/games\/pop-art-13\/#primaryimage\"},\"image\":{\"@id\":\"https:\/\/www.iplay.com\/de\/games\/pop-art-13\/#primaryimage\"},\"thumbnailUrl\":\"https:\/\/www.iplay.com\/wp-content\/uploads\/2024\/11\/pop_art_13_large_square_tile_image.webp\",\"datePublished\":\"2024-11-11T09:00:15+00:00\",\"description\":\"Tauchen Sie ein in die lebendige und m\u00fchelose Welt der Pop Art 13 , in der das Malen zu einem unterhaltsamen und beruhigenden Erlebnis wird!\",\"breadcrumb\":{\"@id\":\"https:\/\/www.iplay.com\/de\/games\/pop-art-13\/#breadcrumb\"},\"inLanguage\":\"de-DE\",\"potentialAction\":[{\"@type\":\"ReadAction\",\"target\":[\"https:\/\/www.iplay.com\/de\/games\/pop-art-13\/\"]}]},{\"@type\":\"ImageObject\",\"inLanguage\":\"de-DE\",\"@id\":\"https:\/\/www.iplay.com\/de\/games\/pop-art-13\/#primaryimage\",\"url\":\"https:\/\/www.iplay.com\/wp-content\/uploads\/2024\/11\/pop_art_13_large_square_tile_image.webp\",\"contentUrl\":\"https:\/\/www.iplay.com\/wp-content\/uploads\/2024\/11\/pop_art_13_large_square_tile_image.webp\",\"width\":400,\"height\":400},{\"@type\":\"BreadcrumbList\",\"@id\":\"https:\/\/www.iplay.com\/de\/games\/pop-art-13\/#breadcrumb\",\"itemListElement\":[{\"@type\":\"ListItem\",\"position\":1,\"name\":\"Home\",\"item\":\"https:\/\/www.iplay.com\/de\/home-page-2\/\"},{\"@type\":\"ListItem\",\"position\":2,\"name\":\"Shop\",\"item\":\"https:\/\/www.iplay.com\/en\/shop\/\"},{\"@type\":\"ListItem\",\"position\":3,\"name\":\"Pop Art 13\"}]},{\"@type\":\"WebSite\",\"@id\":\"https:\/\/www.iplay.com\/en\/#website\",\"url\":\"https:\/\/www.iplay.com\/en\/\",\"name\":\"IPlay\",\"description\":\"The Best Casual Games!\",\"publisher\":{\"@id\":\"https:\/\/www.iplay.com\/en\/#organization\"},\"potentialAction\":[{\"@type\":\"SearchAction\",\"target\":{\"@type\":\"EntryPoint\",\"urlTemplate\":\"https:\/\/www.iplay.com\/en\/?s={search_term_string}\"},\"query-input\":{\"@type\":\"PropertyValueSpecification\",\"valueRequired\":true,\"valueName\":\"search_term_string\"}}],\"inLanguage\":\"de-DE\"},{\"@type\":\"Organization\",\"@id\":\"https:\/\/www.iplay.com\/en\/#organization\",\"name\":\"IPlay\",\"url\":\"https:\/\/www.iplay.com\/en\/\",\"logo\":{\"@type\":\"ImageObject\",\"inLanguage\":\"de-DE\",\"@id\":\"https:\/\/www.iplay.com\/en\/#\/schema\/logo\/image\/\",\"url\":\"https:\/\/www.iplay.com\/wp-content\/uploads\/2023\/11\/Group-6100.svg\",\"contentUrl\":\"https:\/\/www.iplay.com\/wp-content\/uploads\/2023\/11\/Group-6100.svg\",\"width\":98,\"height\":25,\"caption\":\"IPlay\"},\"image\":{\"@id\":\"https:\/\/www.iplay.com\/en\/#\/schema\/logo\/image\/\"}}]}<\/script>\n<!-- \/ Yoast SEO Premium plugin. -->","yoast_head_json":{"title":"Malen Sie mit Pop Art 13, die mehr Spa\u00df macht und einfacher ist als je zuvor!","description":"Tauchen Sie ein in die lebendige und m\u00fchelose Welt der Pop Art 13 , in der das Malen zu einem unterhaltsamen und beruhigenden Erlebnis wird!","robots":{"index":"index","follow":"follow","max-snippet":"max-snippet:-1","max-image-preview":"max-image-preview:large","max-video-preview":"max-video-preview:-1"},"canonical":"https:\/\/www.iplay.com\/de\/games\/pop-art-13\/","og_locale":"de_DE","og_type":"article","og_title":"Pop Art 13","og_description":"Tauchen Sie ein in die lebendige und m\u00fchelose Welt der Pop Art 13 , in der das Malen zu einem unterhaltsamen und beruhigenden Erlebnis wird!","og_url":"https:\/\/www.iplay.com\/de\/games\/pop-art-13\/","og_site_name":"IPlay","og_image":[{"width":400,"height":400,"url":"https:\/\/www.iplay.com\/wp-content\/uploads\/2024\/11\/pop_art_13_large_square_tile_image.webp","type":"image\/webp"}],"twitter_card":"summary_large_image","twitter_misc":{"Gesch\u00e4tzte Lesezeit":"1 Minute"},"schema":{"@context":"https:\/\/schema.org","@graph":[{"@type":"WebPage","@id":"https:\/\/www.iplay.com\/de\/games\/pop-art-13\/","url":"https:\/\/www.iplay.com\/de\/games\/pop-art-13\/","name":"Malen Sie mit Pop Art 13, die mehr Spa\u00df macht und einfacher ist als je zuvor!","isPartOf":{"@id":"https:\/\/www.iplay.com\/en\/#website"},"primaryImageOfPage":{"@id":"https:\/\/www.iplay.com\/de\/games\/pop-art-13\/#primaryimage"},"image":{"@id":"https:\/\/www.iplay.com\/de\/games\/pop-art-13\/#primaryimage"},"thumbnailUrl":"https:\/\/www.iplay.com\/wp-content\/uploads\/2024\/11\/pop_art_13_large_square_tile_image.webp","datePublished":"2024-11-11T09:00:15+00:00","description":"Tauchen Sie ein in die lebendige und m\u00fchelose Welt der Pop Art 13 , in der das Malen zu einem unterhaltsamen und beruhigenden Erlebnis wird!","breadcrumb":{"@id":"https:\/\/www.iplay.com\/de\/games\/pop-art-13\/#breadcrumb"},"inLanguage":"de-DE","potentialAction":[{"@type":"ReadAction","target":["https:\/\/www.iplay.com\/de\/games\/pop-art-13\/"]}]},{"@type":"ImageObject","inLanguage":"de-DE","@id":"https:\/\/www.iplay.com\/de\/games\/pop-art-13\/#primaryimage","url":"https:\/\/www.iplay.com\/wp-content\/uploads\/2024\/11\/pop_art_13_large_square_tile_image.webp","contentUrl":"https:\/\/www.iplay.com\/wp-content\/uploads\/2024\/11\/pop_art_13_large_square_tile_image.webp","width":400,"height":400},{"@type":"BreadcrumbList","@id":"https:\/\/www.iplay.com\/de\/games\/pop-art-13\/#breadcrumb","itemListElement":[{"@type":"ListItem","position":1,"name":"Home","item":"https:\/\/www.iplay.com\/de\/home-page-2\/"},{"@type":"ListItem","position":2,"name":"Shop","item":"https:\/\/www.iplay.com\/en\/shop\/"},{"@type":"ListItem","position":3,"name":"Pop Art 13"}]},{"@type":"WebSite","@id":"https:\/\/www.iplay.com\/en\/#website","url":"https:\/\/www.iplay.com\/en\/","name":"IPlay","description":"The Best Casual Games!","publisher":{"@id":"https:\/\/www.iplay.com\/en\/#organization"},"potentialAction":[{"@type":"SearchAction","target":{"@type":"EntryPoint","urlTemplate":"https:\/\/www.iplay.com\/en\/?s={search_term_string}"},"query-input":{"@type":"PropertyValueSpecification","valueRequired":true,"valueName":"search_term_string"}}],"inLanguage":"de-DE"},{"@type":"Organization","@id":"https:\/\/www.iplay.com\/en\/#organization","name":"IPlay","url":"https:\/\/www.iplay.com\/en\/","logo":{"@type":"ImageObject","inLanguage":"de-DE","@id":"https:\/\/www.iplay.com\/en\/#\/schema\/logo\/image\/","url":"https:\/\/www.iplay.com\/wp-content\/uploads\/2023\/11\/Group-6100.svg","contentUrl":"https:\/\/www.iplay.com\/wp-content\/uploads\/2023\/11\/Group-6100.svg","width":98,"height":25,"caption":"IPlay"},"image":{"@id":"https:\/\/www.iplay.com\/en\/#\/schema\/logo\/image\/"}}]}},"_links":{"self":[{"href":"https:\/\/www.iplay.com\/de\/wp-json\/wp\/v2\/product\/126774","targetHints":{"allow":["GET"]}}],"collection":[{"href":"https:\/\/www.iplay.com\/de\/wp-json\/wp\/v2\/product"}],"about":[{"href":"https:\/\/www.iplay.com\/de\/wp-json\/wp\/v2\/types\/product"}],"author":[{"embeddable":true,"href":"https:\/\/www.iplay.com\/de\/wp-json\/wp\/v2\/users\/21"}],"replies":[{"embeddable":true,"href":"https:\/\/www.iplay.com\/de\/wp-json\/wp\/v2\/comments?post=126774"}],"wp:featuredmedia":[{"embeddable":true,"href":"https:\/\/www.iplay.com\/de\/wp-json\/wp\/v2\/media\/124821"}],"wp:attachment":[{"href":"https:\/\/www.iplay.com\/de\/wp-json\/wp\/v2\/media?parent=126774"}],"wp:term":[{"taxonomy":"product_brand","embeddable":true,"href":"https:\/\/www.iplay.com\/de\/wp-json\/wp\/v2\/product_brand?post=126774"},{"taxonomy":"product_cat","embeddable":true,"href":"https:\/\/www.iplay.com\/de\/wp-json\/wp\/v2\/product_cat?post=126774"},{"taxonomy":"product_tag","embeddable":true,"href":"https:\/\/www.iplay.com\/de\/wp-json\/wp\/v2\/product_tag?post=126774"}],"curies":[{"name":"wp","href":"https:\/\/api.w.org\/{rel}","templated":true}]}}