{"id":126756,"date":"2024-11-01T16:13:08","date_gmt":"2024-11-01T16:13:08","guid":{"rendered":"https:\/\/www.iplay.com\/games\/pixel-art-69\/"},"modified":"2025-04-18T15:06:09","modified_gmt":"2025-04-18T15:06:09","slug":"pixel-art-69","status":"publish","type":"product","link":"https:\/\/www.iplay.com\/de\/games\/pixel-art-69\/","title":{"rendered":"Pixel Art 69"},"content":{"rendered":"<p>Malen ist einfacher und angenehmer als je zuvor! Sie m\u00fcssen sich nicht um die Auswahl der Farben k\u00fcmmern \u2013 lehnen Sie sich einfach zur\u00fcck, entspannen Sie sich und beobachten Sie, wie jedes Bild mit Leichtigkeit zum Leben erweckt wird. Es wurde eine Reihe von lustigen, lebendigen Bildern bereitgestellt, die es Ihnen erm\u00f6glichen, sich auf die Freude am Malen nach Zahlen zu konzentrieren. Jeder Bereich kann einfach mit dem F\u00fcllbereichswerkzeug gef\u00fcllt werden, um Ihren Fortschritt zu steuern und die Pr\u00e4zision zu verbessern, sodass Sie sich ausschlie\u00dflich auf das Erlebnis konzentrieren k\u00f6nnen.   <\/p>\n<p><strong>Funktionen<\/strong><\/p>\n<ul>\n<li>80 unglaubliche Bilder zum Malen: Jedes Bild bietet ein einzigartiges und ansprechendes Design, das zum Leben erweckt werden kann, von Landschaften bis hin zu komplizierten Mustern. Perfekt f\u00fcr alle Altersgruppen, sind diese Bilder ideal f\u00fcr alle, die eine friedliche, kreative Flucht suchen. <\/li>\n<li>F\u00fcllbereichswerkzeug f\u00fcr nahtloses Malen: Dieses hilfreiche Werkzeug erm\u00f6glicht schnelles, pr\u00e4zises F\u00fcllen gr\u00f6\u00dferer Abschnitte und stellt sicher, dass selbst kleinste Details m\u00fchelos fertiggestellt werden. Entwickelt f\u00fcr glattes, nahtloses Lackieren. <\/li>\n<li>Ein entspannendes Erlebnis: Mit diesem gef\u00fchrten Malsystem erwarten Sie Stunden der Entspannung, in denen Sie sich entspannen und Ihrer Kreativit\u00e4t freien Lauf lassen k\u00f6nnen. Jedes fertige St\u00fcck bietet ein Gef\u00fchl der Erf\u00fcllung und Freude. <\/li>\n<\/ul>\n<p>&nbsp;<\/p>\n<p>Unabh\u00e4ngig von Ihrem K\u00f6nnen ist das Malen nach Zahlen die Einfachheit des Malens eine perfekte Aktivit\u00e4t f\u00fcr alle, die Stress abbauen, Kreativit\u00e4t ausdr\u00fccken oder einfach nur einen ruhigen Moment mit Kunst genie\u00dfen m\u00f6chten.<\/p>\n","protected":false},"excerpt":{"rendered":"<p>Pixel Art 69 &#8211; Genie\u00dfen Sie die Einfachheit des Malens<\/p>\n","protected":false},"author":21,"featured_media":124437,"comment_status":"open","ping_status":"closed","template":"","meta":{"_acf_changed":false,"inline_featured_image":false},"product_brand":[],"product_cat":[185],"product_tag":[282,289],"class_list":{"0":"post-126756","1":"product","2":"type-product","3":"status-publish","4":"has-post-thumbnail","6":"product_cat-paint-by-numbers-series-de","7":"product_tag-pixel-art-series-de","8":"product_tag-play-on-pc-de","10":"first","11":"instock","12":"shipping-taxable","13":"purchasable","14":"product-type-simple"},"acf":[],"yoast_head":"<!-- This site is optimized with the Yoast SEO Premium plugin v25.2 (Yoast SEO v25.2) - https:\/\/yoast.com\/wordpress\/plugins\/seo\/ -->\n<title>Pixel Art 69 - Genie\u00dfen Sie die Einfachheit des Malens<\/title>\n<meta name=\"description\" content=\"Pixel Art 69 - Genie\u00dfen Sie die Einfachheit des Malens\" \/>\n<meta name=\"robots\" content=\"index, follow, max-snippet:-1, max-image-preview:large, max-video-preview:-1\" \/>\n<link rel=\"canonical\" href=\"https:\/\/www.iplay.com\/de\/games\/pixel-art-69\/\" \/>\n<meta property=\"og:locale\" content=\"de_DE\" \/>\n<meta property=\"og:type\" content=\"article\" \/>\n<meta property=\"og:title\" content=\"Pixel Art 69\" \/>\n<meta property=\"og:description\" content=\"Pixel Art 69 - Genie\u00dfen Sie die Einfachheit des Malens\" \/>\n<meta property=\"og:url\" content=\"https:\/\/www.iplay.com\/de\/games\/pixel-art-69\/\" \/>\n<meta property=\"og:site_name\" content=\"IPlay\" \/>\n<meta property=\"article:modified_time\" content=\"2025-04-18T15:06:09+00:00\" \/>\n<meta property=\"og:image\" content=\"https:\/\/www.iplay.com\/wp-content\/uploads\/2024\/11\/pixel_art_69_large_square_tile_image-1.webp\" \/>\n\t<meta property=\"og:image:width\" content=\"400\" \/>\n\t<meta property=\"og:image:height\" content=\"400\" \/>\n\t<meta property=\"og:image:type\" content=\"image\/webp\" \/>\n<meta name=\"twitter:card\" content=\"summary_large_image\" \/>\n<meta name=\"twitter:label1\" content=\"Gesch\u00e4tzte Lesezeit\" \/>\n\t<meta name=\"twitter:data1\" content=\"1 Minute\" \/>\n<script type=\"application\/ld+json\" class=\"yoast-schema-graph\">{\"@context\":\"https:\/\/schema.org\",\"@graph\":[{\"@type\":\"WebPage\",\"@id\":\"https:\/\/www.iplay.com\/de\/games\/pixel-art-69\/\",\"url\":\"https:\/\/www.iplay.com\/de\/games\/pixel-art-69\/\",\"name\":\"Pixel Art 69 - Genie\u00dfen Sie die Einfachheit des Malens\",\"isPartOf\":{\"@id\":\"https:\/\/www.iplay.com\/en\/#website\"},\"primaryImageOfPage\":{\"@id\":\"https:\/\/www.iplay.com\/de\/games\/pixel-art-69\/#primaryimage\"},\"image\":{\"@id\":\"https:\/\/www.iplay.com\/de\/games\/pixel-art-69\/#primaryimage\"},\"thumbnailUrl\":\"https:\/\/www.iplay.com\/wp-content\/uploads\/2024\/11\/pixel_art_69_large_square_tile_image-1.webp\",\"datePublished\":\"2024-11-01T16:13:08+00:00\",\"dateModified\":\"2025-04-18T15:06:09+00:00\",\"description\":\"Pixel Art 69 - Genie\u00dfen Sie die Einfachheit des Malens\",\"breadcrumb\":{\"@id\":\"https:\/\/www.iplay.com\/de\/games\/pixel-art-69\/#breadcrumb\"},\"inLanguage\":\"de-DE\",\"potentialAction\":[{\"@type\":\"ReadAction\",\"target\":[\"https:\/\/www.iplay.com\/de\/games\/pixel-art-69\/\"]}]},{\"@type\":\"ImageObject\",\"inLanguage\":\"de-DE\",\"@id\":\"https:\/\/www.iplay.com\/de\/games\/pixel-art-69\/#primaryimage\",\"url\":\"https:\/\/www.iplay.com\/wp-content\/uploads\/2024\/11\/pixel_art_69_large_square_tile_image-1.webp\",\"contentUrl\":\"https:\/\/www.iplay.com\/wp-content\/uploads\/2024\/11\/pixel_art_69_large_square_tile_image-1.webp\",\"width\":400,\"height\":400},{\"@type\":\"BreadcrumbList\",\"@id\":\"https:\/\/www.iplay.com\/de\/games\/pixel-art-69\/#breadcrumb\",\"itemListElement\":[{\"@type\":\"ListItem\",\"position\":1,\"name\":\"Home\",\"item\":\"https:\/\/www.iplay.com\/de\/home-page-2\/\"},{\"@type\":\"ListItem\",\"position\":2,\"name\":\"Shop\",\"item\":\"https:\/\/www.iplay.com\/en\/shop\/\"},{\"@type\":\"ListItem\",\"position\":3,\"name\":\"Pixel Art 69\"}]},{\"@type\":\"WebSite\",\"@id\":\"https:\/\/www.iplay.com\/en\/#website\",\"url\":\"https:\/\/www.iplay.com\/en\/\",\"name\":\"IPlay\",\"description\":\"The Best Casual Games!\",\"publisher\":{\"@id\":\"https:\/\/www.iplay.com\/en\/#organization\"},\"potentialAction\":[{\"@type\":\"SearchAction\",\"target\":{\"@type\":\"EntryPoint\",\"urlTemplate\":\"https:\/\/www.iplay.com\/en\/?s={search_term_string}\"},\"query-input\":{\"@type\":\"PropertyValueSpecification\",\"valueRequired\":true,\"valueName\":\"search_term_string\"}}],\"inLanguage\":\"de-DE\"},{\"@type\":\"Organization\",\"@id\":\"https:\/\/www.iplay.com\/en\/#organization\",\"name\":\"IPlay\",\"url\":\"https:\/\/www.iplay.com\/en\/\",\"logo\":{\"@type\":\"ImageObject\",\"inLanguage\":\"de-DE\",\"@id\":\"https:\/\/www.iplay.com\/en\/#\/schema\/logo\/image\/\",\"url\":\"https:\/\/www.iplay.com\/wp-content\/uploads\/2023\/11\/Group-6100.svg\",\"contentUrl\":\"https:\/\/www.iplay.com\/wp-content\/uploads\/2023\/11\/Group-6100.svg\",\"width\":98,\"height\":25,\"caption\":\"IPlay\"},\"image\":{\"@id\":\"https:\/\/www.iplay.com\/en\/#\/schema\/logo\/image\/\"}}]}<\/script>\n<!-- \/ Yoast SEO Premium plugin. -->","yoast_head_json":{"title":"Pixel Art 69 - Genie\u00dfen Sie die Einfachheit des Malens","description":"Pixel Art 69 - Genie\u00dfen Sie die Einfachheit des Malens","robots":{"index":"index","follow":"follow","max-snippet":"max-snippet:-1","max-image-preview":"max-image-preview:large","max-video-preview":"max-video-preview:-1"},"canonical":"https:\/\/www.iplay.com\/de\/games\/pixel-art-69\/","og_locale":"de_DE","og_type":"article","og_title":"Pixel Art 69","og_description":"Pixel Art 69 - Genie\u00dfen Sie die Einfachheit des Malens","og_url":"https:\/\/www.iplay.com\/de\/games\/pixel-art-69\/","og_site_name":"IPlay","article_modified_time":"2025-04-18T15:06:09+00:00","og_image":[{"width":400,"height":400,"url":"https:\/\/www.iplay.com\/wp-content\/uploads\/2024\/11\/pixel_art_69_large_square_tile_image-1.webp","type":"image\/webp"}],"twitter_card":"summary_large_image","twitter_misc":{"Gesch\u00e4tzte Lesezeit":"1 Minute"},"schema":{"@context":"https:\/\/schema.org","@graph":[{"@type":"WebPage","@id":"https:\/\/www.iplay.com\/de\/games\/pixel-art-69\/","url":"https:\/\/www.iplay.com\/de\/games\/pixel-art-69\/","name":"Pixel Art 69 - Genie\u00dfen Sie die Einfachheit des Malens","isPartOf":{"@id":"https:\/\/www.iplay.com\/en\/#website"},"primaryImageOfPage":{"@id":"https:\/\/www.iplay.com\/de\/games\/pixel-art-69\/#primaryimage"},"image":{"@id":"https:\/\/www.iplay.com\/de\/games\/pixel-art-69\/#primaryimage"},"thumbnailUrl":"https:\/\/www.iplay.com\/wp-content\/uploads\/2024\/11\/pixel_art_69_large_square_tile_image-1.webp","datePublished":"2024-11-01T16:13:08+00:00","dateModified":"2025-04-18T15:06:09+00:00","description":"Pixel Art 69 - Genie\u00dfen Sie die Einfachheit des Malens","breadcrumb":{"@id":"https:\/\/www.iplay.com\/de\/games\/pixel-art-69\/#breadcrumb"},"inLanguage":"de-DE","potentialAction":[{"@type":"ReadAction","target":["https:\/\/www.iplay.com\/de\/games\/pixel-art-69\/"]}]},{"@type":"ImageObject","inLanguage":"de-DE","@id":"https:\/\/www.iplay.com\/de\/games\/pixel-art-69\/#primaryimage","url":"https:\/\/www.iplay.com\/wp-content\/uploads\/2024\/11\/pixel_art_69_large_square_tile_image-1.webp","contentUrl":"https:\/\/www.iplay.com\/wp-content\/uploads\/2024\/11\/pixel_art_69_large_square_tile_image-1.webp","width":400,"height":400},{"@type":"BreadcrumbList","@id":"https:\/\/www.iplay.com\/de\/games\/pixel-art-69\/#breadcrumb","itemListElement":[{"@type":"ListItem","position":1,"name":"Home","item":"https:\/\/www.iplay.com\/de\/home-page-2\/"},{"@type":"ListItem","position":2,"name":"Shop","item":"https:\/\/www.iplay.com\/en\/shop\/"},{"@type":"ListItem","position":3,"name":"Pixel Art 69"}]},{"@type":"WebSite","@id":"https:\/\/www.iplay.com\/en\/#website","url":"https:\/\/www.iplay.com\/en\/","name":"IPlay","description":"The Best Casual Games!","publisher":{"@id":"https:\/\/www.iplay.com\/en\/#organization"},"potentialAction":[{"@type":"SearchAction","target":{"@type":"EntryPoint","urlTemplate":"https:\/\/www.iplay.com\/en\/?s={search_term_string}"},"query-input":{"@type":"PropertyValueSpecification","valueRequired":true,"valueName":"search_term_string"}}],"inLanguage":"de-DE"},{"@type":"Organization","@id":"https:\/\/www.iplay.com\/en\/#organization","name":"IPlay","url":"https:\/\/www.iplay.com\/en\/","logo":{"@type":"ImageObject","inLanguage":"de-DE","@id":"https:\/\/www.iplay.com\/en\/#\/schema\/logo\/image\/","url":"https:\/\/www.iplay.com\/wp-content\/uploads\/2023\/11\/Group-6100.svg","contentUrl":"https:\/\/www.iplay.com\/wp-content\/uploads\/2023\/11\/Group-6100.svg","width":98,"height":25,"caption":"IPlay"},"image":{"@id":"https:\/\/www.iplay.com\/en\/#\/schema\/logo\/image\/"}}]}},"_links":{"self":[{"href":"https:\/\/www.iplay.com\/de\/wp-json\/wp\/v2\/product\/126756","targetHints":{"allow":["GET"]}}],"collection":[{"href":"https:\/\/www.iplay.com\/de\/wp-json\/wp\/v2\/product"}],"about":[{"href":"https:\/\/www.iplay.com\/de\/wp-json\/wp\/v2\/types\/product"}],"author":[{"embeddable":true,"href":"https:\/\/www.iplay.com\/de\/wp-json\/wp\/v2\/users\/21"}],"replies":[{"embeddable":true,"href":"https:\/\/www.iplay.com\/de\/wp-json\/wp\/v2\/comments?post=126756"}],"wp:featuredmedia":[{"embeddable":true,"href":"https:\/\/www.iplay.com\/de\/wp-json\/wp\/v2\/media\/124437"}],"wp:attachment":[{"href":"https:\/\/www.iplay.com\/de\/wp-json\/wp\/v2\/media?parent=126756"}],"wp:term":[{"taxonomy":"product_brand","embeddable":true,"href":"https:\/\/www.iplay.com\/de\/wp-json\/wp\/v2\/product_brand?post=126756"},{"taxonomy":"product_cat","embeddable":true,"href":"https:\/\/www.iplay.com\/de\/wp-json\/wp\/v2\/product_cat?post=126756"},{"taxonomy":"product_tag","embeddable":true,"href":"https:\/\/www.iplay.com\/de\/wp-json\/wp\/v2\/product_tag?post=126756"}],"curies":[{"name":"wp","href":"https:\/\/api.w.org\/{rel}","templated":true}]}}