{"id":126746,"date":"2024-11-29T10:00:49","date_gmt":"2024-11-29T10:00:49","guid":{"rendered":"https:\/\/www.iplay.com\/games\/roads-of-middle-ages-collectors-edition\/"},"modified":"2024-11-29T10:00:49","modified_gmt":"2024-11-29T10:00:49","slug":"roads-of-middle-ages-collectors-edition","status":"publish","type":"product","link":"https:\/\/www.iplay.com\/de\/games\/roads-of-middle-ages-collectors-edition\/","title":{"rendered":"Roads of Middle Ages Collector&#8217;s Edition"},"content":{"rendered":"<p>St\u00fcrze dich in ein legend\u00e4res mittelalterliches Abenteuer mit <strong>der Roads of Middle Ages Collector&#8217;s Edition. <\/strong>Fans der gefeierten Serie <strong>&#8220;Roads of Rome<\/strong> &#8221; sind herzlich eingeladen, ein spannendes neues Kapitel mittelalterlicher Erz\u00e4hlkunst aufzuschlagen. <strong>Roads of Middle Ages Collector&#8217;s Edition<\/strong> bietet einen fesselnden Ableger voller Abenteuer, Strategie und einer fesselnden Handlung. Dieses Spiel spielt in einer Zeit der Burgen, K\u00f6nigreiche und gef\u00e4hrlichen Quests und fordert die Spieler heraus, in die Rolle eines jungen Prinzen zu schl\u00fcpfen, der die Aufgabe hat, sein Reich vor dem Untergang zu retten. <\/p>\n<p>Ein K\u00f6nigreich in Gefahr &#8211; Eine Trag\u00f6die ereignet, als ein gerissener Zauberer den geliebten K\u00f6nig in eine Falle lockt und ihn in einem verzauberten Glassarg zur\u00fcckl\u00e4sst. Da Gefahr \u00fcber dem Reich schwebt und keine unmittelbare L\u00f6sung in Sicht ist, f\u00e4llt die Last der F\u00fchrung auf den jungen Prinzen. Um Frieden und Ordnung wiederherzustellen, muss der dreiste Zauberer gefasst, das K\u00f6nigreich verteidigt und der K\u00f6nig wiederbelebt werden. Aber dies ist keine Reise, die der Prinz alleine unternehmen wird. Verb\u00fcndete m\u00fcssen gefunden, Herausforderungen \u00fcberwunden und Strategien entwickelt werden. Das Schicksal des K\u00f6nigreichs liegt in deinen H\u00e4nden \u2013 bist du bereit, den Ruf zum Abenteuer anzunehmen?     <\/p>\n<p>&nbsp;<\/p>\n<p>Funktionen<\/p>\n<ul>\n<li><em>40 lebendige Levels<\/em> &#8211; Erkunde eine Vielzahl mittelalterlicher Landschaften und Szenarien, die diese Zeit zum Leben erwecken.<\/li>\n<li><em>Verbessertes Gameplay<\/em> &#8211; Die klassischen Mechaniken wurden \u00fcberarbeitet und verbessert, um ein noch fl\u00fcssigeres, fesselnderes Erlebnis zu bieten.<\/li>\n<li><em>Mehr-Klick-Option<\/em> &#8211; Planen Sie im Voraus und entwickeln Sie eine Strategie, indem Sie Aufgaben in die Warteschlange stellen, um das Gameplay effizient und lohnend zu gestalten.<\/li>\n<li><em>Versteckte Caches<\/em> &#8211; Entdecke gut versteckte Sch\u00e4tze, die jedem Level eine zus\u00e4tzliche Ebene der Herausforderung und Spannung verleihen.<\/li>\n<li><em>Schwierigkeitsgrade &#8211; W\u00e4hle<\/em> aus vier Modi, die deinem K\u00f6nnen und deinem bevorzugten Tempo entsprechen.<\/li>\n<\/ul>\n<p>&nbsp;<\/p>\n<p>Funktionen der Collector&#8217;s Edition<\/p>\n<ul>\n<li><em>Acht zus\u00e4tzliche Levels &#8211; Genie\u00dfe Bonusinhalte<\/em> , die das Abenteuer verl\u00e4ngern.<\/li>\n<li><em>Atemberaubende Hintergrundbilder<\/em> &#8211; Bringen Sie die Magie des Spiels mit hochwertiger Grafik auf Ihren Desktop.<\/li>\n<li><em>Custom Soundtrack<\/em> &#8211; Tauche mit einem exklusiven Track in die mittelalterliche Atmosph\u00e4re ein.<\/li>\n<li><em>Geheime Cache-Karten<\/em> &#8211; Greife auf detaillierte Karten zu, die dich in jedem Level zu verborgenen Sch\u00e4tzen f\u00fchren.<\/li>\n<\/ul>\n<p>&nbsp;<\/p>\n<p>Egal, ob du ein erfahrener Fan von Roads of Rome oder neu in der Serie bist, <strong>Roads of Middle Ages Collector&#8217;s Edition<\/strong> bietet ein Erlebnis, das Nostalgie mit frischer Spannung verbindet. Mit seiner fesselnden Geschichte, den reichhaltigen Funktionen und Bonusinhalten ist dies nicht nur ein Spiel &#8211; es ist ein mittelalterliches Abenteuer, das stundenlangen Spa\u00df verspricht. <\/p>\n<p>Your Quest Waiting &#8211; <strong>Roads of Middle Ages Collector&#8217;s Edition<\/strong> l\u00e4dt Spieler ein, sich auf eine Reise voller Gefahren, Entdeckungen und Triumphe zu begeben. \u00dcbernimm die Verantwortung, f\u00fchre den Prinzen zum Sieg und verst\u00e4rke das K\u00f6nigreich wieder zu seinem fr\u00fcheren Glanz. <\/p>\n<p>&nbsp;<\/p>\n<p>&nbsp;<\/p>\n<p>&nbsp;<\/p>\n","protected":false},"excerpt":{"rendered":"<p>Schl\u00fcpfe in die Fu\u00dfstapfen eines Helden und lass die Reise beginnen mit <strong>der Roads of Middle Ages Collector&#8217;s Edition<\/strong><\/p>\n","protected":false},"author":79,"featured_media":125077,"comment_status":"open","ping_status":"closed","template":"","meta":{"_acf_changed":false,"inline_featured_image":false},"product_brand":[],"product_cat":[217],"product_tag":[289],"class_list":{"0":"post-126746","1":"product","2":"type-product","3":"status-publish","4":"has-post-thumbnail","6":"product_cat-time-management-de","7":"product_tag-play-on-pc-de","9":"first","10":"instock","11":"shipping-taxable","12":"purchasable","13":"product-type-simple"},"acf":[],"yoast_head":"<!-- This site is optimized with the Yoast SEO Premium plugin v25.2 (Yoast SEO v25.2) - https:\/\/yoast.com\/wordpress\/plugins\/seo\/ -->\n<title>Nimm einen Zauberer gefangen und rette den K\u00f6nig in Roads of Middle Ages!<\/title>\n<meta name=\"description\" content=\"Schl\u00fcpfe in die Fu\u00dfstapfen eines Helden und lass die Reise beginnen mit der Roads of Middle Ages Collector&#039;s Edition\" \/>\n<meta name=\"robots\" content=\"index, follow, max-snippet:-1, max-image-preview:large, max-video-preview:-1\" \/>\n<link rel=\"canonical\" href=\"https:\/\/www.iplay.com\/de\/games\/roads-of-middle-ages-collectors-edition\/\" \/>\n<meta property=\"og:locale\" content=\"de_DE\" \/>\n<meta property=\"og:type\" content=\"article\" \/>\n<meta property=\"og:title\" content=\"Roads of Middle Ages Collector&#039;s Edition\" \/>\n<meta property=\"og:description\" content=\"Schl\u00fcpfe in die Fu\u00dfstapfen eines Helden und lass die Reise beginnen mit der Roads of Middle Ages Collector&#039;s Edition\" \/>\n<meta property=\"og:url\" content=\"https:\/\/www.iplay.com\/de\/games\/roads-of-middle-ages-collectors-edition\/\" \/>\n<meta property=\"og:site_name\" content=\"IPlay\" \/>\n<meta property=\"og:image\" content=\"https:\/\/www.iplay.com\/wp-content\/uploads\/2024\/11\/roads_of_the_middle_ages_ce_large_square_tile_image.webp\" \/>\n\t<meta property=\"og:image:width\" content=\"400\" \/>\n\t<meta property=\"og:image:height\" content=\"400\" \/>\n\t<meta property=\"og:image:type\" content=\"image\/webp\" \/>\n<meta name=\"twitter:card\" content=\"summary_large_image\" \/>\n<meta name=\"twitter:label1\" content=\"Gesch\u00e4tzte Lesezeit\" \/>\n\t<meta name=\"twitter:data1\" content=\"2 Minuten\" \/>\n<script type=\"application\/ld+json\" class=\"yoast-schema-graph\">{\"@context\":\"https:\/\/schema.org\",\"@graph\":[{\"@type\":\"WebPage\",\"@id\":\"https:\/\/www.iplay.com\/de\/games\/roads-of-middle-ages-collectors-edition\/\",\"url\":\"https:\/\/www.iplay.com\/de\/games\/roads-of-middle-ages-collectors-edition\/\",\"name\":\"Nimm einen Zauberer gefangen und rette den K\u00f6nig in Roads of Middle Ages!\",\"isPartOf\":{\"@id\":\"https:\/\/www.iplay.com\/en\/#website\"},\"primaryImageOfPage\":{\"@id\":\"https:\/\/www.iplay.com\/de\/games\/roads-of-middle-ages-collectors-edition\/#primaryimage\"},\"image\":{\"@id\":\"https:\/\/www.iplay.com\/de\/games\/roads-of-middle-ages-collectors-edition\/#primaryimage\"},\"thumbnailUrl\":\"https:\/\/www.iplay.com\/wp-content\/uploads\/2024\/11\/roads_of_the_middle_ages_ce_large_square_tile_image.webp\",\"datePublished\":\"2024-11-29T10:00:49+00:00\",\"description\":\"Schl\u00fcpfe in die Fu\u00dfstapfen eines Helden und lass die Reise beginnen mit der Roads of Middle Ages Collector's Edition\",\"breadcrumb\":{\"@id\":\"https:\/\/www.iplay.com\/de\/games\/roads-of-middle-ages-collectors-edition\/#breadcrumb\"},\"inLanguage\":\"de-DE\",\"potentialAction\":[{\"@type\":\"ReadAction\",\"target\":[\"https:\/\/www.iplay.com\/de\/games\/roads-of-middle-ages-collectors-edition\/\"]}]},{\"@type\":\"ImageObject\",\"inLanguage\":\"de-DE\",\"@id\":\"https:\/\/www.iplay.com\/de\/games\/roads-of-middle-ages-collectors-edition\/#primaryimage\",\"url\":\"https:\/\/www.iplay.com\/wp-content\/uploads\/2024\/11\/roads_of_the_middle_ages_ce_large_square_tile_image.webp\",\"contentUrl\":\"https:\/\/www.iplay.com\/wp-content\/uploads\/2024\/11\/roads_of_the_middle_ages_ce_large_square_tile_image.webp\",\"width\":400,\"height\":400},{\"@type\":\"BreadcrumbList\",\"@id\":\"https:\/\/www.iplay.com\/de\/games\/roads-of-middle-ages-collectors-edition\/#breadcrumb\",\"itemListElement\":[{\"@type\":\"ListItem\",\"position\":1,\"name\":\"Home\",\"item\":\"https:\/\/www.iplay.com\/de\/home-page-2\/\"},{\"@type\":\"ListItem\",\"position\":2,\"name\":\"Shop\",\"item\":\"https:\/\/www.iplay.com\/en\/shop\/\"},{\"@type\":\"ListItem\",\"position\":3,\"name\":\"Roads of Middle Ages Collector&#8217;s Edition\"}]},{\"@type\":\"WebSite\",\"@id\":\"https:\/\/www.iplay.com\/en\/#website\",\"url\":\"https:\/\/www.iplay.com\/en\/\",\"name\":\"IPlay\",\"description\":\"The Best Casual Games!\",\"publisher\":{\"@id\":\"https:\/\/www.iplay.com\/en\/#organization\"},\"potentialAction\":[{\"@type\":\"SearchAction\",\"target\":{\"@type\":\"EntryPoint\",\"urlTemplate\":\"https:\/\/www.iplay.com\/en\/?s={search_term_string}\"},\"query-input\":{\"@type\":\"PropertyValueSpecification\",\"valueRequired\":true,\"valueName\":\"search_term_string\"}}],\"inLanguage\":\"de-DE\"},{\"@type\":\"Organization\",\"@id\":\"https:\/\/www.iplay.com\/en\/#organization\",\"name\":\"IPlay\",\"url\":\"https:\/\/www.iplay.com\/en\/\",\"logo\":{\"@type\":\"ImageObject\",\"inLanguage\":\"de-DE\",\"@id\":\"https:\/\/www.iplay.com\/en\/#\/schema\/logo\/image\/\",\"url\":\"https:\/\/www.iplay.com\/wp-content\/uploads\/2023\/11\/Group-6100.svg\",\"contentUrl\":\"https:\/\/www.iplay.com\/wp-content\/uploads\/2023\/11\/Group-6100.svg\",\"width\":98,\"height\":25,\"caption\":\"IPlay\"},\"image\":{\"@id\":\"https:\/\/www.iplay.com\/en\/#\/schema\/logo\/image\/\"}}]}<\/script>\n<!-- \/ Yoast SEO Premium plugin. -->","yoast_head_json":{"title":"Nimm einen Zauberer gefangen und rette den K\u00f6nig in Roads of Middle Ages!","description":"Schl\u00fcpfe in die Fu\u00dfstapfen eines Helden und lass die Reise beginnen mit der Roads of Middle Ages Collector's Edition","robots":{"index":"index","follow":"follow","max-snippet":"max-snippet:-1","max-image-preview":"max-image-preview:large","max-video-preview":"max-video-preview:-1"},"canonical":"https:\/\/www.iplay.com\/de\/games\/roads-of-middle-ages-collectors-edition\/","og_locale":"de_DE","og_type":"article","og_title":"Roads of Middle Ages Collector's Edition","og_description":"Schl\u00fcpfe in die Fu\u00dfstapfen eines Helden und lass die Reise beginnen mit der Roads of Middle Ages Collector's Edition","og_url":"https:\/\/www.iplay.com\/de\/games\/roads-of-middle-ages-collectors-edition\/","og_site_name":"IPlay","og_image":[{"width":400,"height":400,"url":"https:\/\/www.iplay.com\/wp-content\/uploads\/2024\/11\/roads_of_the_middle_ages_ce_large_square_tile_image.webp","type":"image\/webp"}],"twitter_card":"summary_large_image","twitter_misc":{"Gesch\u00e4tzte Lesezeit":"2 Minuten"},"schema":{"@context":"https:\/\/schema.org","@graph":[{"@type":"WebPage","@id":"https:\/\/www.iplay.com\/de\/games\/roads-of-middle-ages-collectors-edition\/","url":"https:\/\/www.iplay.com\/de\/games\/roads-of-middle-ages-collectors-edition\/","name":"Nimm einen Zauberer gefangen und rette den K\u00f6nig in Roads of Middle Ages!","isPartOf":{"@id":"https:\/\/www.iplay.com\/en\/#website"},"primaryImageOfPage":{"@id":"https:\/\/www.iplay.com\/de\/games\/roads-of-middle-ages-collectors-edition\/#primaryimage"},"image":{"@id":"https:\/\/www.iplay.com\/de\/games\/roads-of-middle-ages-collectors-edition\/#primaryimage"},"thumbnailUrl":"https:\/\/www.iplay.com\/wp-content\/uploads\/2024\/11\/roads_of_the_middle_ages_ce_large_square_tile_image.webp","datePublished":"2024-11-29T10:00:49+00:00","description":"Schl\u00fcpfe in die Fu\u00dfstapfen eines Helden und lass die Reise beginnen mit der Roads of Middle Ages Collector's Edition","breadcrumb":{"@id":"https:\/\/www.iplay.com\/de\/games\/roads-of-middle-ages-collectors-edition\/#breadcrumb"},"inLanguage":"de-DE","potentialAction":[{"@type":"ReadAction","target":["https:\/\/www.iplay.com\/de\/games\/roads-of-middle-ages-collectors-edition\/"]}]},{"@type":"ImageObject","inLanguage":"de-DE","@id":"https:\/\/www.iplay.com\/de\/games\/roads-of-middle-ages-collectors-edition\/#primaryimage","url":"https:\/\/www.iplay.com\/wp-content\/uploads\/2024\/11\/roads_of_the_middle_ages_ce_large_square_tile_image.webp","contentUrl":"https:\/\/www.iplay.com\/wp-content\/uploads\/2024\/11\/roads_of_the_middle_ages_ce_large_square_tile_image.webp","width":400,"height":400},{"@type":"BreadcrumbList","@id":"https:\/\/www.iplay.com\/de\/games\/roads-of-middle-ages-collectors-edition\/#breadcrumb","itemListElement":[{"@type":"ListItem","position":1,"name":"Home","item":"https:\/\/www.iplay.com\/de\/home-page-2\/"},{"@type":"ListItem","position":2,"name":"Shop","item":"https:\/\/www.iplay.com\/en\/shop\/"},{"@type":"ListItem","position":3,"name":"Roads of Middle Ages Collector&#8217;s Edition"}]},{"@type":"WebSite","@id":"https:\/\/www.iplay.com\/en\/#website","url":"https:\/\/www.iplay.com\/en\/","name":"IPlay","description":"The Best Casual Games!","publisher":{"@id":"https:\/\/www.iplay.com\/en\/#organization"},"potentialAction":[{"@type":"SearchAction","target":{"@type":"EntryPoint","urlTemplate":"https:\/\/www.iplay.com\/en\/?s={search_term_string}"},"query-input":{"@type":"PropertyValueSpecification","valueRequired":true,"valueName":"search_term_string"}}],"inLanguage":"de-DE"},{"@type":"Organization","@id":"https:\/\/www.iplay.com\/en\/#organization","name":"IPlay","url":"https:\/\/www.iplay.com\/en\/","logo":{"@type":"ImageObject","inLanguage":"de-DE","@id":"https:\/\/www.iplay.com\/en\/#\/schema\/logo\/image\/","url":"https:\/\/www.iplay.com\/wp-content\/uploads\/2023\/11\/Group-6100.svg","contentUrl":"https:\/\/www.iplay.com\/wp-content\/uploads\/2023\/11\/Group-6100.svg","width":98,"height":25,"caption":"IPlay"},"image":{"@id":"https:\/\/www.iplay.com\/en\/#\/schema\/logo\/image\/"}}]}},"_links":{"self":[{"href":"https:\/\/www.iplay.com\/de\/wp-json\/wp\/v2\/product\/126746","targetHints":{"allow":["GET"]}}],"collection":[{"href":"https:\/\/www.iplay.com\/de\/wp-json\/wp\/v2\/product"}],"about":[{"href":"https:\/\/www.iplay.com\/de\/wp-json\/wp\/v2\/types\/product"}],"author":[{"embeddable":true,"href":"https:\/\/www.iplay.com\/de\/wp-json\/wp\/v2\/users\/79"}],"replies":[{"embeddable":true,"href":"https:\/\/www.iplay.com\/de\/wp-json\/wp\/v2\/comments?post=126746"}],"wp:featuredmedia":[{"embeddable":true,"href":"https:\/\/www.iplay.com\/de\/wp-json\/wp\/v2\/media\/125077"}],"wp:attachment":[{"href":"https:\/\/www.iplay.com\/de\/wp-json\/wp\/v2\/media?parent=126746"}],"wp:term":[{"taxonomy":"product_brand","embeddable":true,"href":"https:\/\/www.iplay.com\/de\/wp-json\/wp\/v2\/product_brand?post=126746"},{"taxonomy":"product_cat","embeddable":true,"href":"https:\/\/www.iplay.com\/de\/wp-json\/wp\/v2\/product_cat?post=126746"},{"taxonomy":"product_tag","embeddable":true,"href":"https:\/\/www.iplay.com\/de\/wp-json\/wp\/v2\/product_tag?post=126746"}],"curies":[{"name":"wp","href":"https:\/\/api.w.org\/{rel}","templated":true}]}}