{"id":126663,"date":"2023-09-01T00:00:01","date_gmt":"2023-09-01T00:00:01","guid":{"rendered":"https:\/\/www.iplay.com\/games\/jewel-match-atlantis-solitaire-4-collectors-edition\/"},"modified":"2025-08-22T10:48:12","modified_gmt":"2025-08-22T10:48:12","slug":"jewel-match-atlantis-solitaire-4-collectors-edition","status":"publish","type":"product","link":"https:\/\/www.iplay.com\/de\/games\/jewel-match-atlantis-solitaire-4-collectors-edition\/","title":{"rendered":"Jewel Match Atlantis Solitaire 4 Collector&#8217;s Edition"},"content":{"rendered":"<p>Erkunde die faszinierenden Tiefen des verzauberten Unterwasserreichs von Atlantis Solit\u00e4r! Erschaffe atemberaubende Unterwasserlandschaften und erkunde eine Reihe herausfordernder Unterwasser-Levels. Nimm es mit den neuesten Supersize-, Challenge- und Match-2-Levels auf und entdecke eine F\u00fclle neuer Solit\u00e4r-Varianten. Um die Vitalit\u00e4t zu erh\u00f6hen und die Attraktivit\u00e4t der Meereslandschaften zu erh\u00f6hen, halten Sie Ausschau nach ungew\u00f6hnlichen Fischen. Verwende Power-Ups, die den Verlauf des Spiels ver\u00e4ndern k\u00f6nnen, w\u00e4hrend du verschiedene Aufgaben durchf\u00fchrst, um Smaragde in vier verschiedenen Spielmodi zu sammeln: Normal, Schwer, Entspannt und Zeitgesteuert. Was auch immer deine bevorzugte Spielmethode ist, mach dich bereit, dich vom fesselnden Gameplay, der wundersch\u00f6nen Grafik und dem beruhigenden Soundtrack begeistern zu lassen. Entdecke die faszinierende Unterwasserwelt in Jewel Match Atlantis Solitaire 4!     <\/p>\n<p>&nbsp;<\/p>\n<p>&nbsp;<\/p>\n<p><strong>Funktionen:<\/strong><\/p>\n<p>&nbsp;<\/p>\n<p>&#8211; Mehr als 1000 Solit\u00e4r-Levels!<br \/>\n&#8211; Sechs Variationen der bekannten Solit\u00e4rspiele Freecell, Spider und Klondike.<br \/>\n&#8211; Es gibt achtzehn zus\u00e4tzliche Solit\u00e4rversionen, wie z. B. Centuria und Pacifico.<br \/>\n&#8211; Zus\u00e4tzliche 120 Mahjong-Levels mit Wiederspielpotenzial!<br \/>\n&#8211; Zehn pr\u00e4chtige Unterwasserpal\u00e4ste zum Bauen.<br \/>\n&#8211; Nimm an Spielmodi wie Zeitgesteuert, Entspannt, Schwer und Normal teil.<br \/>\n&#8211; Die Spiele mit einer Bonusstufe von -2 sind Supersize, Challenge, Sliding und Match.<br \/>\n&#8211; W\u00e4hlen Sie aus einer Auswahl von Kartendecks diejenigen aus, die Sie verwenden m\u00f6chten.<br \/>\n&#8211; Schalten Sie atemberaubende Desktop-Hintergr\u00fcnde frei.<br \/>\n&#8211; Lassen Sie sich von den wunderbaren Melodien verzaubern.<\/p>\n","protected":false},"excerpt":{"rendered":"<p>Erkunde die faszinierenden Tiefen des verzauberten Unterwasserreichs von Atlantis Solit\u00e4r!<\/p>\n","protected":false},"author":20,"featured_media":72214,"comment_status":"open","ping_status":"closed","template":"","meta":{"_acf_changed":false,"inline_featured_image":false},"product_brand":[],"product_cat":[157,206],"product_tag":[263,289],"class_list":{"0":"post-126663","1":"product","2":"type-product","3":"status-publish","4":"has-post-thumbnail","6":"product_cat-card-de-2","7":"product_cat-solitaire-de","8":"product_tag-jewel-match-solitaire-series-de","9":"product_tag-play-on-pc-de","11":"first","12":"instock","13":"shipping-taxable","14":"purchasable","15":"product-type-simple"},"acf":[],"yoast_head":"<!-- This site is optimized with the Yoast SEO Premium plugin v25.2 (Yoast SEO v25.2) - https:\/\/yoast.com\/wordpress\/plugins\/seo\/ -->\n<title>Jewel Match Atlantis Solitaire 4 Collector&#039;s Edition - Tauche ein in die magische Unterwasserwelt von Atlantis Solit\u00e4r<\/title>\n<meta name=\"description\" content=\"Erkunde die faszinierenden Tiefen des verzauberten Unterwasserreichs von Atlantis Solit\u00e4r!\" \/>\n<meta name=\"robots\" content=\"index, follow, max-snippet:-1, max-image-preview:large, max-video-preview:-1\" \/>\n<link rel=\"canonical\" href=\"https:\/\/www.iplay.com\/de\/games\/jewel-match-atlantis-solitaire-4-collectors-edition\/\" \/>\n<meta property=\"og:locale\" content=\"de_DE\" \/>\n<meta property=\"og:type\" content=\"article\" \/>\n<meta property=\"og:title\" content=\"Jewel Match Atlantis Solitaire 4 Collector&#039;s Edition\" \/>\n<meta property=\"og:description\" content=\"Erkunde die faszinierenden Tiefen des verzauberten Unterwasserreichs von Atlantis Solit\u00e4r!\" \/>\n<meta property=\"og:url\" content=\"https:\/\/www.iplay.com\/de\/games\/jewel-match-atlantis-solitaire-4-collectors-edition\/\" \/>\n<meta property=\"og:site_name\" content=\"IPlay\" \/>\n<meta property=\"article:modified_time\" content=\"2025-08-22T10:48:12+00:00\" \/>\n<meta property=\"og:image\" content=\"https:\/\/www.iplay.com\/wp-content\/uploads\/2023\/12\/large_square_tile_image-2005.jpg\" \/>\n\t<meta property=\"og:image:width\" content=\"310\" \/>\n\t<meta property=\"og:image:height\" content=\"310\" \/>\n\t<meta property=\"og:image:type\" content=\"image\/jpeg\" \/>\n<meta name=\"twitter:card\" content=\"summary_large_image\" \/>\n<meta name=\"twitter:label1\" content=\"Gesch\u00e4tzte Lesezeit\" \/>\n\t<meta name=\"twitter:data1\" content=\"1 Minute\" \/>\n<script type=\"application\/ld+json\" class=\"yoast-schema-graph\">{\"@context\":\"https:\/\/schema.org\",\"@graph\":[{\"@type\":\"WebPage\",\"@id\":\"https:\/\/www.iplay.com\/de\/games\/jewel-match-atlantis-solitaire-4-collectors-edition\/\",\"url\":\"https:\/\/www.iplay.com\/de\/games\/jewel-match-atlantis-solitaire-4-collectors-edition\/\",\"name\":\"Jewel Match Atlantis Solitaire 4 Collector's Edition - Tauche ein in die magische Unterwasserwelt von Atlantis Solit\u00e4r\",\"isPartOf\":{\"@id\":\"https:\/\/www.iplay.com\/en\/#website\"},\"primaryImageOfPage\":{\"@id\":\"https:\/\/www.iplay.com\/de\/games\/jewel-match-atlantis-solitaire-4-collectors-edition\/#primaryimage\"},\"image\":{\"@id\":\"https:\/\/www.iplay.com\/de\/games\/jewel-match-atlantis-solitaire-4-collectors-edition\/#primaryimage\"},\"thumbnailUrl\":\"https:\/\/www.iplay.com\/wp-content\/uploads\/2023\/12\/large_square_tile_image-2005.jpg\",\"datePublished\":\"2023-09-01T00:00:01+00:00\",\"dateModified\":\"2025-08-22T10:48:12+00:00\",\"description\":\"Erkunde die faszinierenden Tiefen des verzauberten Unterwasserreichs von Atlantis Solit\u00e4r!\",\"breadcrumb\":{\"@id\":\"https:\/\/www.iplay.com\/de\/games\/jewel-match-atlantis-solitaire-4-collectors-edition\/#breadcrumb\"},\"inLanguage\":\"de-DE\",\"potentialAction\":[{\"@type\":\"ReadAction\",\"target\":[\"https:\/\/www.iplay.com\/de\/games\/jewel-match-atlantis-solitaire-4-collectors-edition\/\"]}]},{\"@type\":\"ImageObject\",\"inLanguage\":\"de-DE\",\"@id\":\"https:\/\/www.iplay.com\/de\/games\/jewel-match-atlantis-solitaire-4-collectors-edition\/#primaryimage\",\"url\":\"https:\/\/www.iplay.com\/wp-content\/uploads\/2023\/12\/large_square_tile_image-2005.jpg\",\"contentUrl\":\"https:\/\/www.iplay.com\/wp-content\/uploads\/2023\/12\/large_square_tile_image-2005.jpg\",\"width\":310,\"height\":310},{\"@type\":\"BreadcrumbList\",\"@id\":\"https:\/\/www.iplay.com\/de\/games\/jewel-match-atlantis-solitaire-4-collectors-edition\/#breadcrumb\",\"itemListElement\":[{\"@type\":\"ListItem\",\"position\":1,\"name\":\"Home\",\"item\":\"https:\/\/www.iplay.com\/de\/home-page-2\/\"},{\"@type\":\"ListItem\",\"position\":2,\"name\":\"Shop\",\"item\":\"https:\/\/www.iplay.com\/en\/shop\/\"},{\"@type\":\"ListItem\",\"position\":3,\"name\":\"Jewel Match Atlantis Solitaire 4 Collector&#8217;s Edition\"}]},{\"@type\":\"WebSite\",\"@id\":\"https:\/\/www.iplay.com\/en\/#website\",\"url\":\"https:\/\/www.iplay.com\/en\/\",\"name\":\"IPlay\",\"description\":\"The Best Casual Games!\",\"publisher\":{\"@id\":\"https:\/\/www.iplay.com\/en\/#organization\"},\"potentialAction\":[{\"@type\":\"SearchAction\",\"target\":{\"@type\":\"EntryPoint\",\"urlTemplate\":\"https:\/\/www.iplay.com\/en\/?s={search_term_string}\"},\"query-input\":{\"@type\":\"PropertyValueSpecification\",\"valueRequired\":true,\"valueName\":\"search_term_string\"}}],\"inLanguage\":\"de-DE\"},{\"@type\":\"Organization\",\"@id\":\"https:\/\/www.iplay.com\/en\/#organization\",\"name\":\"IPlay\",\"url\":\"https:\/\/www.iplay.com\/en\/\",\"logo\":{\"@type\":\"ImageObject\",\"inLanguage\":\"de-DE\",\"@id\":\"https:\/\/www.iplay.com\/en\/#\/schema\/logo\/image\/\",\"url\":\"https:\/\/www.iplay.com\/wp-content\/uploads\/2023\/11\/Group-6100.svg\",\"contentUrl\":\"https:\/\/www.iplay.com\/wp-content\/uploads\/2023\/11\/Group-6100.svg\",\"width\":98,\"height\":25,\"caption\":\"IPlay\"},\"image\":{\"@id\":\"https:\/\/www.iplay.com\/en\/#\/schema\/logo\/image\/\"}}]}<\/script>\n<!-- \/ Yoast SEO Premium plugin. -->","yoast_head_json":{"title":"Jewel Match Atlantis Solitaire 4 Collector's Edition - Tauche ein in die magische Unterwasserwelt von Atlantis Solit\u00e4r","description":"Erkunde die faszinierenden Tiefen des verzauberten Unterwasserreichs von Atlantis Solit\u00e4r!","robots":{"index":"index","follow":"follow","max-snippet":"max-snippet:-1","max-image-preview":"max-image-preview:large","max-video-preview":"max-video-preview:-1"},"canonical":"https:\/\/www.iplay.com\/de\/games\/jewel-match-atlantis-solitaire-4-collectors-edition\/","og_locale":"de_DE","og_type":"article","og_title":"Jewel Match Atlantis Solitaire 4 Collector's Edition","og_description":"Erkunde die faszinierenden Tiefen des verzauberten Unterwasserreichs von Atlantis Solit\u00e4r!","og_url":"https:\/\/www.iplay.com\/de\/games\/jewel-match-atlantis-solitaire-4-collectors-edition\/","og_site_name":"IPlay","article_modified_time":"2025-08-22T10:48:12+00:00","og_image":[{"width":310,"height":310,"url":"https:\/\/www.iplay.com\/wp-content\/uploads\/2023\/12\/large_square_tile_image-2005.jpg","type":"image\/jpeg"}],"twitter_card":"summary_large_image","twitter_misc":{"Gesch\u00e4tzte Lesezeit":"1 Minute"},"schema":{"@context":"https:\/\/schema.org","@graph":[{"@type":"WebPage","@id":"https:\/\/www.iplay.com\/de\/games\/jewel-match-atlantis-solitaire-4-collectors-edition\/","url":"https:\/\/www.iplay.com\/de\/games\/jewel-match-atlantis-solitaire-4-collectors-edition\/","name":"Jewel Match Atlantis Solitaire 4 Collector's Edition - Tauche ein in die magische Unterwasserwelt von Atlantis Solit\u00e4r","isPartOf":{"@id":"https:\/\/www.iplay.com\/en\/#website"},"primaryImageOfPage":{"@id":"https:\/\/www.iplay.com\/de\/games\/jewel-match-atlantis-solitaire-4-collectors-edition\/#primaryimage"},"image":{"@id":"https:\/\/www.iplay.com\/de\/games\/jewel-match-atlantis-solitaire-4-collectors-edition\/#primaryimage"},"thumbnailUrl":"https:\/\/www.iplay.com\/wp-content\/uploads\/2023\/12\/large_square_tile_image-2005.jpg","datePublished":"2023-09-01T00:00:01+00:00","dateModified":"2025-08-22T10:48:12+00:00","description":"Erkunde die faszinierenden Tiefen des verzauberten Unterwasserreichs von Atlantis Solit\u00e4r!","breadcrumb":{"@id":"https:\/\/www.iplay.com\/de\/games\/jewel-match-atlantis-solitaire-4-collectors-edition\/#breadcrumb"},"inLanguage":"de-DE","potentialAction":[{"@type":"ReadAction","target":["https:\/\/www.iplay.com\/de\/games\/jewel-match-atlantis-solitaire-4-collectors-edition\/"]}]},{"@type":"ImageObject","inLanguage":"de-DE","@id":"https:\/\/www.iplay.com\/de\/games\/jewel-match-atlantis-solitaire-4-collectors-edition\/#primaryimage","url":"https:\/\/www.iplay.com\/wp-content\/uploads\/2023\/12\/large_square_tile_image-2005.jpg","contentUrl":"https:\/\/www.iplay.com\/wp-content\/uploads\/2023\/12\/large_square_tile_image-2005.jpg","width":310,"height":310},{"@type":"BreadcrumbList","@id":"https:\/\/www.iplay.com\/de\/games\/jewel-match-atlantis-solitaire-4-collectors-edition\/#breadcrumb","itemListElement":[{"@type":"ListItem","position":1,"name":"Home","item":"https:\/\/www.iplay.com\/de\/home-page-2\/"},{"@type":"ListItem","position":2,"name":"Shop","item":"https:\/\/www.iplay.com\/en\/shop\/"},{"@type":"ListItem","position":3,"name":"Jewel Match Atlantis Solitaire 4 Collector&#8217;s Edition"}]},{"@type":"WebSite","@id":"https:\/\/www.iplay.com\/en\/#website","url":"https:\/\/www.iplay.com\/en\/","name":"IPlay","description":"The Best Casual Games!","publisher":{"@id":"https:\/\/www.iplay.com\/en\/#organization"},"potentialAction":[{"@type":"SearchAction","target":{"@type":"EntryPoint","urlTemplate":"https:\/\/www.iplay.com\/en\/?s={search_term_string}"},"query-input":{"@type":"PropertyValueSpecification","valueRequired":true,"valueName":"search_term_string"}}],"inLanguage":"de-DE"},{"@type":"Organization","@id":"https:\/\/www.iplay.com\/en\/#organization","name":"IPlay","url":"https:\/\/www.iplay.com\/en\/","logo":{"@type":"ImageObject","inLanguage":"de-DE","@id":"https:\/\/www.iplay.com\/en\/#\/schema\/logo\/image\/","url":"https:\/\/www.iplay.com\/wp-content\/uploads\/2023\/11\/Group-6100.svg","contentUrl":"https:\/\/www.iplay.com\/wp-content\/uploads\/2023\/11\/Group-6100.svg","width":98,"height":25,"caption":"IPlay"},"image":{"@id":"https:\/\/www.iplay.com\/en\/#\/schema\/logo\/image\/"}}]}},"_links":{"self":[{"href":"https:\/\/www.iplay.com\/de\/wp-json\/wp\/v2\/product\/126663","targetHints":{"allow":["GET"]}}],"collection":[{"href":"https:\/\/www.iplay.com\/de\/wp-json\/wp\/v2\/product"}],"about":[{"href":"https:\/\/www.iplay.com\/de\/wp-json\/wp\/v2\/types\/product"}],"author":[{"embeddable":true,"href":"https:\/\/www.iplay.com\/de\/wp-json\/wp\/v2\/users\/20"}],"replies":[{"embeddable":true,"href":"https:\/\/www.iplay.com\/de\/wp-json\/wp\/v2\/comments?post=126663"}],"wp:featuredmedia":[{"embeddable":true,"href":"https:\/\/www.iplay.com\/de\/wp-json\/wp\/v2\/media\/72214"}],"wp:attachment":[{"href":"https:\/\/www.iplay.com\/de\/wp-json\/wp\/v2\/media?parent=126663"}],"wp:term":[{"taxonomy":"product_brand","embeddable":true,"href":"https:\/\/www.iplay.com\/de\/wp-json\/wp\/v2\/product_brand?post=126663"},{"taxonomy":"product_cat","embeddable":true,"href":"https:\/\/www.iplay.com\/de\/wp-json\/wp\/v2\/product_cat?post=126663"},{"taxonomy":"product_tag","embeddable":true,"href":"https:\/\/www.iplay.com\/de\/wp-json\/wp\/v2\/product_tag?post=126663"}],"curies":[{"name":"wp","href":"https:\/\/api.w.org\/{rel}","templated":true}]}}