{"id":126650,"date":"2023-03-07T00:00:00","date_gmt":"2023-03-07T00:00:00","guid":{"rendered":"https:\/\/www.iplay.com\/games\/jewel-match-solitaire-x-collectors-edition\/"},"modified":"2025-02-28T16:03:33","modified_gmt":"2025-02-28T16:03:33","slug":"jewel-match-solitaire-x-collectors-edition","status":"publish","type":"product","link":"https:\/\/www.iplay.com\/de\/games\/jewel-match-solitaire-x-collectors-edition\/","title":{"rendered":"Jewel Match Solitaire X Collector&#8217;s Edition"},"content":{"rendered":"<p>Entdecke in diesem brandneuen Solit\u00e4rspiel eine fantastische Kulisse und erwecke pr\u00e4chtige Schl\u00f6sser wieder zum Leben! Spiele mehr als tausend Levels, darunter den brandneuen Slide-Level-Typ, und erhalte Zugang zu traditionellen und neuartigen Solit\u00e4rspielen wie Daisy Garden, Fanny und Carlton! Spiele Mahjong- und Match-2-Levels sowie Supersize- und Herausforderungs-Levels. Du musst an Hindernissen wie Lianen, Aufzug und gefrorenen Karten, Dornen, Ketten und B\u00e4ndern vorbeigehen, um die zus\u00e4tzlichen Juwelen und Bargeld in jedem Level zu sammeln. Schauen Sie im Gesch\u00e4ft vorbei, um ma\u00dfgeschneidertes Zubeh\u00f6r zu erhalten, das Ihnen auf Ihrer Reise hilft. W\u00e4hle aus vier verschiedenen Spieltypen und einer Auswahl an Kartendecks. Um neue Verbesserungen f\u00fcr jedes Szenario zu kaufen, suche nach jedem Level nach Edelsteinen und M\u00fcnzen.      <\/p>\n<p>&nbsp;<\/p>\n<p>&nbsp;<\/p>\n<p><strong>Funktionen:<\/strong><\/p>\n<p>&nbsp;<\/p>\n<p>&#8211; \u00dcber tausend Solit\u00e4r-Levels!<br \/>\n&#8211; Sechs traditionelle Solit\u00e4rspiele, darunter Freecell, Spider und Klondike<br \/>\n &#8211; Achtzehn weitere Solit\u00e4r-Varianten, wie 32 Thieves oder Deuces<br \/>\n &#8211; 120 zus\u00e4tzliche wiederspielbare Mahjong-Levels!<br \/>\n&#8211; Zehn pr\u00e4chtige Pal\u00e4ste zum Bauen.<br \/>\n&#8211; Spiele in vier verschiedenen Spielmodi: Zeitgesteuert, Entspannt, Schwer und Normal.<br \/>\n&#8211; Erkunden Sie die k\u00fcrzlich eingef\u00fchrten Schiebeeben.<br \/>\n&#8211; Spiele Match-2-, Supersize- und Herausforderungs-Bonuslevel.<br \/>\n&#8211; Ziele erf\u00fcllen. W\u00e4hle aus einer Vielzahl von Kartendecks, mit denen du spielen kannst.<br \/>\n&#8211; Holen Sie sich atemberaubende Desktop-Hintergr\u00fcnde, indem Sie sie freischalten.<br \/>\n&#8211; Beruhigen Sie sich mit einem beruhigenden Soundtrack.<\/p>\n","protected":false},"excerpt":{"rendered":"<p>Entdecke einen erstaunlichen Kosmos, w\u00e4hrend du dieses neue Solit\u00e4r-Abenteuer spielst!<\/p>\n","protected":false},"author":20,"featured_media":33037,"comment_status":"open","ping_status":"closed","template":"","meta":{"_acf_changed":false,"inline_featured_image":false},"product_brand":[],"product_cat":[157,206],"product_tag":[263,289],"class_list":{"0":"post-126650","1":"product","2":"type-product","3":"status-publish","4":"has-post-thumbnail","6":"product_cat-card-de-2","7":"product_cat-solitaire-de","8":"product_tag-jewel-match-solitaire-series-de","9":"product_tag-play-on-pc-de","11":"first","12":"instock","13":"shipping-taxable","14":"purchasable","15":"product-type-simple"},"acf":[],"yoast_head":"<!-- This site is optimized with the Yoast SEO Premium plugin v25.2 (Yoast SEO v25.2) - https:\/\/yoast.com\/wordpress\/plugins\/seo\/ -->\n<title>Jewel Match Solitaire X Collector&#039;s Edition - Erkunde ein faszinierendes Universum in diesem neuen Solit\u00e4r-Abenteuer<\/title>\n<meta name=\"description\" content=\"Entdecke einen erstaunlichen Kosmos, w\u00e4hrend du dieses neue Solit\u00e4r-Abenteuer spielst!\" \/>\n<meta name=\"robots\" content=\"index, follow, max-snippet:-1, max-image-preview:large, max-video-preview:-1\" \/>\n<link rel=\"canonical\" href=\"https:\/\/www.iplay.com\/de\/games\/jewel-match-solitaire-x-collectors-edition\/\" \/>\n<meta property=\"og:locale\" content=\"de_DE\" \/>\n<meta property=\"og:type\" content=\"article\" \/>\n<meta property=\"og:title\" content=\"Jewel Match Solitaire X Collector&#039;s Edition\" \/>\n<meta property=\"og:description\" content=\"Entdecke einen erstaunlichen Kosmos, w\u00e4hrend du dieses neue Solit\u00e4r-Abenteuer spielst!\" \/>\n<meta property=\"og:url\" content=\"https:\/\/www.iplay.com\/de\/games\/jewel-match-solitaire-x-collectors-edition\/\" \/>\n<meta property=\"og:site_name\" content=\"IPlay\" \/>\n<meta property=\"article:modified_time\" content=\"2025-02-28T16:03:33+00:00\" \/>\n<meta property=\"og:image\" content=\"https:\/\/www.iplay.com\/wp-content\/uploads\/2024\/02\/JMSolitaireX_Slider.webp\" \/>\n\t<meta property=\"og:image:width\" content=\"715\" \/>\n\t<meta property=\"og:image:height\" content=\"485\" \/>\n\t<meta property=\"og:image:type\" content=\"image\/webp\" \/>\n<meta name=\"twitter:card\" content=\"summary_large_image\" \/>\n<meta name=\"twitter:label1\" content=\"Gesch\u00e4tzte Lesezeit\" \/>\n\t<meta name=\"twitter:data1\" content=\"1 Minute\" \/>\n<script type=\"application\/ld+json\" class=\"yoast-schema-graph\">{\"@context\":\"https:\/\/schema.org\",\"@graph\":[{\"@type\":\"WebPage\",\"@id\":\"https:\/\/www.iplay.com\/de\/games\/jewel-match-solitaire-x-collectors-edition\/\",\"url\":\"https:\/\/www.iplay.com\/de\/games\/jewel-match-solitaire-x-collectors-edition\/\",\"name\":\"Jewel Match Solitaire X Collector's Edition - Erkunde ein faszinierendes Universum in diesem neuen Solit\u00e4r-Abenteuer\",\"isPartOf\":{\"@id\":\"https:\/\/www.iplay.com\/en\/#website\"},\"primaryImageOfPage\":{\"@id\":\"https:\/\/www.iplay.com\/de\/games\/jewel-match-solitaire-x-collectors-edition\/#primaryimage\"},\"image\":{\"@id\":\"https:\/\/www.iplay.com\/de\/games\/jewel-match-solitaire-x-collectors-edition\/#primaryimage\"},\"thumbnailUrl\":\"https:\/\/www.iplay.com\/wp-content\/uploads\/2024\/02\/JMSolitaireX_Slider.webp\",\"datePublished\":\"2023-03-07T00:00:00+00:00\",\"dateModified\":\"2025-02-28T16:03:33+00:00\",\"description\":\"Entdecke einen erstaunlichen Kosmos, w\u00e4hrend du dieses neue Solit\u00e4r-Abenteuer spielst!\",\"breadcrumb\":{\"@id\":\"https:\/\/www.iplay.com\/de\/games\/jewel-match-solitaire-x-collectors-edition\/#breadcrumb\"},\"inLanguage\":\"de-DE\",\"potentialAction\":[{\"@type\":\"ReadAction\",\"target\":[\"https:\/\/www.iplay.com\/de\/games\/jewel-match-solitaire-x-collectors-edition\/\"]}]},{\"@type\":\"ImageObject\",\"inLanguage\":\"de-DE\",\"@id\":\"https:\/\/www.iplay.com\/de\/games\/jewel-match-solitaire-x-collectors-edition\/#primaryimage\",\"url\":\"https:\/\/www.iplay.com\/wp-content\/uploads\/2024\/02\/JMSolitaireX_Slider.webp\",\"contentUrl\":\"https:\/\/www.iplay.com\/wp-content\/uploads\/2024\/02\/JMSolitaireX_Slider.webp\",\"width\":715,\"height\":485},{\"@type\":\"BreadcrumbList\",\"@id\":\"https:\/\/www.iplay.com\/de\/games\/jewel-match-solitaire-x-collectors-edition\/#breadcrumb\",\"itemListElement\":[{\"@type\":\"ListItem\",\"position\":1,\"name\":\"Home\",\"item\":\"https:\/\/www.iplay.com\/de\/home-page-2\/\"},{\"@type\":\"ListItem\",\"position\":2,\"name\":\"Shop\",\"item\":\"https:\/\/www.iplay.com\/en\/shop\/\"},{\"@type\":\"ListItem\",\"position\":3,\"name\":\"Jewel Match Solitaire X Collector&#8217;s Edition\"}]},{\"@type\":\"WebSite\",\"@id\":\"https:\/\/www.iplay.com\/en\/#website\",\"url\":\"https:\/\/www.iplay.com\/en\/\",\"name\":\"IPlay\",\"description\":\"The Best Casual Games!\",\"publisher\":{\"@id\":\"https:\/\/www.iplay.com\/en\/#organization\"},\"potentialAction\":[{\"@type\":\"SearchAction\",\"target\":{\"@type\":\"EntryPoint\",\"urlTemplate\":\"https:\/\/www.iplay.com\/en\/?s={search_term_string}\"},\"query-input\":{\"@type\":\"PropertyValueSpecification\",\"valueRequired\":true,\"valueName\":\"search_term_string\"}}],\"inLanguage\":\"de-DE\"},{\"@type\":\"Organization\",\"@id\":\"https:\/\/www.iplay.com\/en\/#organization\",\"name\":\"IPlay\",\"url\":\"https:\/\/www.iplay.com\/en\/\",\"logo\":{\"@type\":\"ImageObject\",\"inLanguage\":\"de-DE\",\"@id\":\"https:\/\/www.iplay.com\/en\/#\/schema\/logo\/image\/\",\"url\":\"https:\/\/www.iplay.com\/wp-content\/uploads\/2023\/11\/Group-6100.svg\",\"contentUrl\":\"https:\/\/www.iplay.com\/wp-content\/uploads\/2023\/11\/Group-6100.svg\",\"width\":98,\"height\":25,\"caption\":\"IPlay\"},\"image\":{\"@id\":\"https:\/\/www.iplay.com\/en\/#\/schema\/logo\/image\/\"}}]}<\/script>\n<!-- \/ Yoast SEO Premium plugin. -->","yoast_head_json":{"title":"Jewel Match Solitaire X Collector's Edition - Erkunde ein faszinierendes Universum in diesem neuen Solit\u00e4r-Abenteuer","description":"Entdecke einen erstaunlichen Kosmos, w\u00e4hrend du dieses neue Solit\u00e4r-Abenteuer spielst!","robots":{"index":"index","follow":"follow","max-snippet":"max-snippet:-1","max-image-preview":"max-image-preview:large","max-video-preview":"max-video-preview:-1"},"canonical":"https:\/\/www.iplay.com\/de\/games\/jewel-match-solitaire-x-collectors-edition\/","og_locale":"de_DE","og_type":"article","og_title":"Jewel Match Solitaire X Collector's Edition","og_description":"Entdecke einen erstaunlichen Kosmos, w\u00e4hrend du dieses neue Solit\u00e4r-Abenteuer spielst!","og_url":"https:\/\/www.iplay.com\/de\/games\/jewel-match-solitaire-x-collectors-edition\/","og_site_name":"IPlay","article_modified_time":"2025-02-28T16:03:33+00:00","og_image":[{"width":715,"height":485,"url":"https:\/\/www.iplay.com\/wp-content\/uploads\/2024\/02\/JMSolitaireX_Slider.webp","type":"image\/webp"}],"twitter_card":"summary_large_image","twitter_misc":{"Gesch\u00e4tzte Lesezeit":"1 Minute"},"schema":{"@context":"https:\/\/schema.org","@graph":[{"@type":"WebPage","@id":"https:\/\/www.iplay.com\/de\/games\/jewel-match-solitaire-x-collectors-edition\/","url":"https:\/\/www.iplay.com\/de\/games\/jewel-match-solitaire-x-collectors-edition\/","name":"Jewel Match Solitaire X Collector's Edition - Erkunde ein faszinierendes Universum in diesem neuen Solit\u00e4r-Abenteuer","isPartOf":{"@id":"https:\/\/www.iplay.com\/en\/#website"},"primaryImageOfPage":{"@id":"https:\/\/www.iplay.com\/de\/games\/jewel-match-solitaire-x-collectors-edition\/#primaryimage"},"image":{"@id":"https:\/\/www.iplay.com\/de\/games\/jewel-match-solitaire-x-collectors-edition\/#primaryimage"},"thumbnailUrl":"https:\/\/www.iplay.com\/wp-content\/uploads\/2024\/02\/JMSolitaireX_Slider.webp","datePublished":"2023-03-07T00:00:00+00:00","dateModified":"2025-02-28T16:03:33+00:00","description":"Entdecke einen erstaunlichen Kosmos, w\u00e4hrend du dieses neue Solit\u00e4r-Abenteuer spielst!","breadcrumb":{"@id":"https:\/\/www.iplay.com\/de\/games\/jewel-match-solitaire-x-collectors-edition\/#breadcrumb"},"inLanguage":"de-DE","potentialAction":[{"@type":"ReadAction","target":["https:\/\/www.iplay.com\/de\/games\/jewel-match-solitaire-x-collectors-edition\/"]}]},{"@type":"ImageObject","inLanguage":"de-DE","@id":"https:\/\/www.iplay.com\/de\/games\/jewel-match-solitaire-x-collectors-edition\/#primaryimage","url":"https:\/\/www.iplay.com\/wp-content\/uploads\/2024\/02\/JMSolitaireX_Slider.webp","contentUrl":"https:\/\/www.iplay.com\/wp-content\/uploads\/2024\/02\/JMSolitaireX_Slider.webp","width":715,"height":485},{"@type":"BreadcrumbList","@id":"https:\/\/www.iplay.com\/de\/games\/jewel-match-solitaire-x-collectors-edition\/#breadcrumb","itemListElement":[{"@type":"ListItem","position":1,"name":"Home","item":"https:\/\/www.iplay.com\/de\/home-page-2\/"},{"@type":"ListItem","position":2,"name":"Shop","item":"https:\/\/www.iplay.com\/en\/shop\/"},{"@type":"ListItem","position":3,"name":"Jewel Match Solitaire X Collector&#8217;s Edition"}]},{"@type":"WebSite","@id":"https:\/\/www.iplay.com\/en\/#website","url":"https:\/\/www.iplay.com\/en\/","name":"IPlay","description":"The Best Casual Games!","publisher":{"@id":"https:\/\/www.iplay.com\/en\/#organization"},"potentialAction":[{"@type":"SearchAction","target":{"@type":"EntryPoint","urlTemplate":"https:\/\/www.iplay.com\/en\/?s={search_term_string}"},"query-input":{"@type":"PropertyValueSpecification","valueRequired":true,"valueName":"search_term_string"}}],"inLanguage":"de-DE"},{"@type":"Organization","@id":"https:\/\/www.iplay.com\/en\/#organization","name":"IPlay","url":"https:\/\/www.iplay.com\/en\/","logo":{"@type":"ImageObject","inLanguage":"de-DE","@id":"https:\/\/www.iplay.com\/en\/#\/schema\/logo\/image\/","url":"https:\/\/www.iplay.com\/wp-content\/uploads\/2023\/11\/Group-6100.svg","contentUrl":"https:\/\/www.iplay.com\/wp-content\/uploads\/2023\/11\/Group-6100.svg","width":98,"height":25,"caption":"IPlay"},"image":{"@id":"https:\/\/www.iplay.com\/en\/#\/schema\/logo\/image\/"}}]}},"_links":{"self":[{"href":"https:\/\/www.iplay.com\/de\/wp-json\/wp\/v2\/product\/126650","targetHints":{"allow":["GET"]}}],"collection":[{"href":"https:\/\/www.iplay.com\/de\/wp-json\/wp\/v2\/product"}],"about":[{"href":"https:\/\/www.iplay.com\/de\/wp-json\/wp\/v2\/types\/product"}],"author":[{"embeddable":true,"href":"https:\/\/www.iplay.com\/de\/wp-json\/wp\/v2\/users\/20"}],"replies":[{"embeddable":true,"href":"https:\/\/www.iplay.com\/de\/wp-json\/wp\/v2\/comments?post=126650"}],"wp:featuredmedia":[{"embeddable":true,"href":"https:\/\/www.iplay.com\/de\/wp-json\/wp\/v2\/media\/33037"}],"wp:attachment":[{"href":"https:\/\/www.iplay.com\/de\/wp-json\/wp\/v2\/media?parent=126650"}],"wp:term":[{"taxonomy":"product_brand","embeddable":true,"href":"https:\/\/www.iplay.com\/de\/wp-json\/wp\/v2\/product_brand?post=126650"},{"taxonomy":"product_cat","embeddable":true,"href":"https:\/\/www.iplay.com\/de\/wp-json\/wp\/v2\/product_cat?post=126650"},{"taxonomy":"product_tag","embeddable":true,"href":"https:\/\/www.iplay.com\/de\/wp-json\/wp\/v2\/product_tag?post=126650"}],"curies":[{"name":"wp","href":"https:\/\/api.w.org\/{rel}","templated":true}]}}