{"id":126649,"date":"2023-03-14T00:00:00","date_gmt":"2023-03-14T00:00:00","guid":{"rendered":"https:\/\/www.iplay.com\/games\/jewel-match-atlantis-solitaire-3-ce\/"},"modified":"2025-02-28T16:03:40","modified_gmt":"2025-02-28T16:03:40","slug":"jewel-match-atlantis-solitaire-3-ce","status":"publish","type":"product","link":"https:\/\/www.iplay.com\/de\/games\/jewel-match-atlantis-solitaire-3-ce\/","title":{"rendered":"Jewel Match Atlantis Solitaire 3 CE"},"content":{"rendered":"<p>Nehmen Sie an einem v\u00f6llig neuen Atlantis Solit\u00e4r-Erlebnis teil! Erschaffe atemberaubende Wasserlandschaften und erkunde Hunderte von realistischen Wasserleveln, um Atlantis wieder in seinem fr\u00fcheren Glanz erstrahlen zu lassen. L\u00f6se die neuen Match-2-Level-Typen, um klassische und Bonus-Solit\u00e4r-Varianten wie Colonel, Elba und Ambassador freizuschalten. Stelle dich dem gerissenen Kraken und der Fahrstuhl-Spielmechanik. Du kannst dich auf zus\u00e4tzliche Mahjong-Levels freuen, zusammen mit Supersize- und Challenge-Levels. Schalte zus\u00e4tzliche Fische frei, um den Reiz der Szenerie zu erh\u00f6hen, indem du sie mit ihnen f\u00fcllst. Spiele eine Reihe von Aktivit\u00e4ten in 4 verschiedenen Spielmodi: Normal, Schwer, Entspannt und Zeitgesteuert. Verdiene Smaragde und setze Powerups ein, die den Verlauf des Spiels ver\u00e4ndern k\u00f6nnen. Unabh\u00e4ngig von deinem Spielstil wirst du von der fesselnden Action, den atemberaubenden Sehensw\u00fcrdigkeiten und der beruhigenden Musik begeistert sein. Tauchen Sie ein in die faszinierende Welt von Jewel Match Atlantis Solitaire 3 und verlieren Sie sich!         <\/p>\n<p>&nbsp;<\/p>\n<p>&nbsp;<\/p>\n<p><strong>Funktionen:<\/strong><\/p>\n<p>&nbsp;<\/p>\n<p>&#8211; 800+ Solit\u00e4r-Levels.<br \/>\n&#8211; Erkunde die neuesten Supersize-, Challenge- und Match-2-Stages.<br \/>\n&#8211; Sechs traditionelle Solit\u00e4rspiele, darunter Freecell, Spider und Klondike.<br \/>\n&#8211; 18 weitere Variationen von Solit\u00e4r, wie Double Wasp und Sir Tommy.<br \/>\n&#8211; 120 zus\u00e4tzliche wiederspielbare Mahjong-Levels!<br \/>\n&#8211; Zehn atemberaubende Unterwasserszenen zum Erschaffen.<br \/>\n&#8211; Schalte vierzig Meeresfische frei, um die Wasserlandschaften zu f\u00fcllen.<br \/>\n&#8211; Schlie\u00dfe viele Quests ab. W\u00e4hle aus einer Vielzahl von Kartendecks, mit denen du spielen kannst. Mehrere Power-Ups und Spielvarianten.<br \/>\n&#8211; Spiele in vier verschiedenen Spielmodi: Zeitgesteuert, Entspannt, Schwer und Normal.<br \/>\n&#8211; Schalte Hintergr\u00fcnde f\u00fcr jede Meeresszene frei!<br \/>\n&#8211; Der Soundtrack ist beruhigend und instrumental.<\/p>\n","protected":false},"excerpt":{"rendered":"<p>Nimm an einem v\u00f6llig neuen Atlantis Solit\u00e4r-Spiel teil! Im Jewel Match Solit\u00e4r Atlantis 3 CE <\/p>\n","protected":false},"author":20,"featured_media":74054,"comment_status":"open","ping_status":"closed","template":"","meta":{"_acf_changed":false,"inline_featured_image":false},"product_brand":[],"product_cat":[157,206],"product_tag":[263,289],"class_list":{"0":"post-126649","1":"product","2":"type-product","3":"status-publish","4":"has-post-thumbnail","6":"product_cat-card-de-2","7":"product_cat-solitaire-de","8":"product_tag-jewel-match-solitaire-series-de","9":"product_tag-play-on-pc-de","11":"first","12":"instock","13":"shipping-taxable","14":"purchasable","15":"product-type-simple"},"acf":[],"yoast_head":"<!-- This site is optimized with the Yoast SEO Premium plugin v25.2 (Yoast SEO v25.2) - https:\/\/yoast.com\/wordpress\/plugins\/seo\/ -->\n<title>Jewel Match Atlantis Solit\u00e4r 3 CE - Atlantis Solit\u00e4r in Jewel Match Atlantis Solit\u00e4r 3 - CE<\/title>\n<meta name=\"description\" content=\"Nimm an einem v\u00f6llig neuen Atlantis Solit\u00e4r-Spiel teil! Im Jewel Match Solit\u00e4r Atlantis 3 CE\" \/>\n<meta name=\"robots\" content=\"index, follow, max-snippet:-1, max-image-preview:large, max-video-preview:-1\" \/>\n<link rel=\"canonical\" href=\"https:\/\/www.iplay.com\/de\/games\/jewel-match-atlantis-solitaire-3-ce\/\" \/>\n<meta property=\"og:locale\" content=\"de_DE\" \/>\n<meta property=\"og:type\" content=\"article\" \/>\n<meta property=\"og:title\" content=\"Jewel Match Atlantis Solitaire 3 CE\" \/>\n<meta property=\"og:description\" content=\"Nimm an einem v\u00f6llig neuen Atlantis Solit\u00e4r-Spiel teil! Im Jewel Match Solit\u00e4r Atlantis 3 CE\" \/>\n<meta property=\"og:url\" content=\"https:\/\/www.iplay.com\/de\/games\/jewel-match-atlantis-solitaire-3-ce\/\" \/>\n<meta property=\"og:site_name\" content=\"IPlay\" \/>\n<meta property=\"article:modified_time\" content=\"2025-02-28T16:03:40+00:00\" \/>\n<meta property=\"og:image\" content=\"https:\/\/www.iplay.com\/wp-content\/uploads\/2023\/12\/large_square_tile_image-2122.jpg\" \/>\n\t<meta property=\"og:image:width\" content=\"310\" \/>\n\t<meta property=\"og:image:height\" content=\"310\" \/>\n\t<meta property=\"og:image:type\" content=\"image\/jpeg\" \/>\n<meta name=\"twitter:card\" content=\"summary_large_image\" \/>\n<meta name=\"twitter:label1\" content=\"Gesch\u00e4tzte Lesezeit\" \/>\n\t<meta name=\"twitter:data1\" content=\"1 Minute\" \/>\n<script type=\"application\/ld+json\" class=\"yoast-schema-graph\">{\"@context\":\"https:\/\/schema.org\",\"@graph\":[{\"@type\":\"WebPage\",\"@id\":\"https:\/\/www.iplay.com\/de\/games\/jewel-match-atlantis-solitaire-3-ce\/\",\"url\":\"https:\/\/www.iplay.com\/de\/games\/jewel-match-atlantis-solitaire-3-ce\/\",\"name\":\"Jewel Match Atlantis Solit\u00e4r 3 CE - Atlantis Solit\u00e4r in Jewel Match Atlantis Solit\u00e4r 3 - CE\",\"isPartOf\":{\"@id\":\"https:\/\/www.iplay.com\/en\/#website\"},\"primaryImageOfPage\":{\"@id\":\"https:\/\/www.iplay.com\/de\/games\/jewel-match-atlantis-solitaire-3-ce\/#primaryimage\"},\"image\":{\"@id\":\"https:\/\/www.iplay.com\/de\/games\/jewel-match-atlantis-solitaire-3-ce\/#primaryimage\"},\"thumbnailUrl\":\"https:\/\/www.iplay.com\/wp-content\/uploads\/2023\/12\/large_square_tile_image-2122.jpg\",\"datePublished\":\"2023-03-14T00:00:00+00:00\",\"dateModified\":\"2025-02-28T16:03:40+00:00\",\"description\":\"Nimm an einem v\u00f6llig neuen Atlantis Solit\u00e4r-Spiel teil! Im Jewel Match Solit\u00e4r Atlantis 3 CE\",\"breadcrumb\":{\"@id\":\"https:\/\/www.iplay.com\/de\/games\/jewel-match-atlantis-solitaire-3-ce\/#breadcrumb\"},\"inLanguage\":\"de-DE\",\"potentialAction\":[{\"@type\":\"ReadAction\",\"target\":[\"https:\/\/www.iplay.com\/de\/games\/jewel-match-atlantis-solitaire-3-ce\/\"]}]},{\"@type\":\"ImageObject\",\"inLanguage\":\"de-DE\",\"@id\":\"https:\/\/www.iplay.com\/de\/games\/jewel-match-atlantis-solitaire-3-ce\/#primaryimage\",\"url\":\"https:\/\/www.iplay.com\/wp-content\/uploads\/2023\/12\/large_square_tile_image-2122.jpg\",\"contentUrl\":\"https:\/\/www.iplay.com\/wp-content\/uploads\/2023\/12\/large_square_tile_image-2122.jpg\",\"width\":310,\"height\":310},{\"@type\":\"BreadcrumbList\",\"@id\":\"https:\/\/www.iplay.com\/de\/games\/jewel-match-atlantis-solitaire-3-ce\/#breadcrumb\",\"itemListElement\":[{\"@type\":\"ListItem\",\"position\":1,\"name\":\"Home\",\"item\":\"https:\/\/www.iplay.com\/de\/home-page-2\/\"},{\"@type\":\"ListItem\",\"position\":2,\"name\":\"Shop\",\"item\":\"https:\/\/www.iplay.com\/en\/shop\/\"},{\"@type\":\"ListItem\",\"position\":3,\"name\":\"Jewel Match Atlantis Solitaire 3 CE\"}]},{\"@type\":\"WebSite\",\"@id\":\"https:\/\/www.iplay.com\/en\/#website\",\"url\":\"https:\/\/www.iplay.com\/en\/\",\"name\":\"IPlay\",\"description\":\"The Best Casual Games!\",\"publisher\":{\"@id\":\"https:\/\/www.iplay.com\/en\/#organization\"},\"potentialAction\":[{\"@type\":\"SearchAction\",\"target\":{\"@type\":\"EntryPoint\",\"urlTemplate\":\"https:\/\/www.iplay.com\/en\/?s={search_term_string}\"},\"query-input\":{\"@type\":\"PropertyValueSpecification\",\"valueRequired\":true,\"valueName\":\"search_term_string\"}}],\"inLanguage\":\"de-DE\"},{\"@type\":\"Organization\",\"@id\":\"https:\/\/www.iplay.com\/en\/#organization\",\"name\":\"IPlay\",\"url\":\"https:\/\/www.iplay.com\/en\/\",\"logo\":{\"@type\":\"ImageObject\",\"inLanguage\":\"de-DE\",\"@id\":\"https:\/\/www.iplay.com\/en\/#\/schema\/logo\/image\/\",\"url\":\"https:\/\/www.iplay.com\/wp-content\/uploads\/2023\/11\/Group-6100.svg\",\"contentUrl\":\"https:\/\/www.iplay.com\/wp-content\/uploads\/2023\/11\/Group-6100.svg\",\"width\":98,\"height\":25,\"caption\":\"IPlay\"},\"image\":{\"@id\":\"https:\/\/www.iplay.com\/en\/#\/schema\/logo\/image\/\"}}]}<\/script>\n<!-- \/ Yoast SEO Premium plugin. -->","yoast_head_json":{"title":"Jewel Match Atlantis Solit\u00e4r 3 CE - Atlantis Solit\u00e4r in Jewel Match Atlantis Solit\u00e4r 3 - CE","description":"Nimm an einem v\u00f6llig neuen Atlantis Solit\u00e4r-Spiel teil! Im Jewel Match Solit\u00e4r Atlantis 3 CE","robots":{"index":"index","follow":"follow","max-snippet":"max-snippet:-1","max-image-preview":"max-image-preview:large","max-video-preview":"max-video-preview:-1"},"canonical":"https:\/\/www.iplay.com\/de\/games\/jewel-match-atlantis-solitaire-3-ce\/","og_locale":"de_DE","og_type":"article","og_title":"Jewel Match Atlantis Solitaire 3 CE","og_description":"Nimm an einem v\u00f6llig neuen Atlantis Solit\u00e4r-Spiel teil! Im Jewel Match Solit\u00e4r Atlantis 3 CE","og_url":"https:\/\/www.iplay.com\/de\/games\/jewel-match-atlantis-solitaire-3-ce\/","og_site_name":"IPlay","article_modified_time":"2025-02-28T16:03:40+00:00","og_image":[{"width":310,"height":310,"url":"https:\/\/www.iplay.com\/wp-content\/uploads\/2023\/12\/large_square_tile_image-2122.jpg","type":"image\/jpeg"}],"twitter_card":"summary_large_image","twitter_misc":{"Gesch\u00e4tzte Lesezeit":"1 Minute"},"schema":{"@context":"https:\/\/schema.org","@graph":[{"@type":"WebPage","@id":"https:\/\/www.iplay.com\/de\/games\/jewel-match-atlantis-solitaire-3-ce\/","url":"https:\/\/www.iplay.com\/de\/games\/jewel-match-atlantis-solitaire-3-ce\/","name":"Jewel Match Atlantis Solit\u00e4r 3 CE - Atlantis Solit\u00e4r in Jewel Match Atlantis Solit\u00e4r 3 - CE","isPartOf":{"@id":"https:\/\/www.iplay.com\/en\/#website"},"primaryImageOfPage":{"@id":"https:\/\/www.iplay.com\/de\/games\/jewel-match-atlantis-solitaire-3-ce\/#primaryimage"},"image":{"@id":"https:\/\/www.iplay.com\/de\/games\/jewel-match-atlantis-solitaire-3-ce\/#primaryimage"},"thumbnailUrl":"https:\/\/www.iplay.com\/wp-content\/uploads\/2023\/12\/large_square_tile_image-2122.jpg","datePublished":"2023-03-14T00:00:00+00:00","dateModified":"2025-02-28T16:03:40+00:00","description":"Nimm an einem v\u00f6llig neuen Atlantis Solit\u00e4r-Spiel teil! Im Jewel Match Solit\u00e4r Atlantis 3 CE","breadcrumb":{"@id":"https:\/\/www.iplay.com\/de\/games\/jewel-match-atlantis-solitaire-3-ce\/#breadcrumb"},"inLanguage":"de-DE","potentialAction":[{"@type":"ReadAction","target":["https:\/\/www.iplay.com\/de\/games\/jewel-match-atlantis-solitaire-3-ce\/"]}]},{"@type":"ImageObject","inLanguage":"de-DE","@id":"https:\/\/www.iplay.com\/de\/games\/jewel-match-atlantis-solitaire-3-ce\/#primaryimage","url":"https:\/\/www.iplay.com\/wp-content\/uploads\/2023\/12\/large_square_tile_image-2122.jpg","contentUrl":"https:\/\/www.iplay.com\/wp-content\/uploads\/2023\/12\/large_square_tile_image-2122.jpg","width":310,"height":310},{"@type":"BreadcrumbList","@id":"https:\/\/www.iplay.com\/de\/games\/jewel-match-atlantis-solitaire-3-ce\/#breadcrumb","itemListElement":[{"@type":"ListItem","position":1,"name":"Home","item":"https:\/\/www.iplay.com\/de\/home-page-2\/"},{"@type":"ListItem","position":2,"name":"Shop","item":"https:\/\/www.iplay.com\/en\/shop\/"},{"@type":"ListItem","position":3,"name":"Jewel Match Atlantis Solitaire 3 CE"}]},{"@type":"WebSite","@id":"https:\/\/www.iplay.com\/en\/#website","url":"https:\/\/www.iplay.com\/en\/","name":"IPlay","description":"The Best Casual Games!","publisher":{"@id":"https:\/\/www.iplay.com\/en\/#organization"},"potentialAction":[{"@type":"SearchAction","target":{"@type":"EntryPoint","urlTemplate":"https:\/\/www.iplay.com\/en\/?s={search_term_string}"},"query-input":{"@type":"PropertyValueSpecification","valueRequired":true,"valueName":"search_term_string"}}],"inLanguage":"de-DE"},{"@type":"Organization","@id":"https:\/\/www.iplay.com\/en\/#organization","name":"IPlay","url":"https:\/\/www.iplay.com\/en\/","logo":{"@type":"ImageObject","inLanguage":"de-DE","@id":"https:\/\/www.iplay.com\/en\/#\/schema\/logo\/image\/","url":"https:\/\/www.iplay.com\/wp-content\/uploads\/2023\/11\/Group-6100.svg","contentUrl":"https:\/\/www.iplay.com\/wp-content\/uploads\/2023\/11\/Group-6100.svg","width":98,"height":25,"caption":"IPlay"},"image":{"@id":"https:\/\/www.iplay.com\/en\/#\/schema\/logo\/image\/"}}]}},"_links":{"self":[{"href":"https:\/\/www.iplay.com\/de\/wp-json\/wp\/v2\/product\/126649","targetHints":{"allow":["GET"]}}],"collection":[{"href":"https:\/\/www.iplay.com\/de\/wp-json\/wp\/v2\/product"}],"about":[{"href":"https:\/\/www.iplay.com\/de\/wp-json\/wp\/v2\/types\/product"}],"author":[{"embeddable":true,"href":"https:\/\/www.iplay.com\/de\/wp-json\/wp\/v2\/users\/20"}],"replies":[{"embeddable":true,"href":"https:\/\/www.iplay.com\/de\/wp-json\/wp\/v2\/comments?post=126649"}],"wp:featuredmedia":[{"embeddable":true,"href":"https:\/\/www.iplay.com\/de\/wp-json\/wp\/v2\/media\/74054"}],"wp:attachment":[{"href":"https:\/\/www.iplay.com\/de\/wp-json\/wp\/v2\/media?parent=126649"}],"wp:term":[{"taxonomy":"product_brand","embeddable":true,"href":"https:\/\/www.iplay.com\/de\/wp-json\/wp\/v2\/product_brand?post=126649"},{"taxonomy":"product_cat","embeddable":true,"href":"https:\/\/www.iplay.com\/de\/wp-json\/wp\/v2\/product_cat?post=126649"},{"taxonomy":"product_tag","embeddable":true,"href":"https:\/\/www.iplay.com\/de\/wp-json\/wp\/v2\/product_tag?post=126649"}],"curies":[{"name":"wp","href":"https:\/\/api.w.org\/{rel}","templated":true}]}}