{"id":126600,"date":"2022-11-29T00:00:00","date_gmt":"2022-11-29T00:00:00","guid":{"rendered":"https:\/\/www.iplay.com\/games\/rescue-team-11-planet-savers-collectors-edition\/"},"modified":"2025-05-27T19:13:59","modified_gmt":"2025-05-27T19:13:59","slug":"rescue-team-11-planet-savers-collectors-edition","status":"publish","type":"product","link":"https:\/\/www.iplay.com\/de\/games\/rescue-team-11-planet-savers-collectors-edition\/","title":{"rendered":"Rescue Team 11 &#8211; Planet Saver&#8217;s Collector&#8217;s Edition"},"content":{"rendered":"<p><a href=\"https:\/\/www.iplay.com\/de\/product-tag\/rescue-team-series-de\/\">Entdecke hier weitere Spiele der Rescue Team Series<\/a><\/p>\n<p>Versammle das Rettungsteam, um einen Gletscherkollaps zu verhindern, der katastrophale Auswirkungen haben kann! Das Rettungsteam springt ein, um die Opfer zu retten, als eine Welle von Naturkatastrophen durch die globale Erw\u00e4rmung ausgel\u00f6st wird! Mit ein paar einfachen Klicks kann der Spieler Rettungshunde in aufgew\u00fchlte Gew\u00e4sser schicken, um Menschen vor dem Ertrinken zu retten, Hubschrauber auf H\u00fcgelkuppen einsetzen, um gestrandete Touristen zu retten, und Feuerwehrleute schicken, um brennende Geb\u00e4ude und Tr\u00fcmmer in einem Wettlauf gegen die Zeit zu l\u00f6schen. W\u00e4hrend der Spieler die Materialien sammelt und herstellt, die f\u00fcr den Wiederaufbau von Krankenh\u00e4usern erforderlich sind, damit \u00c4rzte die Verletzten behandeln k\u00f6nnen, und Gef\u00e4ngnissen, damit die Strafverfolgungsbeh\u00f6rden Kriminelle fassen k\u00f6nnen, steigt die Spannung! Diese aufregenden Missionen finden alle in einem lebendigen, farbenfrohen Universum voller Geheimnisse statt, die es zu entdecken gilt, und Belohnungen, die es zu erhalten gilt. Jeder exquisit illustrierte Ort, von eisigen Grenzen bis hin zu hei\u00dfen W\u00fcsten, bringt den Spieler dem entscheidenden Moment, in dem das Schicksal der Welt auf dem Spiel steht, einen Schritt n\u00e4her! Sind Sie bereit, zur Rettung zu kommen? Mit einem einzigen Klick gelangst du zum Abenteuer!       <\/p>\n<p>&nbsp;<\/p>\n<p>&nbsp;<\/p>\n<p><strong>Funktionen:<\/strong><\/p>\n<p>&nbsp;<\/p>\n<p>&#8211; 50 nervenaufreibende Levels zum Abschlie\u00dfen<br \/>\n &#8211; Ruhige, Leichte und Schwere Spielmodi<br \/>\n &#8211; Lern-w\u00e4hrend des Spiels &#8211;<br \/>\n Point-and-Click-Steuerung<\/p>\n<p>&nbsp;<\/p>\n<p>&nbsp;<\/p>\n<p><strong>Funktionen der Collector&#8217;s Edition:<\/strong><\/p>\n<p>&nbsp;<\/p>\n<p>&#8211; Bonuskapitel mit 15 Levels<br \/>\n &#8211; \u00dcber 40 Errungenschaften zum Verdienen<br \/>\n &#8211; Schritt-f\u00fcr-Schritt-Anleitung<br \/>\n &#8211; Herunterladbarer Soundtrack<br \/>\n &#8211; Desktop-Hintergr\u00fcnde<br \/>\n &#8211; Sammlersticker<br \/>\n &#8211; Biografien der Charaktere<\/p>\n","protected":false},"excerpt":{"rendered":"<p>In Rescue Team: Planet Savers &#8211; Collector&#8217;s Edition kannst du eine Kernschmelze des Gletschers abwenden.<\/p>\n","protected":false},"author":8,"featured_media":90805,"comment_status":"open","ping_status":"closed","template":"","meta":{"_acf_changed":false,"inline_featured_image":false},"product_brand":[],"product_cat":[217],"product_tag":[289,294],"class_list":{"0":"post-126600","1":"product","2":"type-product","3":"status-publish","4":"has-post-thumbnail","6":"product_cat-time-management-de","7":"product_tag-play-on-pc-de","8":"product_tag-rescue-team-series-de","10":"first","11":"instock","12":"shipping-taxable","13":"purchasable","14":"product-type-simple"},"acf":[],"yoast_head":"<!-- This site is optimized with the Yoast SEO Premium plugin v25.2 (Yoast SEO v25.2) - https:\/\/yoast.com\/wordpress\/plugins\/seo\/ -->\n<title>Rescue Team 11 - Planet Saver&#039;s Collector&#039;s Edition - Verhindere eine Gletscherschmelze in Rescue Team: Planet Savers - CE<\/title>\n<meta name=\"description\" content=\"In Rescue Team: Planet Savers - Collector&#039;s Edition kannst du eine Kernschmelze des Gletschers abwenden.\" \/>\n<meta name=\"robots\" content=\"index, follow, max-snippet:-1, max-image-preview:large, max-video-preview:-1\" \/>\n<link rel=\"canonical\" href=\"https:\/\/www.iplay.com\/de\/games\/rescue-team-11-planet-savers-collectors-edition\/\" \/>\n<meta property=\"og:locale\" content=\"de_DE\" \/>\n<meta property=\"og:type\" content=\"article\" \/>\n<meta property=\"og:title\" content=\"Rescue Team 11 - Planet Saver&#039;s Collector&#039;s Edition\" \/>\n<meta property=\"og:description\" content=\"In Rescue Team: Planet Savers - Collector&#039;s Edition kannst du eine Kernschmelze des Gletschers abwenden.\" \/>\n<meta property=\"og:url\" content=\"https:\/\/www.iplay.com\/de\/games\/rescue-team-11-planet-savers-collectors-edition\/\" \/>\n<meta property=\"og:site_name\" content=\"IPlay\" \/>\n<meta property=\"article:modified_time\" content=\"2025-05-27T19:13:59+00:00\" \/>\n<meta property=\"og:image\" content=\"https:\/\/www.iplay.com\/wp-content\/uploads\/2023\/12\/large_square_tile_image-3190.jpg\" \/>\n\t<meta property=\"og:image:width\" content=\"310\" \/>\n\t<meta property=\"og:image:height\" content=\"310\" \/>\n\t<meta property=\"og:image:type\" content=\"image\/jpeg\" \/>\n<meta name=\"twitter:card\" content=\"summary_large_image\" \/>\n<meta name=\"twitter:label1\" content=\"Gesch\u00e4tzte Lesezeit\" \/>\n\t<meta name=\"twitter:data1\" content=\"1 Minute\" \/>\n<script type=\"application\/ld+json\" class=\"yoast-schema-graph\">{\"@context\":\"https:\/\/schema.org\",\"@graph\":[{\"@type\":\"WebPage\",\"@id\":\"https:\/\/www.iplay.com\/de\/games\/rescue-team-11-planet-savers-collectors-edition\/\",\"url\":\"https:\/\/www.iplay.com\/de\/games\/rescue-team-11-planet-savers-collectors-edition\/\",\"name\":\"Rescue Team 11 - Planet Saver's Collector's Edition - Verhindere eine Gletscherschmelze in Rescue Team: Planet Savers - CE\",\"isPartOf\":{\"@id\":\"https:\/\/www.iplay.com\/en\/#website\"},\"primaryImageOfPage\":{\"@id\":\"https:\/\/www.iplay.com\/de\/games\/rescue-team-11-planet-savers-collectors-edition\/#primaryimage\"},\"image\":{\"@id\":\"https:\/\/www.iplay.com\/de\/games\/rescue-team-11-planet-savers-collectors-edition\/#primaryimage\"},\"thumbnailUrl\":\"https:\/\/www.iplay.com\/wp-content\/uploads\/2023\/12\/large_square_tile_image-3190.jpg\",\"datePublished\":\"2022-11-29T00:00:00+00:00\",\"dateModified\":\"2025-05-27T19:13:59+00:00\",\"description\":\"In Rescue Team: Planet Savers - Collector's Edition kannst du eine Kernschmelze des Gletschers abwenden.\",\"breadcrumb\":{\"@id\":\"https:\/\/www.iplay.com\/de\/games\/rescue-team-11-planet-savers-collectors-edition\/#breadcrumb\"},\"inLanguage\":\"de-DE\",\"potentialAction\":[{\"@type\":\"ReadAction\",\"target\":[\"https:\/\/www.iplay.com\/de\/games\/rescue-team-11-planet-savers-collectors-edition\/\"]}]},{\"@type\":\"ImageObject\",\"inLanguage\":\"de-DE\",\"@id\":\"https:\/\/www.iplay.com\/de\/games\/rescue-team-11-planet-savers-collectors-edition\/#primaryimage\",\"url\":\"https:\/\/www.iplay.com\/wp-content\/uploads\/2023\/12\/large_square_tile_image-3190.jpg\",\"contentUrl\":\"https:\/\/www.iplay.com\/wp-content\/uploads\/2023\/12\/large_square_tile_image-3190.jpg\",\"width\":310,\"height\":310},{\"@type\":\"BreadcrumbList\",\"@id\":\"https:\/\/www.iplay.com\/de\/games\/rescue-team-11-planet-savers-collectors-edition\/#breadcrumb\",\"itemListElement\":[{\"@type\":\"ListItem\",\"position\":1,\"name\":\"Home\",\"item\":\"https:\/\/www.iplay.com\/de\/home-page-2\/\"},{\"@type\":\"ListItem\",\"position\":2,\"name\":\"Shop\",\"item\":\"https:\/\/www.iplay.com\/en\/shop\/\"},{\"@type\":\"ListItem\",\"position\":3,\"name\":\"Rescue Team 11 &#8211; Planet Saver&#8217;s Collector&#8217;s Edition\"}]},{\"@type\":\"WebSite\",\"@id\":\"https:\/\/www.iplay.com\/en\/#website\",\"url\":\"https:\/\/www.iplay.com\/en\/\",\"name\":\"IPlay\",\"description\":\"The Best Casual Games!\",\"publisher\":{\"@id\":\"https:\/\/www.iplay.com\/en\/#organization\"},\"potentialAction\":[{\"@type\":\"SearchAction\",\"target\":{\"@type\":\"EntryPoint\",\"urlTemplate\":\"https:\/\/www.iplay.com\/en\/?s={search_term_string}\"},\"query-input\":{\"@type\":\"PropertyValueSpecification\",\"valueRequired\":true,\"valueName\":\"search_term_string\"}}],\"inLanguage\":\"de-DE\"},{\"@type\":\"Organization\",\"@id\":\"https:\/\/www.iplay.com\/en\/#organization\",\"name\":\"IPlay\",\"url\":\"https:\/\/www.iplay.com\/en\/\",\"logo\":{\"@type\":\"ImageObject\",\"inLanguage\":\"de-DE\",\"@id\":\"https:\/\/www.iplay.com\/en\/#\/schema\/logo\/image\/\",\"url\":\"https:\/\/www.iplay.com\/wp-content\/uploads\/2023\/11\/Group-6100.svg\",\"contentUrl\":\"https:\/\/www.iplay.com\/wp-content\/uploads\/2023\/11\/Group-6100.svg\",\"width\":98,\"height\":25,\"caption\":\"IPlay\"},\"image\":{\"@id\":\"https:\/\/www.iplay.com\/en\/#\/schema\/logo\/image\/\"}}]}<\/script>\n<!-- \/ Yoast SEO Premium plugin. -->","yoast_head_json":{"title":"Rescue Team 11 - Planet Saver's Collector's Edition - Verhindere eine Gletscherschmelze in Rescue Team: Planet Savers - CE","description":"In Rescue Team: Planet Savers - Collector's Edition kannst du eine Kernschmelze des Gletschers abwenden.","robots":{"index":"index","follow":"follow","max-snippet":"max-snippet:-1","max-image-preview":"max-image-preview:large","max-video-preview":"max-video-preview:-1"},"canonical":"https:\/\/www.iplay.com\/de\/games\/rescue-team-11-planet-savers-collectors-edition\/","og_locale":"de_DE","og_type":"article","og_title":"Rescue Team 11 - Planet Saver's Collector's Edition","og_description":"In Rescue Team: Planet Savers - Collector's Edition kannst du eine Kernschmelze des Gletschers abwenden.","og_url":"https:\/\/www.iplay.com\/de\/games\/rescue-team-11-planet-savers-collectors-edition\/","og_site_name":"IPlay","article_modified_time":"2025-05-27T19:13:59+00:00","og_image":[{"width":310,"height":310,"url":"https:\/\/www.iplay.com\/wp-content\/uploads\/2023\/12\/large_square_tile_image-3190.jpg","type":"image\/jpeg"}],"twitter_card":"summary_large_image","twitter_misc":{"Gesch\u00e4tzte Lesezeit":"1 Minute"},"schema":{"@context":"https:\/\/schema.org","@graph":[{"@type":"WebPage","@id":"https:\/\/www.iplay.com\/de\/games\/rescue-team-11-planet-savers-collectors-edition\/","url":"https:\/\/www.iplay.com\/de\/games\/rescue-team-11-planet-savers-collectors-edition\/","name":"Rescue Team 11 - Planet Saver's Collector's Edition - Verhindere eine Gletscherschmelze in Rescue Team: Planet Savers - CE","isPartOf":{"@id":"https:\/\/www.iplay.com\/en\/#website"},"primaryImageOfPage":{"@id":"https:\/\/www.iplay.com\/de\/games\/rescue-team-11-planet-savers-collectors-edition\/#primaryimage"},"image":{"@id":"https:\/\/www.iplay.com\/de\/games\/rescue-team-11-planet-savers-collectors-edition\/#primaryimage"},"thumbnailUrl":"https:\/\/www.iplay.com\/wp-content\/uploads\/2023\/12\/large_square_tile_image-3190.jpg","datePublished":"2022-11-29T00:00:00+00:00","dateModified":"2025-05-27T19:13:59+00:00","description":"In Rescue Team: Planet Savers - Collector's Edition kannst du eine Kernschmelze des Gletschers abwenden.","breadcrumb":{"@id":"https:\/\/www.iplay.com\/de\/games\/rescue-team-11-planet-savers-collectors-edition\/#breadcrumb"},"inLanguage":"de-DE","potentialAction":[{"@type":"ReadAction","target":["https:\/\/www.iplay.com\/de\/games\/rescue-team-11-planet-savers-collectors-edition\/"]}]},{"@type":"ImageObject","inLanguage":"de-DE","@id":"https:\/\/www.iplay.com\/de\/games\/rescue-team-11-planet-savers-collectors-edition\/#primaryimage","url":"https:\/\/www.iplay.com\/wp-content\/uploads\/2023\/12\/large_square_tile_image-3190.jpg","contentUrl":"https:\/\/www.iplay.com\/wp-content\/uploads\/2023\/12\/large_square_tile_image-3190.jpg","width":310,"height":310},{"@type":"BreadcrumbList","@id":"https:\/\/www.iplay.com\/de\/games\/rescue-team-11-planet-savers-collectors-edition\/#breadcrumb","itemListElement":[{"@type":"ListItem","position":1,"name":"Home","item":"https:\/\/www.iplay.com\/de\/home-page-2\/"},{"@type":"ListItem","position":2,"name":"Shop","item":"https:\/\/www.iplay.com\/en\/shop\/"},{"@type":"ListItem","position":3,"name":"Rescue Team 11 &#8211; Planet Saver&#8217;s Collector&#8217;s Edition"}]},{"@type":"WebSite","@id":"https:\/\/www.iplay.com\/en\/#website","url":"https:\/\/www.iplay.com\/en\/","name":"IPlay","description":"The Best Casual Games!","publisher":{"@id":"https:\/\/www.iplay.com\/en\/#organization"},"potentialAction":[{"@type":"SearchAction","target":{"@type":"EntryPoint","urlTemplate":"https:\/\/www.iplay.com\/en\/?s={search_term_string}"},"query-input":{"@type":"PropertyValueSpecification","valueRequired":true,"valueName":"search_term_string"}}],"inLanguage":"de-DE"},{"@type":"Organization","@id":"https:\/\/www.iplay.com\/en\/#organization","name":"IPlay","url":"https:\/\/www.iplay.com\/en\/","logo":{"@type":"ImageObject","inLanguage":"de-DE","@id":"https:\/\/www.iplay.com\/en\/#\/schema\/logo\/image\/","url":"https:\/\/www.iplay.com\/wp-content\/uploads\/2023\/11\/Group-6100.svg","contentUrl":"https:\/\/www.iplay.com\/wp-content\/uploads\/2023\/11\/Group-6100.svg","width":98,"height":25,"caption":"IPlay"},"image":{"@id":"https:\/\/www.iplay.com\/en\/#\/schema\/logo\/image\/"}}]}},"_links":{"self":[{"href":"https:\/\/www.iplay.com\/de\/wp-json\/wp\/v2\/product\/126600","targetHints":{"allow":["GET"]}}],"collection":[{"href":"https:\/\/www.iplay.com\/de\/wp-json\/wp\/v2\/product"}],"about":[{"href":"https:\/\/www.iplay.com\/de\/wp-json\/wp\/v2\/types\/product"}],"author":[{"embeddable":true,"href":"https:\/\/www.iplay.com\/de\/wp-json\/wp\/v2\/users\/8"}],"replies":[{"embeddable":true,"href":"https:\/\/www.iplay.com\/de\/wp-json\/wp\/v2\/comments?post=126600"}],"wp:featuredmedia":[{"embeddable":true,"href":"https:\/\/www.iplay.com\/de\/wp-json\/wp\/v2\/media\/90805"}],"wp:attachment":[{"href":"https:\/\/www.iplay.com\/de\/wp-json\/wp\/v2\/media?parent=126600"}],"wp:term":[{"taxonomy":"product_brand","embeddable":true,"href":"https:\/\/www.iplay.com\/de\/wp-json\/wp\/v2\/product_brand?post=126600"},{"taxonomy":"product_cat","embeddable":true,"href":"https:\/\/www.iplay.com\/de\/wp-json\/wp\/v2\/product_cat?post=126600"},{"taxonomy":"product_tag","embeddable":true,"href":"https:\/\/www.iplay.com\/de\/wp-json\/wp\/v2\/product_tag?post=126600"}],"curies":[{"name":"wp","href":"https:\/\/api.w.org\/{rel}","templated":true}]}}