{"id":126562,"date":"2024-09-05T12:02:06","date_gmt":"2024-09-05T12:02:06","guid":{"rendered":"https:\/\/www.iplay.com\/games\/book-travelers-a-royal-story-ce\/"},"modified":"2025-02-28T15:15:27","modified_gmt":"2025-02-28T15:15:27","slug":"book-travelers-a-royal-story-ce","status":"publish","type":"product","link":"https:\/\/www.iplay.com\/de\/games\/book-travelers-a-royal-story-ce\/","title":{"rendered":"Book Travelers: A Royal Story CE"},"content":{"rendered":"<p>Bald wirst du in die Gro\u00dfe Bibliothek zur\u00fcckgerufen, gerade als die Ereignisse deiner vorherigen Reise durch die lebendigen Seiten eines literarischen Meisterwerks aus deinem Ged\u00e4chtnis zu verblassen beginnen. Bei deiner R\u00fcckkehr stellt sich heraus, dass ein Versuch unternommen wird, die Realit\u00e4t der drei Musketiere zu ver\u00e4ndern und die r\u00e4tselhafte Figur D&#8217;Artagnan aus der Existenz zu l\u00f6schen. Die Verantwortung, zu verhindern, dass diese mysteri\u00f6se Macht die Geschichte st\u00f6rt, liegt nun auf deinen Schultern. Wenn du tiefer in die Welt von Alexandre Dumas eintauchst, wirst du dich zwischen zwei Realit\u00e4ten gefangen finden: der, die du kennst, und der im Buch.   <\/p>\n<p>Um erfolgreich zu sein, musst du R\u00e4tsel l\u00f6sen, die in den Worten des Autors verborgen sind, das Verm\u00e4chtnis der Figuren sch\u00fctzen und das \u00dcberleben eines der gr\u00f6\u00dften Helden der Literatur sichern. Wirst du in der Lage sein, D&#8217;Artagnans Verm\u00e4chtnis aufrechtzuerhalten und diese drohende Bedrohung zu verhindern? Begib dich auf dieses fesselnde Wimmelbild-Abenteuer und decke die Wahrheit auf!  <\/p>\n<p>&nbsp;<\/p>\n<p><strong>Funktionen der Collector&#8217;s Edition:<\/strong><\/p>\n<ul>\n<li><em>Erlebe die Vergangenheit im Bonuskapitel neu: <\/em>Kehren Sie in einem besonderen Kapitel in Ihre Anf\u00e4nge zur\u00fcck, das der Geschichte mehr Tiefe verleiht.<\/li>\n<li><em>Entdecken Sie verborgene Geheimnisse:<\/em> Sammle die B\u00fcsten und Puzzleteile der Autoren, um ein Puzzle im Hidden Room freizuschalten.<\/li>\n<li><em>Schaut euch eure Lieblingsherausforderungen noch einmal an:<\/em> Spiele deine beliebtesten Minispiele und Wimmelbildr\u00e4tsel (HOPs) noch einmal, verdiene Erfolge und erhalte Zugang zu einem Bonuskapitel voller \u00dcberraschungen.<\/li>\n<li><em>Genie\u00dfen Sie exklusive Inhalte:<\/em> Schalte spezielle Musik, Bildschirmschoner, Hintergrundbilder und andere Bonusmaterialien frei.<\/li>\n<li><em>Verlieren Sie nie den Weg:<\/em> Verwenden Sie den mitgelieferten Strategieleitfaden, um durch die Herausforderungen zu navigieren und sicherzustellen, dass Sie immer den n\u00e4chsten Schritt kennen.<\/li>\n<\/ul>\n<p>&nbsp;<\/p>\n<p>Dieses Abenteuer bietet eine einzigartige Mischung aus Geheimnissen, Literaturgeschichte und fesselnden R\u00e4tseln, die die Spieler fesseln und darauf gespannt sind, jedes Geheimnis aufzudecken, das in den Seiten von Die drei Musketiere verborgen ist. Egal, ob Sie ein Fan von historischer Fiktion, Puzzles oder Abenteuerspielen sind, dieses Erlebnis wird Sie in eine Welt entf\u00fchren, in der die Grenzen der Realit\u00e4t verschwimmen und die Literaturgeschichte in Ihren H\u00e4nden liegt.<\/p>\n","protected":false},"excerpt":{"rendered":"<p>Begeben Sie sich auf eine literarische Reise in Book Travelers &#8211; A Royal Story Collector&#8217;s Edition<\/p>\n","protected":false},"author":17,"featured_media":38705,"comment_status":"open","ping_status":"closed","template":"","meta":{"_acf_changed":false,"inline_featured_image":false},"product_brand":[],"product_cat":[164],"product_tag":[289],"class_list":{"0":"post-126562","1":"product","2":"type-product","3":"status-publish","4":"has-post-thumbnail","6":"product_cat-hidden-object-de","7":"product_tag-play-on-pc-de","9":"first","10":"instock","11":"shipping-taxable","12":"purchasable","13":"product-type-simple"},"acf":[],"yoast_head":"<!-- This site is optimized with the Yoast SEO Premium plugin v25.2 (Yoast SEO v25.2) - https:\/\/yoast.com\/wordpress\/plugins\/seo\/ -->\n<title>Begeben Sie sich auf eine literarische Reise in Book Travelers: A Royal Story CE<\/title>\n<meta name=\"description\" content=\"Begeben Sie sich auf eine literarische Reise in Book Travelers - A Royal Story Collector&#039;s Edition\" \/>\n<meta name=\"robots\" content=\"index, follow, max-snippet:-1, max-image-preview:large, max-video-preview:-1\" \/>\n<link rel=\"canonical\" href=\"https:\/\/www.iplay.com\/de\/games\/book-travelers-a-royal-story-ce\/\" \/>\n<meta property=\"og:locale\" content=\"de_DE\" \/>\n<meta property=\"og:type\" content=\"article\" \/>\n<meta property=\"og:title\" content=\"Book Travelers: A Royal Story CE\" \/>\n<meta property=\"og:description\" content=\"Begeben Sie sich auf eine literarische Reise in Book Travelers - A Royal Story Collector&#039;s Edition\" \/>\n<meta property=\"og:url\" content=\"https:\/\/www.iplay.com\/de\/games\/book-travelers-a-royal-story-ce\/\" \/>\n<meta property=\"og:site_name\" content=\"IPlay\" \/>\n<meta property=\"article:modified_time\" content=\"2025-02-28T15:15:27+00:00\" \/>\n<meta property=\"og:image\" content=\"https:\/\/www.iplay.com\/wp-content\/uploads\/2024\/09\/400x400-book_travelers_-_a_royal_story_ce_large_square_tile_image.webp\" \/>\n\t<meta property=\"og:image:width\" content=\"400\" \/>\n\t<meta property=\"og:image:height\" content=\"400\" \/>\n\t<meta property=\"og:image:type\" content=\"image\/webp\" \/>\n<meta name=\"twitter:card\" content=\"summary_large_image\" \/>\n<meta name=\"twitter:label1\" content=\"Gesch\u00e4tzte Lesezeit\" \/>\n\t<meta name=\"twitter:data1\" content=\"2 Minuten\" \/>\n<script type=\"application\/ld+json\" class=\"yoast-schema-graph\">{\"@context\":\"https:\/\/schema.org\",\"@graph\":[{\"@type\":\"WebPage\",\"@id\":\"https:\/\/www.iplay.com\/de\/games\/book-travelers-a-royal-story-ce\/\",\"url\":\"https:\/\/www.iplay.com\/de\/games\/book-travelers-a-royal-story-ce\/\",\"name\":\"Begeben Sie sich auf eine literarische Reise in Book Travelers: A Royal Story CE\",\"isPartOf\":{\"@id\":\"https:\/\/www.iplay.com\/en\/#website\"},\"primaryImageOfPage\":{\"@id\":\"https:\/\/www.iplay.com\/de\/games\/book-travelers-a-royal-story-ce\/#primaryimage\"},\"image\":{\"@id\":\"https:\/\/www.iplay.com\/de\/games\/book-travelers-a-royal-story-ce\/#primaryimage\"},\"thumbnailUrl\":\"https:\/\/www.iplay.com\/wp-content\/uploads\/2024\/09\/400x400-book_travelers_-_a_royal_story_ce_large_square_tile_image.webp\",\"datePublished\":\"2024-09-05T12:02:06+00:00\",\"dateModified\":\"2025-02-28T15:15:27+00:00\",\"description\":\"Begeben Sie sich auf eine literarische Reise in Book Travelers - A Royal Story Collector's Edition\",\"breadcrumb\":{\"@id\":\"https:\/\/www.iplay.com\/de\/games\/book-travelers-a-royal-story-ce\/#breadcrumb\"},\"inLanguage\":\"de-DE\",\"potentialAction\":[{\"@type\":\"ReadAction\",\"target\":[\"https:\/\/www.iplay.com\/de\/games\/book-travelers-a-royal-story-ce\/\"]}]},{\"@type\":\"ImageObject\",\"inLanguage\":\"de-DE\",\"@id\":\"https:\/\/www.iplay.com\/de\/games\/book-travelers-a-royal-story-ce\/#primaryimage\",\"url\":\"https:\/\/www.iplay.com\/wp-content\/uploads\/2024\/09\/400x400-book_travelers_-_a_royal_story_ce_large_square_tile_image.webp\",\"contentUrl\":\"https:\/\/www.iplay.com\/wp-content\/uploads\/2024\/09\/400x400-book_travelers_-_a_royal_story_ce_large_square_tile_image.webp\",\"width\":400,\"height\":400},{\"@type\":\"BreadcrumbList\",\"@id\":\"https:\/\/www.iplay.com\/de\/games\/book-travelers-a-royal-story-ce\/#breadcrumb\",\"itemListElement\":[{\"@type\":\"ListItem\",\"position\":1,\"name\":\"Home\",\"item\":\"https:\/\/www.iplay.com\/de\/home-page-2\/\"},{\"@type\":\"ListItem\",\"position\":2,\"name\":\"Shop\",\"item\":\"https:\/\/www.iplay.com\/en\/shop\/\"},{\"@type\":\"ListItem\",\"position\":3,\"name\":\"Book Travelers: A Royal Story CE\"}]},{\"@type\":\"WebSite\",\"@id\":\"https:\/\/www.iplay.com\/en\/#website\",\"url\":\"https:\/\/www.iplay.com\/en\/\",\"name\":\"IPlay\",\"description\":\"The Best Casual Games!\",\"publisher\":{\"@id\":\"https:\/\/www.iplay.com\/en\/#organization\"},\"potentialAction\":[{\"@type\":\"SearchAction\",\"target\":{\"@type\":\"EntryPoint\",\"urlTemplate\":\"https:\/\/www.iplay.com\/en\/?s={search_term_string}\"},\"query-input\":{\"@type\":\"PropertyValueSpecification\",\"valueRequired\":true,\"valueName\":\"search_term_string\"}}],\"inLanguage\":\"de-DE\"},{\"@type\":\"Organization\",\"@id\":\"https:\/\/www.iplay.com\/en\/#organization\",\"name\":\"IPlay\",\"url\":\"https:\/\/www.iplay.com\/en\/\",\"logo\":{\"@type\":\"ImageObject\",\"inLanguage\":\"de-DE\",\"@id\":\"https:\/\/www.iplay.com\/en\/#\/schema\/logo\/image\/\",\"url\":\"https:\/\/www.iplay.com\/wp-content\/uploads\/2023\/11\/Group-6100.svg\",\"contentUrl\":\"https:\/\/www.iplay.com\/wp-content\/uploads\/2023\/11\/Group-6100.svg\",\"width\":98,\"height\":25,\"caption\":\"IPlay\"},\"image\":{\"@id\":\"https:\/\/www.iplay.com\/en\/#\/schema\/logo\/image\/\"}}]}<\/script>\n<!-- \/ Yoast SEO Premium plugin. -->","yoast_head_json":{"title":"Begeben Sie sich auf eine literarische Reise in Book Travelers: A Royal Story CE","description":"Begeben Sie sich auf eine literarische Reise in Book Travelers - A Royal Story Collector's Edition","robots":{"index":"index","follow":"follow","max-snippet":"max-snippet:-1","max-image-preview":"max-image-preview:large","max-video-preview":"max-video-preview:-1"},"canonical":"https:\/\/www.iplay.com\/de\/games\/book-travelers-a-royal-story-ce\/","og_locale":"de_DE","og_type":"article","og_title":"Book Travelers: A Royal Story CE","og_description":"Begeben Sie sich auf eine literarische Reise in Book Travelers - A Royal Story Collector's Edition","og_url":"https:\/\/www.iplay.com\/de\/games\/book-travelers-a-royal-story-ce\/","og_site_name":"IPlay","article_modified_time":"2025-02-28T15:15:27+00:00","og_image":[{"width":400,"height":400,"url":"https:\/\/www.iplay.com\/wp-content\/uploads\/2024\/09\/400x400-book_travelers_-_a_royal_story_ce_large_square_tile_image.webp","type":"image\/webp"}],"twitter_card":"summary_large_image","twitter_misc":{"Gesch\u00e4tzte Lesezeit":"2 Minuten"},"schema":{"@context":"https:\/\/schema.org","@graph":[{"@type":"WebPage","@id":"https:\/\/www.iplay.com\/de\/games\/book-travelers-a-royal-story-ce\/","url":"https:\/\/www.iplay.com\/de\/games\/book-travelers-a-royal-story-ce\/","name":"Begeben Sie sich auf eine literarische Reise in Book Travelers: A Royal Story CE","isPartOf":{"@id":"https:\/\/www.iplay.com\/en\/#website"},"primaryImageOfPage":{"@id":"https:\/\/www.iplay.com\/de\/games\/book-travelers-a-royal-story-ce\/#primaryimage"},"image":{"@id":"https:\/\/www.iplay.com\/de\/games\/book-travelers-a-royal-story-ce\/#primaryimage"},"thumbnailUrl":"https:\/\/www.iplay.com\/wp-content\/uploads\/2024\/09\/400x400-book_travelers_-_a_royal_story_ce_large_square_tile_image.webp","datePublished":"2024-09-05T12:02:06+00:00","dateModified":"2025-02-28T15:15:27+00:00","description":"Begeben Sie sich auf eine literarische Reise in Book Travelers - A Royal Story Collector's Edition","breadcrumb":{"@id":"https:\/\/www.iplay.com\/de\/games\/book-travelers-a-royal-story-ce\/#breadcrumb"},"inLanguage":"de-DE","potentialAction":[{"@type":"ReadAction","target":["https:\/\/www.iplay.com\/de\/games\/book-travelers-a-royal-story-ce\/"]}]},{"@type":"ImageObject","inLanguage":"de-DE","@id":"https:\/\/www.iplay.com\/de\/games\/book-travelers-a-royal-story-ce\/#primaryimage","url":"https:\/\/www.iplay.com\/wp-content\/uploads\/2024\/09\/400x400-book_travelers_-_a_royal_story_ce_large_square_tile_image.webp","contentUrl":"https:\/\/www.iplay.com\/wp-content\/uploads\/2024\/09\/400x400-book_travelers_-_a_royal_story_ce_large_square_tile_image.webp","width":400,"height":400},{"@type":"BreadcrumbList","@id":"https:\/\/www.iplay.com\/de\/games\/book-travelers-a-royal-story-ce\/#breadcrumb","itemListElement":[{"@type":"ListItem","position":1,"name":"Home","item":"https:\/\/www.iplay.com\/de\/home-page-2\/"},{"@type":"ListItem","position":2,"name":"Shop","item":"https:\/\/www.iplay.com\/en\/shop\/"},{"@type":"ListItem","position":3,"name":"Book Travelers: A Royal Story CE"}]},{"@type":"WebSite","@id":"https:\/\/www.iplay.com\/en\/#website","url":"https:\/\/www.iplay.com\/en\/","name":"IPlay","description":"The Best Casual Games!","publisher":{"@id":"https:\/\/www.iplay.com\/en\/#organization"},"potentialAction":[{"@type":"SearchAction","target":{"@type":"EntryPoint","urlTemplate":"https:\/\/www.iplay.com\/en\/?s={search_term_string}"},"query-input":{"@type":"PropertyValueSpecification","valueRequired":true,"valueName":"search_term_string"}}],"inLanguage":"de-DE"},{"@type":"Organization","@id":"https:\/\/www.iplay.com\/en\/#organization","name":"IPlay","url":"https:\/\/www.iplay.com\/en\/","logo":{"@type":"ImageObject","inLanguage":"de-DE","@id":"https:\/\/www.iplay.com\/en\/#\/schema\/logo\/image\/","url":"https:\/\/www.iplay.com\/wp-content\/uploads\/2023\/11\/Group-6100.svg","contentUrl":"https:\/\/www.iplay.com\/wp-content\/uploads\/2023\/11\/Group-6100.svg","width":98,"height":25,"caption":"IPlay"},"image":{"@id":"https:\/\/www.iplay.com\/en\/#\/schema\/logo\/image\/"}}]}},"_links":{"self":[{"href":"https:\/\/www.iplay.com\/de\/wp-json\/wp\/v2\/product\/126562","targetHints":{"allow":["GET"]}}],"collection":[{"href":"https:\/\/www.iplay.com\/de\/wp-json\/wp\/v2\/product"}],"about":[{"href":"https:\/\/www.iplay.com\/de\/wp-json\/wp\/v2\/types\/product"}],"author":[{"embeddable":true,"href":"https:\/\/www.iplay.com\/de\/wp-json\/wp\/v2\/users\/17"}],"replies":[{"embeddable":true,"href":"https:\/\/www.iplay.com\/de\/wp-json\/wp\/v2\/comments?post=126562"}],"wp:featuredmedia":[{"embeddable":true,"href":"https:\/\/www.iplay.com\/de\/wp-json\/wp\/v2\/media\/38705"}],"wp:attachment":[{"href":"https:\/\/www.iplay.com\/de\/wp-json\/wp\/v2\/media?parent=126562"}],"wp:term":[{"taxonomy":"product_brand","embeddable":true,"href":"https:\/\/www.iplay.com\/de\/wp-json\/wp\/v2\/product_brand?post=126562"},{"taxonomy":"product_cat","embeddable":true,"href":"https:\/\/www.iplay.com\/de\/wp-json\/wp\/v2\/product_cat?post=126562"},{"taxonomy":"product_tag","embeddable":true,"href":"https:\/\/www.iplay.com\/de\/wp-json\/wp\/v2\/product_tag?post=126562"}],"curies":[{"name":"wp","href":"https:\/\/api.w.org\/{rel}","templated":true}]}}