{"id":126522,"date":"2009-09-03T00:00:00","date_gmt":"2009-09-03T00:00:00","guid":{"rendered":"https:\/\/www.iplay.com\/games\/horatios-travels\/"},"modified":"2009-09-03T00:00:00","modified_gmt":"2009-09-03T00:00:00","slug":"horatios-travels","status":"publish","type":"product","link":"https:\/\/www.iplay.com\/de\/games\/horatios-travels\/","title":{"rendered":"Horatio&#8217;s Travels"},"content":{"rendered":"<p>Sehensw\u00fcrdigkeiten! Leute zum Treffen! Horatio scheint sich einfach nicht mit einer ganzen Welt voller M\u00f6glichkeiten vor seiner Haust\u00fcr niederlassen zu k\u00f6nnen. Die L\u00f6sung? Er wird seinen eigenen Eisstand er\u00f6ffnen, um sein Fernweh zu finanzieren. Begleiten Sie Horatio auf seinem weltumspannenden Abenteuer, w\u00e4hrend er einige der verr\u00fccktesten Kunden der Welt mit Leckereien versorgt. Behalte einen k\u00fchlen Kopf und behalte diese Befehle fest im Auge, und du triffst auf pingelige Piraten, knusprige Pinguine, gefr\u00e4\u00dfige Junge und den Rest ihrer Eiscreme-liebenden Freunde. Bereisen Sie das Paradies und werden Sie in Horatio&#8217;s Travels zum schnellsten Scoop im Tierreich.<\/p>\n","protected":false},"excerpt":{"rendered":"<p>Sehensw\u00fcrdigkeiten! Leute zum Treffen! Horatio scheint sich einfach nicht mit einer ganzen Welt voller M\u00f6glichkeiten vor seiner Haust\u00fcr niederlassen zu k\u00f6nnen. Die L\u00f6sung?   <\/p>\n","protected":false},"author":114,"featured_media":58486,"comment_status":"open","ping_status":"closed","template":"","meta":{"_acf_changed":false,"inline_featured_image":false},"product_brand":[],"product_cat":[217],"product_tag":[289],"class_list":{"0":"post-126522","1":"product","2":"type-product","3":"status-publish","4":"has-post-thumbnail","6":"product_cat-time-management-de","7":"product_tag-play-on-pc-de","9":"first","10":"instock","11":"shipping-taxable","12":"purchasable","13":"product-type-simple"},"acf":[],"yoast_head":"<!-- This site is optimized with the Yoast SEO Premium plugin v25.2 (Yoast SEO v25.2) - https:\/\/yoast.com\/wordpress\/plugins\/seo\/ -->\n<title>Horatio&#039;s Travels - Genie\u00dfen Sie Eiscreme schwingende Pinguine in diesem entz\u00fcckenden Abenteuer<\/title>\n<meta name=\"description\" content=\"Sehensw\u00fcrdigkeiten! Leute zum Treffen! Horatio scheint sich einfach nicht mit einer ganzen Welt voller M\u00f6glichkeiten vor seiner Haust\u00fcr niederlassen zu k\u00f6nnen. Die L\u00f6sung?\" \/>\n<meta name=\"robots\" content=\"index, follow, max-snippet:-1, max-image-preview:large, max-video-preview:-1\" \/>\n<link rel=\"canonical\" href=\"https:\/\/www.iplay.com\/de\/games\/horatios-travels\/\" \/>\n<meta property=\"og:locale\" content=\"de_DE\" \/>\n<meta property=\"og:type\" content=\"article\" \/>\n<meta property=\"og:title\" content=\"Horatio&#039;s Travels\" \/>\n<meta property=\"og:description\" content=\"Sehensw\u00fcrdigkeiten! Leute zum Treffen! Horatio scheint sich einfach nicht mit einer ganzen Welt voller M\u00f6glichkeiten vor seiner Haust\u00fcr niederlassen zu k\u00f6nnen. Die L\u00f6sung?\" \/>\n<meta property=\"og:url\" content=\"https:\/\/www.iplay.com\/de\/games\/horatios-travels\/\" \/>\n<meta property=\"og:site_name\" content=\"IPlay\" \/>\n<meta property=\"og:image\" content=\"https:\/\/www.iplay.com\/wp-content\/uploads\/2023\/12\/large_square_tile_image-1130.jpg\" \/>\n\t<meta property=\"og:image:width\" content=\"310\" \/>\n\t<meta property=\"og:image:height\" content=\"310\" \/>\n\t<meta property=\"og:image:type\" content=\"image\/jpeg\" \/>\n<meta name=\"twitter:card\" content=\"summary_large_image\" \/>\n<meta name=\"twitter:label1\" content=\"Gesch\u00e4tzte Lesezeit\" \/>\n\t<meta name=\"twitter:data1\" content=\"1 Minute\" \/>\n<script type=\"application\/ld+json\" class=\"yoast-schema-graph\">{\"@context\":\"https:\/\/schema.org\",\"@graph\":[{\"@type\":\"WebPage\",\"@id\":\"https:\/\/www.iplay.com\/de\/games\/horatios-travels\/\",\"url\":\"https:\/\/www.iplay.com\/de\/games\/horatios-travels\/\",\"name\":\"Horatio's Travels - Genie\u00dfen Sie Eiscreme schwingende Pinguine in diesem entz\u00fcckenden Abenteuer\",\"isPartOf\":{\"@id\":\"https:\/\/www.iplay.com\/en\/#website\"},\"primaryImageOfPage\":{\"@id\":\"https:\/\/www.iplay.com\/de\/games\/horatios-travels\/#primaryimage\"},\"image\":{\"@id\":\"https:\/\/www.iplay.com\/de\/games\/horatios-travels\/#primaryimage\"},\"thumbnailUrl\":\"https:\/\/www.iplay.com\/wp-content\/uploads\/2023\/12\/large_square_tile_image-1130.jpg\",\"datePublished\":\"2009-09-03T00:00:00+00:00\",\"description\":\"Sehensw\u00fcrdigkeiten! Leute zum Treffen! Horatio scheint sich einfach nicht mit einer ganzen Welt voller M\u00f6glichkeiten vor seiner Haust\u00fcr niederlassen zu k\u00f6nnen. Die L\u00f6sung?\",\"breadcrumb\":{\"@id\":\"https:\/\/www.iplay.com\/de\/games\/horatios-travels\/#breadcrumb\"},\"inLanguage\":\"de-DE\",\"potentialAction\":[{\"@type\":\"ReadAction\",\"target\":[\"https:\/\/www.iplay.com\/de\/games\/horatios-travels\/\"]}]},{\"@type\":\"ImageObject\",\"inLanguage\":\"de-DE\",\"@id\":\"https:\/\/www.iplay.com\/de\/games\/horatios-travels\/#primaryimage\",\"url\":\"https:\/\/www.iplay.com\/wp-content\/uploads\/2023\/12\/large_square_tile_image-1130.jpg\",\"contentUrl\":\"https:\/\/www.iplay.com\/wp-content\/uploads\/2023\/12\/large_square_tile_image-1130.jpg\",\"width\":310,\"height\":310},{\"@type\":\"BreadcrumbList\",\"@id\":\"https:\/\/www.iplay.com\/de\/games\/horatios-travels\/#breadcrumb\",\"itemListElement\":[{\"@type\":\"ListItem\",\"position\":1,\"name\":\"Home\",\"item\":\"https:\/\/www.iplay.com\/de\/home-page-2\/\"},{\"@type\":\"ListItem\",\"position\":2,\"name\":\"Shop\",\"item\":\"https:\/\/www.iplay.com\/en\/shop\/\"},{\"@type\":\"ListItem\",\"position\":3,\"name\":\"Horatio&#8217;s Travels\"}]},{\"@type\":\"WebSite\",\"@id\":\"https:\/\/www.iplay.com\/en\/#website\",\"url\":\"https:\/\/www.iplay.com\/en\/\",\"name\":\"IPlay\",\"description\":\"The Best Casual Games!\",\"publisher\":{\"@id\":\"https:\/\/www.iplay.com\/en\/#organization\"},\"potentialAction\":[{\"@type\":\"SearchAction\",\"target\":{\"@type\":\"EntryPoint\",\"urlTemplate\":\"https:\/\/www.iplay.com\/en\/?s={search_term_string}\"},\"query-input\":{\"@type\":\"PropertyValueSpecification\",\"valueRequired\":true,\"valueName\":\"search_term_string\"}}],\"inLanguage\":\"de-DE\"},{\"@type\":\"Organization\",\"@id\":\"https:\/\/www.iplay.com\/en\/#organization\",\"name\":\"IPlay\",\"url\":\"https:\/\/www.iplay.com\/en\/\",\"logo\":{\"@type\":\"ImageObject\",\"inLanguage\":\"de-DE\",\"@id\":\"https:\/\/www.iplay.com\/en\/#\/schema\/logo\/image\/\",\"url\":\"https:\/\/www.iplay.com\/wp-content\/uploads\/2023\/11\/Group-6100.svg\",\"contentUrl\":\"https:\/\/www.iplay.com\/wp-content\/uploads\/2023\/11\/Group-6100.svg\",\"width\":98,\"height\":25,\"caption\":\"IPlay\"},\"image\":{\"@id\":\"https:\/\/www.iplay.com\/en\/#\/schema\/logo\/image\/\"}}]}<\/script>\n<!-- \/ Yoast SEO Premium plugin. -->","yoast_head_json":{"title":"Horatio's Travels - Genie\u00dfen Sie Eiscreme schwingende Pinguine in diesem entz\u00fcckenden Abenteuer","description":"Sehensw\u00fcrdigkeiten! Leute zum Treffen! Horatio scheint sich einfach nicht mit einer ganzen Welt voller M\u00f6glichkeiten vor seiner Haust\u00fcr niederlassen zu k\u00f6nnen. Die L\u00f6sung?","robots":{"index":"index","follow":"follow","max-snippet":"max-snippet:-1","max-image-preview":"max-image-preview:large","max-video-preview":"max-video-preview:-1"},"canonical":"https:\/\/www.iplay.com\/de\/games\/horatios-travels\/","og_locale":"de_DE","og_type":"article","og_title":"Horatio's Travels","og_description":"Sehensw\u00fcrdigkeiten! Leute zum Treffen! Horatio scheint sich einfach nicht mit einer ganzen Welt voller M\u00f6glichkeiten vor seiner Haust\u00fcr niederlassen zu k\u00f6nnen. Die L\u00f6sung?","og_url":"https:\/\/www.iplay.com\/de\/games\/horatios-travels\/","og_site_name":"IPlay","og_image":[{"width":310,"height":310,"url":"https:\/\/www.iplay.com\/wp-content\/uploads\/2023\/12\/large_square_tile_image-1130.jpg","type":"image\/jpeg"}],"twitter_card":"summary_large_image","twitter_misc":{"Gesch\u00e4tzte Lesezeit":"1 Minute"},"schema":{"@context":"https:\/\/schema.org","@graph":[{"@type":"WebPage","@id":"https:\/\/www.iplay.com\/de\/games\/horatios-travels\/","url":"https:\/\/www.iplay.com\/de\/games\/horatios-travels\/","name":"Horatio's Travels - Genie\u00dfen Sie Eiscreme schwingende Pinguine in diesem entz\u00fcckenden Abenteuer","isPartOf":{"@id":"https:\/\/www.iplay.com\/en\/#website"},"primaryImageOfPage":{"@id":"https:\/\/www.iplay.com\/de\/games\/horatios-travels\/#primaryimage"},"image":{"@id":"https:\/\/www.iplay.com\/de\/games\/horatios-travels\/#primaryimage"},"thumbnailUrl":"https:\/\/www.iplay.com\/wp-content\/uploads\/2023\/12\/large_square_tile_image-1130.jpg","datePublished":"2009-09-03T00:00:00+00:00","description":"Sehensw\u00fcrdigkeiten! Leute zum Treffen! Horatio scheint sich einfach nicht mit einer ganzen Welt voller M\u00f6glichkeiten vor seiner Haust\u00fcr niederlassen zu k\u00f6nnen. Die L\u00f6sung?","breadcrumb":{"@id":"https:\/\/www.iplay.com\/de\/games\/horatios-travels\/#breadcrumb"},"inLanguage":"de-DE","potentialAction":[{"@type":"ReadAction","target":["https:\/\/www.iplay.com\/de\/games\/horatios-travels\/"]}]},{"@type":"ImageObject","inLanguage":"de-DE","@id":"https:\/\/www.iplay.com\/de\/games\/horatios-travels\/#primaryimage","url":"https:\/\/www.iplay.com\/wp-content\/uploads\/2023\/12\/large_square_tile_image-1130.jpg","contentUrl":"https:\/\/www.iplay.com\/wp-content\/uploads\/2023\/12\/large_square_tile_image-1130.jpg","width":310,"height":310},{"@type":"BreadcrumbList","@id":"https:\/\/www.iplay.com\/de\/games\/horatios-travels\/#breadcrumb","itemListElement":[{"@type":"ListItem","position":1,"name":"Home","item":"https:\/\/www.iplay.com\/de\/home-page-2\/"},{"@type":"ListItem","position":2,"name":"Shop","item":"https:\/\/www.iplay.com\/en\/shop\/"},{"@type":"ListItem","position":3,"name":"Horatio&#8217;s Travels"}]},{"@type":"WebSite","@id":"https:\/\/www.iplay.com\/en\/#website","url":"https:\/\/www.iplay.com\/en\/","name":"IPlay","description":"The Best Casual Games!","publisher":{"@id":"https:\/\/www.iplay.com\/en\/#organization"},"potentialAction":[{"@type":"SearchAction","target":{"@type":"EntryPoint","urlTemplate":"https:\/\/www.iplay.com\/en\/?s={search_term_string}"},"query-input":{"@type":"PropertyValueSpecification","valueRequired":true,"valueName":"search_term_string"}}],"inLanguage":"de-DE"},{"@type":"Organization","@id":"https:\/\/www.iplay.com\/en\/#organization","name":"IPlay","url":"https:\/\/www.iplay.com\/en\/","logo":{"@type":"ImageObject","inLanguage":"de-DE","@id":"https:\/\/www.iplay.com\/en\/#\/schema\/logo\/image\/","url":"https:\/\/www.iplay.com\/wp-content\/uploads\/2023\/11\/Group-6100.svg","contentUrl":"https:\/\/www.iplay.com\/wp-content\/uploads\/2023\/11\/Group-6100.svg","width":98,"height":25,"caption":"IPlay"},"image":{"@id":"https:\/\/www.iplay.com\/en\/#\/schema\/logo\/image\/"}}]}},"_links":{"self":[{"href":"https:\/\/www.iplay.com\/de\/wp-json\/wp\/v2\/product\/126522","targetHints":{"allow":["GET"]}}],"collection":[{"href":"https:\/\/www.iplay.com\/de\/wp-json\/wp\/v2\/product"}],"about":[{"href":"https:\/\/www.iplay.com\/de\/wp-json\/wp\/v2\/types\/product"}],"author":[{"embeddable":true,"href":"https:\/\/www.iplay.com\/de\/wp-json\/wp\/v2\/users\/114"}],"replies":[{"embeddable":true,"href":"https:\/\/www.iplay.com\/de\/wp-json\/wp\/v2\/comments?post=126522"}],"wp:featuredmedia":[{"embeddable":true,"href":"https:\/\/www.iplay.com\/de\/wp-json\/wp\/v2\/media\/58486"}],"wp:attachment":[{"href":"https:\/\/www.iplay.com\/de\/wp-json\/wp\/v2\/media?parent=126522"}],"wp:term":[{"taxonomy":"product_brand","embeddable":true,"href":"https:\/\/www.iplay.com\/de\/wp-json\/wp\/v2\/product_brand?post=126522"},{"taxonomy":"product_cat","embeddable":true,"href":"https:\/\/www.iplay.com\/de\/wp-json\/wp\/v2\/product_cat?post=126522"},{"taxonomy":"product_tag","embeddable":true,"href":"https:\/\/www.iplay.com\/de\/wp-json\/wp\/v2\/product_tag?post=126522"}],"curies":[{"name":"wp","href":"https:\/\/api.w.org\/{rel}","templated":true}]}}