{"id":126490,"date":"2023-05-11T00:00:00","date_gmt":"2023-05-11T00:00:00","guid":{"rendered":"https:\/\/www.iplay.com\/games\/build-a-lot-big-dreams\/"},"modified":"2023-05-11T00:00:00","modified_gmt":"2023-05-11T00:00:00","slug":"build-a-lot-big-dreams","status":"publish","type":"product","link":"https:\/\/www.iplay.com\/de\/games\/build-a-lot-big-dreams\/","title":{"rendered":"Build-a-lot Big Dreams"},"content":{"rendered":"<p>Selbst die kleinste Stadt hat hohe Anspr\u00fcche. Jeder m\u00f6chte, dass jemand wie Sie ihm hilft, Gemeinden zu entwickeln, seine H\u00e4user zu verbessern oder Parks und Annehmlichkeiten hinzuzuf\u00fcgen. Du hast die Kontrolle \u00fcber die Gesch\u00e4fte und Unterhaltungsm\u00f6glichkeiten jeder Stadt und baust Residenzen. Die Erf\u00fcllung von Tr\u00e4umen ist eine wichtige Aufgabe, aber keine Sorge, die Community-Leader werden Ihnen beim Einstieg helfen. Da es auch Ihre Tr\u00e4ume sind, k\u00f6nnen Sie entweder Rennen fahren, um schnell ins Ziel zu kommen und die beste Bewertung zu erhalten, oder Sie k\u00f6nnen sich Zeit nehmen und genau so ins Ziel kommen, wie Sie es m\u00f6chten!    <\/p>\n<p>&nbsp;<\/p>\n<p><strong>Funktionen:<\/strong><\/p>\n<ul>\n<li>50 Ebenen, die sich auf sechs verschiedene Gemeinden verteilen15 Geb\u00e4ude, bestehend aus Wohnungen, Parks und Dienstleistungen, m\u00fcssen gebaut werden.<\/li>\n<li>Nutzen Sie die Flip House-Option, um schnell Geld zu sammeln.<\/li>\n<li>Erreiche optionale Ziele, um Bonuspunkte zu erhalten.<\/li>\n<li>Finde den Gartenzwerg in jeder Stufe, um Bonuspunkte zu erhalten.<\/li>\n<li>Nutzen Sie Bonuspunkte zu Ihrem Vorteil, um in schwierigen Etappen voranzukommen<\/li>\n<\/ul>\n","protected":false},"excerpt":{"rendered":"<p>W\u00e4hrend du H\u00e4user baust, erwirbst und weiterverkaufst, um gro\u00dfe Einnahmen zu erzielen, unterst\u00fctze St\u00e4dte bei ihren gro\u00dfen Tr\u00e4umen!<\/p>\n","protected":false},"author":6,"featured_media":91605,"comment_status":"open","ping_status":"closed","template":"","meta":{"_acf_changed":false,"inline_featured_image":false},"product_brand":[],"product_cat":[217],"product_tag":[243,289],"class_list":{"0":"post-126490","1":"product","2":"type-product","3":"status-publish","4":"has-post-thumbnail","6":"product_cat-time-management-de","7":"product_tag-build-a-lot-series-de","8":"product_tag-play-on-pc-de","10":"first","11":"instock","12":"shipping-taxable","13":"purchasable","14":"product-type-simple"},"acf":[],"yoast_head":"<!-- This site is optimized with the Yoast SEO Premium plugin v25.2 (Yoast SEO v25.2) - https:\/\/yoast.com\/wordpress\/plugins\/seo\/ -->\n<title>Build-a-lot Big Dreams - Bauen, kaufen, umdrehen Sie H\u00e4user f\u00fcr gro\u00dfe Gewinne in St\u00e4dten<\/title>\n<meta name=\"description\" content=\"W\u00e4hrend du H\u00e4user baust, erwirbst und weiterverkaufst, um gro\u00dfe Einnahmen zu erzielen, unterst\u00fctze St\u00e4dte bei ihren gro\u00dfen Tr\u00e4umen!\" \/>\n<meta name=\"robots\" content=\"index, follow, max-snippet:-1, max-image-preview:large, max-video-preview:-1\" \/>\n<link rel=\"canonical\" href=\"https:\/\/www.iplay.com\/de\/games\/build-a-lot-big-dreams\/\" \/>\n<meta property=\"og:locale\" content=\"de_DE\" \/>\n<meta property=\"og:type\" content=\"article\" \/>\n<meta property=\"og:title\" content=\"Build-a-lot Big Dreams\" \/>\n<meta property=\"og:description\" content=\"W\u00e4hrend du H\u00e4user baust, erwirbst und weiterverkaufst, um gro\u00dfe Einnahmen zu erzielen, unterst\u00fctze St\u00e4dte bei ihren gro\u00dfen Tr\u00e4umen!\" \/>\n<meta property=\"og:url\" content=\"https:\/\/www.iplay.com\/de\/games\/build-a-lot-big-dreams\/\" \/>\n<meta property=\"og:site_name\" content=\"IPlay\" \/>\n<meta property=\"og:image\" content=\"https:\/\/www.iplay.com\/wp-content\/uploads\/2023\/12\/large_square_tile_image-3240.jpg\" \/>\n\t<meta property=\"og:image:width\" content=\"310\" \/>\n\t<meta property=\"og:image:height\" content=\"310\" \/>\n\t<meta property=\"og:image:type\" content=\"image\/jpeg\" \/>\n<meta name=\"twitter:card\" content=\"summary_large_image\" \/>\n<meta name=\"twitter:label1\" content=\"Gesch\u00e4tzte Lesezeit\" \/>\n\t<meta name=\"twitter:data1\" content=\"1 Minute\" \/>\n<script type=\"application\/ld+json\" class=\"yoast-schema-graph\">{\"@context\":\"https:\/\/schema.org\",\"@graph\":[{\"@type\":\"WebPage\",\"@id\":\"https:\/\/www.iplay.com\/de\/games\/build-a-lot-big-dreams\/\",\"url\":\"https:\/\/www.iplay.com\/de\/games\/build-a-lot-big-dreams\/\",\"name\":\"Build-a-lot Big Dreams - Bauen, kaufen, umdrehen Sie H\u00e4user f\u00fcr gro\u00dfe Gewinne in St\u00e4dten\",\"isPartOf\":{\"@id\":\"https:\/\/www.iplay.com\/en\/#website\"},\"primaryImageOfPage\":{\"@id\":\"https:\/\/www.iplay.com\/de\/games\/build-a-lot-big-dreams\/#primaryimage\"},\"image\":{\"@id\":\"https:\/\/www.iplay.com\/de\/games\/build-a-lot-big-dreams\/#primaryimage\"},\"thumbnailUrl\":\"https:\/\/www.iplay.com\/wp-content\/uploads\/2023\/12\/large_square_tile_image-3240.jpg\",\"datePublished\":\"2023-05-11T00:00:00+00:00\",\"description\":\"W\u00e4hrend du H\u00e4user baust, erwirbst und weiterverkaufst, um gro\u00dfe Einnahmen zu erzielen, unterst\u00fctze St\u00e4dte bei ihren gro\u00dfen Tr\u00e4umen!\",\"breadcrumb\":{\"@id\":\"https:\/\/www.iplay.com\/de\/games\/build-a-lot-big-dreams\/#breadcrumb\"},\"inLanguage\":\"de-DE\",\"potentialAction\":[{\"@type\":\"ReadAction\",\"target\":[\"https:\/\/www.iplay.com\/de\/games\/build-a-lot-big-dreams\/\"]}]},{\"@type\":\"ImageObject\",\"inLanguage\":\"de-DE\",\"@id\":\"https:\/\/www.iplay.com\/de\/games\/build-a-lot-big-dreams\/#primaryimage\",\"url\":\"https:\/\/www.iplay.com\/wp-content\/uploads\/2023\/12\/large_square_tile_image-3240.jpg\",\"contentUrl\":\"https:\/\/www.iplay.com\/wp-content\/uploads\/2023\/12\/large_square_tile_image-3240.jpg\",\"width\":310,\"height\":310},{\"@type\":\"BreadcrumbList\",\"@id\":\"https:\/\/www.iplay.com\/de\/games\/build-a-lot-big-dreams\/#breadcrumb\",\"itemListElement\":[{\"@type\":\"ListItem\",\"position\":1,\"name\":\"Home\",\"item\":\"https:\/\/www.iplay.com\/de\/home-page-2\/\"},{\"@type\":\"ListItem\",\"position\":2,\"name\":\"Shop\",\"item\":\"https:\/\/www.iplay.com\/en\/shop\/\"},{\"@type\":\"ListItem\",\"position\":3,\"name\":\"Build-a-lot Big Dreams\"}]},{\"@type\":\"WebSite\",\"@id\":\"https:\/\/www.iplay.com\/en\/#website\",\"url\":\"https:\/\/www.iplay.com\/en\/\",\"name\":\"IPlay\",\"description\":\"The Best Casual Games!\",\"publisher\":{\"@id\":\"https:\/\/www.iplay.com\/en\/#organization\"},\"potentialAction\":[{\"@type\":\"SearchAction\",\"target\":{\"@type\":\"EntryPoint\",\"urlTemplate\":\"https:\/\/www.iplay.com\/en\/?s={search_term_string}\"},\"query-input\":{\"@type\":\"PropertyValueSpecification\",\"valueRequired\":true,\"valueName\":\"search_term_string\"}}],\"inLanguage\":\"de-DE\"},{\"@type\":\"Organization\",\"@id\":\"https:\/\/www.iplay.com\/en\/#organization\",\"name\":\"IPlay\",\"url\":\"https:\/\/www.iplay.com\/en\/\",\"logo\":{\"@type\":\"ImageObject\",\"inLanguage\":\"de-DE\",\"@id\":\"https:\/\/www.iplay.com\/en\/#\/schema\/logo\/image\/\",\"url\":\"https:\/\/www.iplay.com\/wp-content\/uploads\/2023\/11\/Group-6100.svg\",\"contentUrl\":\"https:\/\/www.iplay.com\/wp-content\/uploads\/2023\/11\/Group-6100.svg\",\"width\":98,\"height\":25,\"caption\":\"IPlay\"},\"image\":{\"@id\":\"https:\/\/www.iplay.com\/en\/#\/schema\/logo\/image\/\"}}]}<\/script>\n<!-- \/ Yoast SEO Premium plugin. -->","yoast_head_json":{"title":"Build-a-lot Big Dreams - Bauen, kaufen, umdrehen Sie H\u00e4user f\u00fcr gro\u00dfe Gewinne in St\u00e4dten","description":"W\u00e4hrend du H\u00e4user baust, erwirbst und weiterverkaufst, um gro\u00dfe Einnahmen zu erzielen, unterst\u00fctze St\u00e4dte bei ihren gro\u00dfen Tr\u00e4umen!","robots":{"index":"index","follow":"follow","max-snippet":"max-snippet:-1","max-image-preview":"max-image-preview:large","max-video-preview":"max-video-preview:-1"},"canonical":"https:\/\/www.iplay.com\/de\/games\/build-a-lot-big-dreams\/","og_locale":"de_DE","og_type":"article","og_title":"Build-a-lot Big Dreams","og_description":"W\u00e4hrend du H\u00e4user baust, erwirbst und weiterverkaufst, um gro\u00dfe Einnahmen zu erzielen, unterst\u00fctze St\u00e4dte bei ihren gro\u00dfen Tr\u00e4umen!","og_url":"https:\/\/www.iplay.com\/de\/games\/build-a-lot-big-dreams\/","og_site_name":"IPlay","og_image":[{"width":310,"height":310,"url":"https:\/\/www.iplay.com\/wp-content\/uploads\/2023\/12\/large_square_tile_image-3240.jpg","type":"image\/jpeg"}],"twitter_card":"summary_large_image","twitter_misc":{"Gesch\u00e4tzte Lesezeit":"1 Minute"},"schema":{"@context":"https:\/\/schema.org","@graph":[{"@type":"WebPage","@id":"https:\/\/www.iplay.com\/de\/games\/build-a-lot-big-dreams\/","url":"https:\/\/www.iplay.com\/de\/games\/build-a-lot-big-dreams\/","name":"Build-a-lot Big Dreams - Bauen, kaufen, umdrehen Sie H\u00e4user f\u00fcr gro\u00dfe Gewinne in St\u00e4dten","isPartOf":{"@id":"https:\/\/www.iplay.com\/en\/#website"},"primaryImageOfPage":{"@id":"https:\/\/www.iplay.com\/de\/games\/build-a-lot-big-dreams\/#primaryimage"},"image":{"@id":"https:\/\/www.iplay.com\/de\/games\/build-a-lot-big-dreams\/#primaryimage"},"thumbnailUrl":"https:\/\/www.iplay.com\/wp-content\/uploads\/2023\/12\/large_square_tile_image-3240.jpg","datePublished":"2023-05-11T00:00:00+00:00","description":"W\u00e4hrend du H\u00e4user baust, erwirbst und weiterverkaufst, um gro\u00dfe Einnahmen zu erzielen, unterst\u00fctze St\u00e4dte bei ihren gro\u00dfen Tr\u00e4umen!","breadcrumb":{"@id":"https:\/\/www.iplay.com\/de\/games\/build-a-lot-big-dreams\/#breadcrumb"},"inLanguage":"de-DE","potentialAction":[{"@type":"ReadAction","target":["https:\/\/www.iplay.com\/de\/games\/build-a-lot-big-dreams\/"]}]},{"@type":"ImageObject","inLanguage":"de-DE","@id":"https:\/\/www.iplay.com\/de\/games\/build-a-lot-big-dreams\/#primaryimage","url":"https:\/\/www.iplay.com\/wp-content\/uploads\/2023\/12\/large_square_tile_image-3240.jpg","contentUrl":"https:\/\/www.iplay.com\/wp-content\/uploads\/2023\/12\/large_square_tile_image-3240.jpg","width":310,"height":310},{"@type":"BreadcrumbList","@id":"https:\/\/www.iplay.com\/de\/games\/build-a-lot-big-dreams\/#breadcrumb","itemListElement":[{"@type":"ListItem","position":1,"name":"Home","item":"https:\/\/www.iplay.com\/de\/home-page-2\/"},{"@type":"ListItem","position":2,"name":"Shop","item":"https:\/\/www.iplay.com\/en\/shop\/"},{"@type":"ListItem","position":3,"name":"Build-a-lot Big Dreams"}]},{"@type":"WebSite","@id":"https:\/\/www.iplay.com\/en\/#website","url":"https:\/\/www.iplay.com\/en\/","name":"IPlay","description":"The Best Casual Games!","publisher":{"@id":"https:\/\/www.iplay.com\/en\/#organization"},"potentialAction":[{"@type":"SearchAction","target":{"@type":"EntryPoint","urlTemplate":"https:\/\/www.iplay.com\/en\/?s={search_term_string}"},"query-input":{"@type":"PropertyValueSpecification","valueRequired":true,"valueName":"search_term_string"}}],"inLanguage":"de-DE"},{"@type":"Organization","@id":"https:\/\/www.iplay.com\/en\/#organization","name":"IPlay","url":"https:\/\/www.iplay.com\/en\/","logo":{"@type":"ImageObject","inLanguage":"de-DE","@id":"https:\/\/www.iplay.com\/en\/#\/schema\/logo\/image\/","url":"https:\/\/www.iplay.com\/wp-content\/uploads\/2023\/11\/Group-6100.svg","contentUrl":"https:\/\/www.iplay.com\/wp-content\/uploads\/2023\/11\/Group-6100.svg","width":98,"height":25,"caption":"IPlay"},"image":{"@id":"https:\/\/www.iplay.com\/en\/#\/schema\/logo\/image\/"}}]}},"_links":{"self":[{"href":"https:\/\/www.iplay.com\/de\/wp-json\/wp\/v2\/product\/126490","targetHints":{"allow":["GET"]}}],"collection":[{"href":"https:\/\/www.iplay.com\/de\/wp-json\/wp\/v2\/product"}],"about":[{"href":"https:\/\/www.iplay.com\/de\/wp-json\/wp\/v2\/types\/product"}],"author":[{"embeddable":true,"href":"https:\/\/www.iplay.com\/de\/wp-json\/wp\/v2\/users\/6"}],"replies":[{"embeddable":true,"href":"https:\/\/www.iplay.com\/de\/wp-json\/wp\/v2\/comments?post=126490"}],"wp:featuredmedia":[{"embeddable":true,"href":"https:\/\/www.iplay.com\/de\/wp-json\/wp\/v2\/media\/91605"}],"wp:attachment":[{"href":"https:\/\/www.iplay.com\/de\/wp-json\/wp\/v2\/media?parent=126490"}],"wp:term":[{"taxonomy":"product_brand","embeddable":true,"href":"https:\/\/www.iplay.com\/de\/wp-json\/wp\/v2\/product_brand?post=126490"},{"taxonomy":"product_cat","embeddable":true,"href":"https:\/\/www.iplay.com\/de\/wp-json\/wp\/v2\/product_cat?post=126490"},{"taxonomy":"product_tag","embeddable":true,"href":"https:\/\/www.iplay.com\/de\/wp-json\/wp\/v2\/product_tag?post=126490"}],"curies":[{"name":"wp","href":"https:\/\/api.w.org\/{rel}","templated":true}]}}