{"id":126476,"date":"2024-11-05T09:00:00","date_gmt":"2024-11-05T09:00:00","guid":{"rendered":"https:\/\/www.iplay.com\/games\/gloomy-tales-hotel-frightsylvania-collectors-edition\/"},"modified":"2024-11-05T09:00:00","modified_gmt":"2024-11-05T09:00:00","slug":"gloomy-tales-hotel-frightsylvania-collectors-edition","status":"publish","type":"product","link":"https:\/\/www.iplay.com\/de\/games\/gloomy-tales-hotel-frightsylvania-collectors-edition\/","title":{"rendered":"Gloomy Tales: Hotel Frightsylvania Collector&#8217;s Edition"},"content":{"rendered":"<p>Stellen Sie sich Folgendes vor: Ein r\u00e4tselhafter Wohlt\u00e4ter hat Sie zu einer privaten Halloween-Feier im Herzen Rum\u00e4niens eingeladen. Die Einladung verspricht Nervenkitzel und G\u00e4nsehaut, und Annabelle kann nicht widerstehen \u2013 ihr Koffer ist gepackt und die Flugtickets stehen bereit. Ein Halloween-Kost\u00fcm wurde sorgf\u00e4ltig f\u00fcr diesen Anlass ausgew\u00e4hlt, und schon bald geht es los. Nach der Ankunft erhellt das Leuchten der dunklen Berge den Weg zu einer alten Burg, die zu den omin\u00f6sen T\u00fcren des Frightsylvania Hotels f\u00fchrt. Mit seiner Mischung aus Luxus, Geheimnis und unheimlichem Charme ist dieses Hotel kein gew\u00f6hnlicher R\u00fcckzugsort. Es wird gemunkelt, dass es seltsame Geheimnisse, m\u00f6gliche Monster und gef\u00e4hrliche Fallen beherbergt. W\u00e4hrend die gro\u00dfen Hallen und versteckten Tunnel erkundet werden, ist das beunruhigende Gef\u00fchl, beobachtet zu werden, nicht mehr zu \u00fcbersehen. Und es ist mehr als nur ein Gef\u00fchl \u2013 verborgene Augen beobachten jede Bewegung.      <\/p>\n<p><strong>Funktionen<\/strong><\/p>\n<ul>\n<li>Entdecke verborgene Geheimnisse in einem Bonuskapitel: Schlie\u00dfe die Hauptgeschichte ab, um ein zus\u00e4tzliches Kapitel freizuschalten, in dem du dich mit den unerwarteten Feindseligkeiten auseinandersetzt, die der Gruppe folgen. Und nein, es ist nicht nur das Ergebnis von zu vielen Getr\u00e4nken. <\/li>\n<li>L\u00f6se herausfordernde R\u00e4tsel und Minispiele: Makabre Minispiele und komplizierte R\u00e4tsel sind \u00fcberall verstreut, und jeder Abschluss bringt Erfolge und Belohnungen, die das unheimliche Abenteuer noch verst\u00e4rken.<\/li>\n<li>Sammlerst\u00fccke und exklusive Inhalte: Jage nach einzigartigen Sammlerst\u00fccken und entdecke zus\u00e4tzliche Inhalte exklusiv f\u00fcr diese schaurige Serie, die mehr \u00fcber die dunkle Geschichte des Schlosses verraten.<\/li>\n<li>Triff Entscheidungen, die die Geschichte pr\u00e4gen: Es werden kritische Entscheidungen getroffen, von denen jede die Macht hat, das Schicksal von Menschen und Monstern gleicherma\u00dfen zu ver\u00e4ndern.<\/li>\n<\/ul>\n<p>&nbsp;<\/p>\n<p>Betreten Sie das Frightsylvania Hotel, wo Ihr Mut auf die Probe gestellt, Geheimnisse gel\u00fcftet werden und hinter jeder Ecke gruselige Abenteuer warten. Bereite dich vor \u2013 diese Halloween-Party wirst du nicht so schnell vergessen!<\/p>\n","protected":false},"excerpt":{"rendered":"<p>Betreten Sie das Frightsylvania Hotel, wo hinter jeder Ecke der Mut auf die Probe gestellt wird.<\/p>\n","protected":false},"author":52,"featured_media":124469,"comment_status":"open","ping_status":"closed","template":"","meta":{"_acf_changed":false,"inline_featured_image":false},"product_brand":[],"product_cat":[164],"product_tag":[289],"class_list":{"0":"post-126476","1":"product","2":"type-product","3":"status-publish","4":"has-post-thumbnail","6":"product_cat-hidden-object-de","7":"product_tag-play-on-pc-de","9":"first","10":"instock","11":"shipping-taxable","12":"purchasable","13":"product-type-simple"},"acf":[],"yoast_head":"<!-- This site is optimized with the Yoast SEO Premium plugin v25.2 (Yoast SEO v25.2) - https:\/\/yoast.com\/wordpress\/plugins\/seo\/ -->\n<title>Gloomy Tales: Hotel Frightsylvania CE - Ruhe ist gut f\u00fcr das Blut.<\/title>\n<meta name=\"description\" content=\"Betreten Sie das Frightsylvania Hotel, wo hinter jeder Ecke der Mut auf die Probe gestellt wird.\" \/>\n<meta name=\"robots\" content=\"index, follow, max-snippet:-1, max-image-preview:large, max-video-preview:-1\" \/>\n<link rel=\"canonical\" href=\"https:\/\/www.iplay.com\/de\/games\/gloomy-tales-hotel-frightsylvania-collectors-edition\/\" \/>\n<meta property=\"og:locale\" content=\"de_DE\" \/>\n<meta property=\"og:type\" content=\"article\" \/>\n<meta property=\"og:title\" content=\"Gloomy Tales: Hotel Frightsylvania Collector&#039;s Edition\" \/>\n<meta property=\"og:description\" content=\"Betreten Sie das Frightsylvania Hotel, wo hinter jeder Ecke der Mut auf die Probe gestellt wird.\" \/>\n<meta property=\"og:url\" content=\"https:\/\/www.iplay.com\/de\/games\/gloomy-tales-hotel-frightsylvania-collectors-edition\/\" \/>\n<meta property=\"og:site_name\" content=\"IPlay\" \/>\n<meta property=\"og:image\" content=\"https:\/\/www.iplay.com\/wp-content\/uploads\/2024\/11\/400x400-gloomy_tales_-_hotel_frightsylvania_ce_large_square_tile_image.webp\" \/>\n\t<meta property=\"og:image:width\" content=\"400\" \/>\n\t<meta property=\"og:image:height\" content=\"400\" \/>\n\t<meta property=\"og:image:type\" content=\"image\/webp\" \/>\n<meta name=\"twitter:card\" content=\"summary_large_image\" \/>\n<meta name=\"twitter:label1\" content=\"Gesch\u00e4tzte Lesezeit\" \/>\n\t<meta name=\"twitter:data1\" content=\"2 Minuten\" \/>\n<script type=\"application\/ld+json\" class=\"yoast-schema-graph\">{\"@context\":\"https:\/\/schema.org\",\"@graph\":[{\"@type\":\"WebPage\",\"@id\":\"https:\/\/www.iplay.com\/de\/games\/gloomy-tales-hotel-frightsylvania-collectors-edition\/\",\"url\":\"https:\/\/www.iplay.com\/de\/games\/gloomy-tales-hotel-frightsylvania-collectors-edition\/\",\"name\":\"Gloomy Tales: Hotel Frightsylvania CE - Ruhe ist gut f\u00fcr das Blut.\",\"isPartOf\":{\"@id\":\"https:\/\/www.iplay.com\/en\/#website\"},\"primaryImageOfPage\":{\"@id\":\"https:\/\/www.iplay.com\/de\/games\/gloomy-tales-hotel-frightsylvania-collectors-edition\/#primaryimage\"},\"image\":{\"@id\":\"https:\/\/www.iplay.com\/de\/games\/gloomy-tales-hotel-frightsylvania-collectors-edition\/#primaryimage\"},\"thumbnailUrl\":\"https:\/\/www.iplay.com\/wp-content\/uploads\/2024\/11\/400x400-gloomy_tales_-_hotel_frightsylvania_ce_large_square_tile_image.webp\",\"datePublished\":\"2024-11-05T09:00:00+00:00\",\"description\":\"Betreten Sie das Frightsylvania Hotel, wo hinter jeder Ecke der Mut auf die Probe gestellt wird.\",\"breadcrumb\":{\"@id\":\"https:\/\/www.iplay.com\/de\/games\/gloomy-tales-hotel-frightsylvania-collectors-edition\/#breadcrumb\"},\"inLanguage\":\"de-DE\",\"potentialAction\":[{\"@type\":\"ReadAction\",\"target\":[\"https:\/\/www.iplay.com\/de\/games\/gloomy-tales-hotel-frightsylvania-collectors-edition\/\"]}]},{\"@type\":\"ImageObject\",\"inLanguage\":\"de-DE\",\"@id\":\"https:\/\/www.iplay.com\/de\/games\/gloomy-tales-hotel-frightsylvania-collectors-edition\/#primaryimage\",\"url\":\"https:\/\/www.iplay.com\/wp-content\/uploads\/2024\/11\/400x400-gloomy_tales_-_hotel_frightsylvania_ce_large_square_tile_image.webp\",\"contentUrl\":\"https:\/\/www.iplay.com\/wp-content\/uploads\/2024\/11\/400x400-gloomy_tales_-_hotel_frightsylvania_ce_large_square_tile_image.webp\",\"width\":400,\"height\":400},{\"@type\":\"BreadcrumbList\",\"@id\":\"https:\/\/www.iplay.com\/de\/games\/gloomy-tales-hotel-frightsylvania-collectors-edition\/#breadcrumb\",\"itemListElement\":[{\"@type\":\"ListItem\",\"position\":1,\"name\":\"Home\",\"item\":\"https:\/\/www.iplay.com\/de\/home-page-2\/\"},{\"@type\":\"ListItem\",\"position\":2,\"name\":\"Shop\",\"item\":\"https:\/\/www.iplay.com\/en\/shop\/\"},{\"@type\":\"ListItem\",\"position\":3,\"name\":\"Gloomy Tales: Hotel Frightsylvania Collector&#8217;s Edition\"}]},{\"@type\":\"WebSite\",\"@id\":\"https:\/\/www.iplay.com\/en\/#website\",\"url\":\"https:\/\/www.iplay.com\/en\/\",\"name\":\"IPlay\",\"description\":\"The Best Casual Games!\",\"publisher\":{\"@id\":\"https:\/\/www.iplay.com\/en\/#organization\"},\"potentialAction\":[{\"@type\":\"SearchAction\",\"target\":{\"@type\":\"EntryPoint\",\"urlTemplate\":\"https:\/\/www.iplay.com\/en\/?s={search_term_string}\"},\"query-input\":{\"@type\":\"PropertyValueSpecification\",\"valueRequired\":true,\"valueName\":\"search_term_string\"}}],\"inLanguage\":\"de-DE\"},{\"@type\":\"Organization\",\"@id\":\"https:\/\/www.iplay.com\/en\/#organization\",\"name\":\"IPlay\",\"url\":\"https:\/\/www.iplay.com\/en\/\",\"logo\":{\"@type\":\"ImageObject\",\"inLanguage\":\"de-DE\",\"@id\":\"https:\/\/www.iplay.com\/en\/#\/schema\/logo\/image\/\",\"url\":\"https:\/\/www.iplay.com\/wp-content\/uploads\/2023\/11\/Group-6100.svg\",\"contentUrl\":\"https:\/\/www.iplay.com\/wp-content\/uploads\/2023\/11\/Group-6100.svg\",\"width\":98,\"height\":25,\"caption\":\"IPlay\"},\"image\":{\"@id\":\"https:\/\/www.iplay.com\/en\/#\/schema\/logo\/image\/\"}}]}<\/script>\n<!-- \/ Yoast SEO Premium plugin. -->","yoast_head_json":{"title":"Gloomy Tales: Hotel Frightsylvania CE - Ruhe ist gut f\u00fcr das Blut.","description":"Betreten Sie das Frightsylvania Hotel, wo hinter jeder Ecke der Mut auf die Probe gestellt wird.","robots":{"index":"index","follow":"follow","max-snippet":"max-snippet:-1","max-image-preview":"max-image-preview:large","max-video-preview":"max-video-preview:-1"},"canonical":"https:\/\/www.iplay.com\/de\/games\/gloomy-tales-hotel-frightsylvania-collectors-edition\/","og_locale":"de_DE","og_type":"article","og_title":"Gloomy Tales: Hotel Frightsylvania Collector's Edition","og_description":"Betreten Sie das Frightsylvania Hotel, wo hinter jeder Ecke der Mut auf die Probe gestellt wird.","og_url":"https:\/\/www.iplay.com\/de\/games\/gloomy-tales-hotel-frightsylvania-collectors-edition\/","og_site_name":"IPlay","og_image":[{"width":400,"height":400,"url":"https:\/\/www.iplay.com\/wp-content\/uploads\/2024\/11\/400x400-gloomy_tales_-_hotel_frightsylvania_ce_large_square_tile_image.webp","type":"image\/webp"}],"twitter_card":"summary_large_image","twitter_misc":{"Gesch\u00e4tzte Lesezeit":"2 Minuten"},"schema":{"@context":"https:\/\/schema.org","@graph":[{"@type":"WebPage","@id":"https:\/\/www.iplay.com\/de\/games\/gloomy-tales-hotel-frightsylvania-collectors-edition\/","url":"https:\/\/www.iplay.com\/de\/games\/gloomy-tales-hotel-frightsylvania-collectors-edition\/","name":"Gloomy Tales: Hotel Frightsylvania CE - Ruhe ist gut f\u00fcr das Blut.","isPartOf":{"@id":"https:\/\/www.iplay.com\/en\/#website"},"primaryImageOfPage":{"@id":"https:\/\/www.iplay.com\/de\/games\/gloomy-tales-hotel-frightsylvania-collectors-edition\/#primaryimage"},"image":{"@id":"https:\/\/www.iplay.com\/de\/games\/gloomy-tales-hotel-frightsylvania-collectors-edition\/#primaryimage"},"thumbnailUrl":"https:\/\/www.iplay.com\/wp-content\/uploads\/2024\/11\/400x400-gloomy_tales_-_hotel_frightsylvania_ce_large_square_tile_image.webp","datePublished":"2024-11-05T09:00:00+00:00","description":"Betreten Sie das Frightsylvania Hotel, wo hinter jeder Ecke der Mut auf die Probe gestellt wird.","breadcrumb":{"@id":"https:\/\/www.iplay.com\/de\/games\/gloomy-tales-hotel-frightsylvania-collectors-edition\/#breadcrumb"},"inLanguage":"de-DE","potentialAction":[{"@type":"ReadAction","target":["https:\/\/www.iplay.com\/de\/games\/gloomy-tales-hotel-frightsylvania-collectors-edition\/"]}]},{"@type":"ImageObject","inLanguage":"de-DE","@id":"https:\/\/www.iplay.com\/de\/games\/gloomy-tales-hotel-frightsylvania-collectors-edition\/#primaryimage","url":"https:\/\/www.iplay.com\/wp-content\/uploads\/2024\/11\/400x400-gloomy_tales_-_hotel_frightsylvania_ce_large_square_tile_image.webp","contentUrl":"https:\/\/www.iplay.com\/wp-content\/uploads\/2024\/11\/400x400-gloomy_tales_-_hotel_frightsylvania_ce_large_square_tile_image.webp","width":400,"height":400},{"@type":"BreadcrumbList","@id":"https:\/\/www.iplay.com\/de\/games\/gloomy-tales-hotel-frightsylvania-collectors-edition\/#breadcrumb","itemListElement":[{"@type":"ListItem","position":1,"name":"Home","item":"https:\/\/www.iplay.com\/de\/home-page-2\/"},{"@type":"ListItem","position":2,"name":"Shop","item":"https:\/\/www.iplay.com\/en\/shop\/"},{"@type":"ListItem","position":3,"name":"Gloomy Tales: Hotel Frightsylvania Collector&#8217;s Edition"}]},{"@type":"WebSite","@id":"https:\/\/www.iplay.com\/en\/#website","url":"https:\/\/www.iplay.com\/en\/","name":"IPlay","description":"The Best Casual Games!","publisher":{"@id":"https:\/\/www.iplay.com\/en\/#organization"},"potentialAction":[{"@type":"SearchAction","target":{"@type":"EntryPoint","urlTemplate":"https:\/\/www.iplay.com\/en\/?s={search_term_string}"},"query-input":{"@type":"PropertyValueSpecification","valueRequired":true,"valueName":"search_term_string"}}],"inLanguage":"de-DE"},{"@type":"Organization","@id":"https:\/\/www.iplay.com\/en\/#organization","name":"IPlay","url":"https:\/\/www.iplay.com\/en\/","logo":{"@type":"ImageObject","inLanguage":"de-DE","@id":"https:\/\/www.iplay.com\/en\/#\/schema\/logo\/image\/","url":"https:\/\/www.iplay.com\/wp-content\/uploads\/2023\/11\/Group-6100.svg","contentUrl":"https:\/\/www.iplay.com\/wp-content\/uploads\/2023\/11\/Group-6100.svg","width":98,"height":25,"caption":"IPlay"},"image":{"@id":"https:\/\/www.iplay.com\/en\/#\/schema\/logo\/image\/"}}]}},"_links":{"self":[{"href":"https:\/\/www.iplay.com\/de\/wp-json\/wp\/v2\/product\/126476","targetHints":{"allow":["GET"]}}],"collection":[{"href":"https:\/\/www.iplay.com\/de\/wp-json\/wp\/v2\/product"}],"about":[{"href":"https:\/\/www.iplay.com\/de\/wp-json\/wp\/v2\/types\/product"}],"author":[{"embeddable":true,"href":"https:\/\/www.iplay.com\/de\/wp-json\/wp\/v2\/users\/52"}],"replies":[{"embeddable":true,"href":"https:\/\/www.iplay.com\/de\/wp-json\/wp\/v2\/comments?post=126476"}],"wp:featuredmedia":[{"embeddable":true,"href":"https:\/\/www.iplay.com\/de\/wp-json\/wp\/v2\/media\/124469"}],"wp:attachment":[{"href":"https:\/\/www.iplay.com\/de\/wp-json\/wp\/v2\/media?parent=126476"}],"wp:term":[{"taxonomy":"product_brand","embeddable":true,"href":"https:\/\/www.iplay.com\/de\/wp-json\/wp\/v2\/product_brand?post=126476"},{"taxonomy":"product_cat","embeddable":true,"href":"https:\/\/www.iplay.com\/de\/wp-json\/wp\/v2\/product_cat?post=126476"},{"taxonomy":"product_tag","embeddable":true,"href":"https:\/\/www.iplay.com\/de\/wp-json\/wp\/v2\/product_tag?post=126476"}],"curies":[{"name":"wp","href":"https:\/\/api.w.org\/{rel}","templated":true}]}}