{"id":126475,"date":"2020-07-27T00:00:00","date_gmt":"2020-07-27T00:00:00","guid":{"rendered":"https:\/\/www.iplay.com\/games\/family-mysteries-criminal-mindset-collectors-edition\/"},"modified":"2020-07-27T00:00:00","modified_gmt":"2020-07-27T00:00:00","slug":"family-mysteries-criminal-mindset-collectors-edition","status":"publish","type":"product","link":"https:\/\/www.iplay.com\/de\/games\/family-mysteries-criminal-mindset-collectors-edition\/","title":{"rendered":"Family Mysteries: Criminal Mindset Collector&#8217;s Edition"},"content":{"rendered":"<p>Die Verhaltensforscherin Nancy Bradford h\u00e4tte sich nie tr\u00e4umen lassen, welch dunkle und brutale Kraft hinter der experimentellen Philanthropie des ber\u00fchmten und r\u00e4tselhaften Professors Webster steckt, als sie sein Angebot annahm, mit ihm zusammenzuarbeiten. Um die Wahrheit \u00fcber den Tod ihrer Eltern aufzudecken und die Motivation hinter den schrecklichen Experimenten herauszufinden, muss Nancy all ihre List und ihren Instinkt einsetzen. Ist der menschliche Geist zu spr\u00f6de oder kann er schnell genug korrumpiert werden? Lies Family Mysteries: Criminal Mindset, um es herauszufinden!   <\/p>\n<p>&nbsp;<\/p>\n<p>&nbsp;<\/p>\n<p><strong>Funktionen:<\/strong><\/p>\n<p>&nbsp;<\/p>\n<p>&#8211; Bonus-Wimmelbildszenen<br \/>\n&#8211; Zus\u00e4tzliche Minispiele<br \/>\n&#8211; Herunterladbarer Original-Soundtrack<br \/>\n&#8211; Desktop-Hintergr\u00fcnde<\/p>\n","protected":false},"excerpt":{"rendered":"<p>Nancy Bradford steht vor der Entscheidung, ihren Job zu behalten oder die uneingeschr\u00e4nkte, freie Welt zu genie\u00dfen.<\/p>\n","protected":false},"author":118,"featured_media":82611,"comment_status":"open","ping_status":"closed","template":"","meta":{"_acf_changed":false,"inline_featured_image":false},"product_brand":[],"product_cat":[164,201],"product_tag":[289],"class_list":{"0":"post-126475","1":"product","2":"type-product","3":"status-publish","4":"has-post-thumbnail","6":"product_cat-hidden-object-de","7":"product_cat-removed-content-de","8":"product_tag-play-on-pc-de","10":"first","11":"instock","12":"shipping-taxable","13":"purchasable","14":"product-type-simple"},"acf":[],"yoast_head":"<!-- This site is optimized with the Yoast SEO Premium plugin v25.2 (Yoast SEO v25.2) - https:\/\/yoast.com\/wordpress\/plugins\/seo\/ -->\n<title>Family Mysteries: Criminal Mindset Sammleredition - Nancy steht vor der Wahl: ihre Karriere oder eine freie Welt<\/title>\n<meta name=\"description\" content=\"Nancy Bradford steht vor der Entscheidung, ihren Job zu behalten oder die uneingeschr\u00e4nkte, freie Welt zu genie\u00dfen.\" \/>\n<meta name=\"robots\" content=\"index, follow, max-snippet:-1, max-image-preview:large, max-video-preview:-1\" \/>\n<link rel=\"canonical\" href=\"https:\/\/www.iplay.com\/de\/games\/family-mysteries-criminal-mindset-collectors-edition\/\" \/>\n<meta property=\"og:locale\" content=\"de_DE\" \/>\n<meta property=\"og:type\" content=\"article\" \/>\n<meta property=\"og:title\" content=\"Family Mysteries: Criminal Mindset Collector&#039;s Edition\" \/>\n<meta property=\"og:description\" content=\"Nancy Bradford steht vor der Entscheidung, ihren Job zu behalten oder die uneingeschr\u00e4nkte, freie Welt zu genie\u00dfen.\" \/>\n<meta property=\"og:url\" content=\"https:\/\/www.iplay.com\/de\/games\/family-mysteries-criminal-mindset-collectors-edition\/\" \/>\n<meta property=\"og:site_name\" content=\"IPlay\" \/>\n<meta property=\"og:image\" content=\"https:\/\/www.iplay.com\/wp-content\/uploads\/2023\/12\/large_square_tile_image-2670.jpg\" \/>\n\t<meta property=\"og:image:width\" content=\"310\" \/>\n\t<meta property=\"og:image:height\" content=\"310\" \/>\n\t<meta property=\"og:image:type\" content=\"image\/jpeg\" \/>\n<meta name=\"twitter:card\" content=\"summary_large_image\" \/>\n<meta name=\"twitter:label1\" content=\"Gesch\u00e4tzte Lesezeit\" \/>\n\t<meta name=\"twitter:data1\" content=\"1 Minute\" \/>\n<script type=\"application\/ld+json\" class=\"yoast-schema-graph\">{\"@context\":\"https:\/\/schema.org\",\"@graph\":[{\"@type\":\"WebPage\",\"@id\":\"https:\/\/www.iplay.com\/de\/games\/family-mysteries-criminal-mindset-collectors-edition\/\",\"url\":\"https:\/\/www.iplay.com\/de\/games\/family-mysteries-criminal-mindset-collectors-edition\/\",\"name\":\"Family Mysteries: Criminal Mindset Sammleredition - Nancy steht vor der Wahl: ihre Karriere oder eine freie Welt\",\"isPartOf\":{\"@id\":\"https:\/\/www.iplay.com\/en\/#website\"},\"primaryImageOfPage\":{\"@id\":\"https:\/\/www.iplay.com\/de\/games\/family-mysteries-criminal-mindset-collectors-edition\/#primaryimage\"},\"image\":{\"@id\":\"https:\/\/www.iplay.com\/de\/games\/family-mysteries-criminal-mindset-collectors-edition\/#primaryimage\"},\"thumbnailUrl\":\"https:\/\/www.iplay.com\/wp-content\/uploads\/2023\/12\/large_square_tile_image-2670.jpg\",\"datePublished\":\"2020-07-27T00:00:00+00:00\",\"description\":\"Nancy Bradford steht vor der Entscheidung, ihren Job zu behalten oder die uneingeschr\u00e4nkte, freie Welt zu genie\u00dfen.\",\"breadcrumb\":{\"@id\":\"https:\/\/www.iplay.com\/de\/games\/family-mysteries-criminal-mindset-collectors-edition\/#breadcrumb\"},\"inLanguage\":\"de-DE\",\"potentialAction\":[{\"@type\":\"ReadAction\",\"target\":[\"https:\/\/www.iplay.com\/de\/games\/family-mysteries-criminal-mindset-collectors-edition\/\"]}]},{\"@type\":\"ImageObject\",\"inLanguage\":\"de-DE\",\"@id\":\"https:\/\/www.iplay.com\/de\/games\/family-mysteries-criminal-mindset-collectors-edition\/#primaryimage\",\"url\":\"https:\/\/www.iplay.com\/wp-content\/uploads\/2023\/12\/large_square_tile_image-2670.jpg\",\"contentUrl\":\"https:\/\/www.iplay.com\/wp-content\/uploads\/2023\/12\/large_square_tile_image-2670.jpg\",\"width\":310,\"height\":310},{\"@type\":\"BreadcrumbList\",\"@id\":\"https:\/\/www.iplay.com\/de\/games\/family-mysteries-criminal-mindset-collectors-edition\/#breadcrumb\",\"itemListElement\":[{\"@type\":\"ListItem\",\"position\":1,\"name\":\"Home\",\"item\":\"https:\/\/www.iplay.com\/de\/home-page-2\/\"},{\"@type\":\"ListItem\",\"position\":2,\"name\":\"Shop\",\"item\":\"https:\/\/www.iplay.com\/en\/shop\/\"},{\"@type\":\"ListItem\",\"position\":3,\"name\":\"Family Mysteries: Criminal Mindset Collector&#8217;s Edition\"}]},{\"@type\":\"WebSite\",\"@id\":\"https:\/\/www.iplay.com\/en\/#website\",\"url\":\"https:\/\/www.iplay.com\/en\/\",\"name\":\"IPlay\",\"description\":\"The Best Casual Games!\",\"publisher\":{\"@id\":\"https:\/\/www.iplay.com\/en\/#organization\"},\"potentialAction\":[{\"@type\":\"SearchAction\",\"target\":{\"@type\":\"EntryPoint\",\"urlTemplate\":\"https:\/\/www.iplay.com\/en\/?s={search_term_string}\"},\"query-input\":{\"@type\":\"PropertyValueSpecification\",\"valueRequired\":true,\"valueName\":\"search_term_string\"}}],\"inLanguage\":\"de-DE\"},{\"@type\":\"Organization\",\"@id\":\"https:\/\/www.iplay.com\/en\/#organization\",\"name\":\"IPlay\",\"url\":\"https:\/\/www.iplay.com\/en\/\",\"logo\":{\"@type\":\"ImageObject\",\"inLanguage\":\"de-DE\",\"@id\":\"https:\/\/www.iplay.com\/en\/#\/schema\/logo\/image\/\",\"url\":\"https:\/\/www.iplay.com\/wp-content\/uploads\/2023\/11\/Group-6100.svg\",\"contentUrl\":\"https:\/\/www.iplay.com\/wp-content\/uploads\/2023\/11\/Group-6100.svg\",\"width\":98,\"height\":25,\"caption\":\"IPlay\"},\"image\":{\"@id\":\"https:\/\/www.iplay.com\/en\/#\/schema\/logo\/image\/\"}}]}<\/script>\n<!-- \/ Yoast SEO Premium plugin. -->","yoast_head_json":{"title":"Family Mysteries: Criminal Mindset Sammleredition - Nancy steht vor der Wahl: ihre Karriere oder eine freie Welt","description":"Nancy Bradford steht vor der Entscheidung, ihren Job zu behalten oder die uneingeschr\u00e4nkte, freie Welt zu genie\u00dfen.","robots":{"index":"index","follow":"follow","max-snippet":"max-snippet:-1","max-image-preview":"max-image-preview:large","max-video-preview":"max-video-preview:-1"},"canonical":"https:\/\/www.iplay.com\/de\/games\/family-mysteries-criminal-mindset-collectors-edition\/","og_locale":"de_DE","og_type":"article","og_title":"Family Mysteries: Criminal Mindset Collector's Edition","og_description":"Nancy Bradford steht vor der Entscheidung, ihren Job zu behalten oder die uneingeschr\u00e4nkte, freie Welt zu genie\u00dfen.","og_url":"https:\/\/www.iplay.com\/de\/games\/family-mysteries-criminal-mindset-collectors-edition\/","og_site_name":"IPlay","og_image":[{"width":310,"height":310,"url":"https:\/\/www.iplay.com\/wp-content\/uploads\/2023\/12\/large_square_tile_image-2670.jpg","type":"image\/jpeg"}],"twitter_card":"summary_large_image","twitter_misc":{"Gesch\u00e4tzte Lesezeit":"1 Minute"},"schema":{"@context":"https:\/\/schema.org","@graph":[{"@type":"WebPage","@id":"https:\/\/www.iplay.com\/de\/games\/family-mysteries-criminal-mindset-collectors-edition\/","url":"https:\/\/www.iplay.com\/de\/games\/family-mysteries-criminal-mindset-collectors-edition\/","name":"Family Mysteries: Criminal Mindset Sammleredition - Nancy steht vor der Wahl: ihre Karriere oder eine freie Welt","isPartOf":{"@id":"https:\/\/www.iplay.com\/en\/#website"},"primaryImageOfPage":{"@id":"https:\/\/www.iplay.com\/de\/games\/family-mysteries-criminal-mindset-collectors-edition\/#primaryimage"},"image":{"@id":"https:\/\/www.iplay.com\/de\/games\/family-mysteries-criminal-mindset-collectors-edition\/#primaryimage"},"thumbnailUrl":"https:\/\/www.iplay.com\/wp-content\/uploads\/2023\/12\/large_square_tile_image-2670.jpg","datePublished":"2020-07-27T00:00:00+00:00","description":"Nancy Bradford steht vor der Entscheidung, ihren Job zu behalten oder die uneingeschr\u00e4nkte, freie Welt zu genie\u00dfen.","breadcrumb":{"@id":"https:\/\/www.iplay.com\/de\/games\/family-mysteries-criminal-mindset-collectors-edition\/#breadcrumb"},"inLanguage":"de-DE","potentialAction":[{"@type":"ReadAction","target":["https:\/\/www.iplay.com\/de\/games\/family-mysteries-criminal-mindset-collectors-edition\/"]}]},{"@type":"ImageObject","inLanguage":"de-DE","@id":"https:\/\/www.iplay.com\/de\/games\/family-mysteries-criminal-mindset-collectors-edition\/#primaryimage","url":"https:\/\/www.iplay.com\/wp-content\/uploads\/2023\/12\/large_square_tile_image-2670.jpg","contentUrl":"https:\/\/www.iplay.com\/wp-content\/uploads\/2023\/12\/large_square_tile_image-2670.jpg","width":310,"height":310},{"@type":"BreadcrumbList","@id":"https:\/\/www.iplay.com\/de\/games\/family-mysteries-criminal-mindset-collectors-edition\/#breadcrumb","itemListElement":[{"@type":"ListItem","position":1,"name":"Home","item":"https:\/\/www.iplay.com\/de\/home-page-2\/"},{"@type":"ListItem","position":2,"name":"Shop","item":"https:\/\/www.iplay.com\/en\/shop\/"},{"@type":"ListItem","position":3,"name":"Family Mysteries: Criminal Mindset Collector&#8217;s Edition"}]},{"@type":"WebSite","@id":"https:\/\/www.iplay.com\/en\/#website","url":"https:\/\/www.iplay.com\/en\/","name":"IPlay","description":"The Best Casual Games!","publisher":{"@id":"https:\/\/www.iplay.com\/en\/#organization"},"potentialAction":[{"@type":"SearchAction","target":{"@type":"EntryPoint","urlTemplate":"https:\/\/www.iplay.com\/en\/?s={search_term_string}"},"query-input":{"@type":"PropertyValueSpecification","valueRequired":true,"valueName":"search_term_string"}}],"inLanguage":"de-DE"},{"@type":"Organization","@id":"https:\/\/www.iplay.com\/en\/#organization","name":"IPlay","url":"https:\/\/www.iplay.com\/en\/","logo":{"@type":"ImageObject","inLanguage":"de-DE","@id":"https:\/\/www.iplay.com\/en\/#\/schema\/logo\/image\/","url":"https:\/\/www.iplay.com\/wp-content\/uploads\/2023\/11\/Group-6100.svg","contentUrl":"https:\/\/www.iplay.com\/wp-content\/uploads\/2023\/11\/Group-6100.svg","width":98,"height":25,"caption":"IPlay"},"image":{"@id":"https:\/\/www.iplay.com\/en\/#\/schema\/logo\/image\/"}}]}},"_links":{"self":[{"href":"https:\/\/www.iplay.com\/de\/wp-json\/wp\/v2\/product\/126475","targetHints":{"allow":["GET"]}}],"collection":[{"href":"https:\/\/www.iplay.com\/de\/wp-json\/wp\/v2\/product"}],"about":[{"href":"https:\/\/www.iplay.com\/de\/wp-json\/wp\/v2\/types\/product"}],"author":[{"embeddable":true,"href":"https:\/\/www.iplay.com\/de\/wp-json\/wp\/v2\/users\/118"}],"replies":[{"embeddable":true,"href":"https:\/\/www.iplay.com\/de\/wp-json\/wp\/v2\/comments?post=126475"}],"wp:featuredmedia":[{"embeddable":true,"href":"https:\/\/www.iplay.com\/de\/wp-json\/wp\/v2\/media\/82611"}],"wp:attachment":[{"href":"https:\/\/www.iplay.com\/de\/wp-json\/wp\/v2\/media?parent=126475"}],"wp:term":[{"taxonomy":"product_brand","embeddable":true,"href":"https:\/\/www.iplay.com\/de\/wp-json\/wp\/v2\/product_brand?post=126475"},{"taxonomy":"product_cat","embeddable":true,"href":"https:\/\/www.iplay.com\/de\/wp-json\/wp\/v2\/product_cat?post=126475"},{"taxonomy":"product_tag","embeddable":true,"href":"https:\/\/www.iplay.com\/de\/wp-json\/wp\/v2\/product_tag?post=126475"}],"curies":[{"name":"wp","href":"https:\/\/api.w.org\/{rel}","templated":true}]}}