{"id":126463,"date":"2017-07-19T00:00:01","date_gmt":"2017-07-19T00:00:01","guid":{"rendered":"https:\/\/www.iplay.com\/games\/love-chronicles-a-winters-spell-collectors-edition\/"},"modified":"2017-07-19T00:00:01","modified_gmt":"2017-07-19T00:00:01","slug":"love-chronicles-a-winters-spell-collectors-edition","status":"publish","type":"product","link":"https:\/\/www.iplay.com\/de\/games\/love-chronicles-a-winters-spell-collectors-edition\/","title":{"rendered":"Love Chronicles: A Winter&#8217;s Spell Collector&#8217;s Edition"},"content":{"rendered":"<p>Das ganze K\u00f6nigreich hat sich zur Feier des 8. Geburtstags Ihrer Tochter versammelt, mit dem weltber\u00fchmten Zauberer Mister X. Doch ihre Party nimmt eine gef\u00e4hrliche Wendung, als sich Mister X als dunkler Zauberer entpuppt \u2013 er entf\u00fchrt deine Tochter und verwandelt das gesamte K\u00f6nigreich in Eis! Jetzt plant er, die uralte K\u00f6nigin des Eises zu erwecken, und er braucht deine Tochter, um das zu tun. Deine Amulette haben dich vor seinem dunklen Zauber gesch\u00fctzt, und jetzt bist du der Einzige, der ihn aufhalten kann. Zieh dich warm an und bereite dich auf eine aufregende Reise in diesem Wimmelbild-Abenteuerspiel vor!   <\/p>\n<p>Dies ist eine spezielle <strong>Collector&#8217;s Edition-Ver\u00f6ffentlichung<\/strong> voller exklusiver Extras, die Sie in der Standardversion nicht finden werden.<\/p>\n<p>&nbsp;<\/p>\n<p>&nbsp;<\/p>\n<p><strong>Funktionen:<\/strong><\/p>\n<p>&nbsp;<\/p>\n<p>&#8211; Jage einen neuen B\u00f6sewicht und besiege das B\u00f6se im Bonusspiel!<br \/>\n&#8211; Morphing von winterlichen Gegenst\u00e4nden mit freischaltbaren Gru\u00dfkarten<br \/>\n &#8211; Soundtrack, Konzeptzeichnungen und Hintergrundbilder<br \/>\n &#8211; Ein umfassendes Strategiehandbuch<\/p>\n","protected":false},"excerpt":{"rendered":"<p>Rette deine Tochter und setze dem b\u00f6sen Zauberer ein Ende!<\/p>\n","protected":false},"author":17,"featured_media":99603,"comment_status":"open","ping_status":"closed","template":"","meta":{"_acf_changed":false,"inline_featured_image":false},"product_brand":[],"product_cat":[164],"product_tag":[289],"class_list":{"0":"post-126463","1":"product","2":"type-product","3":"status-publish","4":"has-post-thumbnail","6":"product_cat-hidden-object-de","7":"product_tag-play-on-pc-de","9":"first","10":"instock","11":"shipping-taxable","12":"purchasable","13":"product-type-simple"},"acf":[],"yoast_head":"<!-- This site is optimized with the Yoast SEO Premium plugin v25.2 (Yoast SEO v25.2) - https:\/\/yoast.com\/wordpress\/plugins\/seo\/ -->\n<title>Love Chronicles: A Winter&#039;s Spell Sammleredition - Stoppe den dunklen Zauberer und rette deine Tochter<\/title>\n<meta name=\"description\" content=\"Rette deine Tochter und setze dem b\u00f6sen Zauberer ein Ende!\" \/>\n<meta name=\"robots\" content=\"index, follow, max-snippet:-1, max-image-preview:large, max-video-preview:-1\" \/>\n<link rel=\"canonical\" href=\"https:\/\/www.iplay.com\/de\/games\/love-chronicles-a-winters-spell-collectors-edition\/\" \/>\n<meta property=\"og:locale\" content=\"de_DE\" \/>\n<meta property=\"og:type\" content=\"article\" \/>\n<meta property=\"og:title\" content=\"Love Chronicles: A Winter&#039;s Spell Collector&#039;s Edition\" \/>\n<meta property=\"og:description\" content=\"Rette deine Tochter und setze dem b\u00f6sen Zauberer ein Ende!\" \/>\n<meta property=\"og:url\" content=\"https:\/\/www.iplay.com\/de\/games\/love-chronicles-a-winters-spell-collectors-edition\/\" \/>\n<meta property=\"og:site_name\" content=\"IPlay\" \/>\n<meta property=\"og:image\" content=\"https:\/\/www.iplay.com\/wp-content\/uploads\/2023\/12\/large_square_tile_image-3732.jpg\" \/>\n\t<meta property=\"og:image:width\" content=\"310\" \/>\n\t<meta property=\"og:image:height\" content=\"310\" \/>\n\t<meta property=\"og:image:type\" content=\"image\/jpeg\" \/>\n<meta name=\"twitter:card\" content=\"summary_large_image\" \/>\n<meta name=\"twitter:label1\" content=\"Gesch\u00e4tzte Lesezeit\" \/>\n\t<meta name=\"twitter:data1\" content=\"1 Minute\" \/>\n<script type=\"application\/ld+json\" class=\"yoast-schema-graph\">{\"@context\":\"https:\/\/schema.org\",\"@graph\":[{\"@type\":\"WebPage\",\"@id\":\"https:\/\/www.iplay.com\/de\/games\/love-chronicles-a-winters-spell-collectors-edition\/\",\"url\":\"https:\/\/www.iplay.com\/de\/games\/love-chronicles-a-winters-spell-collectors-edition\/\",\"name\":\"Love Chronicles: A Winter's Spell Sammleredition - Stoppe den dunklen Zauberer und rette deine Tochter\",\"isPartOf\":{\"@id\":\"https:\/\/www.iplay.com\/en\/#website\"},\"primaryImageOfPage\":{\"@id\":\"https:\/\/www.iplay.com\/de\/games\/love-chronicles-a-winters-spell-collectors-edition\/#primaryimage\"},\"image\":{\"@id\":\"https:\/\/www.iplay.com\/de\/games\/love-chronicles-a-winters-spell-collectors-edition\/#primaryimage\"},\"thumbnailUrl\":\"https:\/\/www.iplay.com\/wp-content\/uploads\/2023\/12\/large_square_tile_image-3732.jpg\",\"datePublished\":\"2017-07-19T00:00:01+00:00\",\"description\":\"Rette deine Tochter und setze dem b\u00f6sen Zauberer ein Ende!\",\"breadcrumb\":{\"@id\":\"https:\/\/www.iplay.com\/de\/games\/love-chronicles-a-winters-spell-collectors-edition\/#breadcrumb\"},\"inLanguage\":\"de-DE\",\"potentialAction\":[{\"@type\":\"ReadAction\",\"target\":[\"https:\/\/www.iplay.com\/de\/games\/love-chronicles-a-winters-spell-collectors-edition\/\"]}]},{\"@type\":\"ImageObject\",\"inLanguage\":\"de-DE\",\"@id\":\"https:\/\/www.iplay.com\/de\/games\/love-chronicles-a-winters-spell-collectors-edition\/#primaryimage\",\"url\":\"https:\/\/www.iplay.com\/wp-content\/uploads\/2023\/12\/large_square_tile_image-3732.jpg\",\"contentUrl\":\"https:\/\/www.iplay.com\/wp-content\/uploads\/2023\/12\/large_square_tile_image-3732.jpg\",\"width\":310,\"height\":310},{\"@type\":\"BreadcrumbList\",\"@id\":\"https:\/\/www.iplay.com\/de\/games\/love-chronicles-a-winters-spell-collectors-edition\/#breadcrumb\",\"itemListElement\":[{\"@type\":\"ListItem\",\"position\":1,\"name\":\"Home\",\"item\":\"https:\/\/www.iplay.com\/de\/home-page-2\/\"},{\"@type\":\"ListItem\",\"position\":2,\"name\":\"Shop\",\"item\":\"https:\/\/www.iplay.com\/en\/shop\/\"},{\"@type\":\"ListItem\",\"position\":3,\"name\":\"Love Chronicles: A Winter&#8217;s Spell Collector&#8217;s Edition\"}]},{\"@type\":\"WebSite\",\"@id\":\"https:\/\/www.iplay.com\/en\/#website\",\"url\":\"https:\/\/www.iplay.com\/en\/\",\"name\":\"IPlay\",\"description\":\"The Best Casual Games!\",\"publisher\":{\"@id\":\"https:\/\/www.iplay.com\/en\/#organization\"},\"potentialAction\":[{\"@type\":\"SearchAction\",\"target\":{\"@type\":\"EntryPoint\",\"urlTemplate\":\"https:\/\/www.iplay.com\/en\/?s={search_term_string}\"},\"query-input\":{\"@type\":\"PropertyValueSpecification\",\"valueRequired\":true,\"valueName\":\"search_term_string\"}}],\"inLanguage\":\"de-DE\"},{\"@type\":\"Organization\",\"@id\":\"https:\/\/www.iplay.com\/en\/#organization\",\"name\":\"IPlay\",\"url\":\"https:\/\/www.iplay.com\/en\/\",\"logo\":{\"@type\":\"ImageObject\",\"inLanguage\":\"de-DE\",\"@id\":\"https:\/\/www.iplay.com\/en\/#\/schema\/logo\/image\/\",\"url\":\"https:\/\/www.iplay.com\/wp-content\/uploads\/2023\/11\/Group-6100.svg\",\"contentUrl\":\"https:\/\/www.iplay.com\/wp-content\/uploads\/2023\/11\/Group-6100.svg\",\"width\":98,\"height\":25,\"caption\":\"IPlay\"},\"image\":{\"@id\":\"https:\/\/www.iplay.com\/en\/#\/schema\/logo\/image\/\"}}]}<\/script>\n<!-- \/ Yoast SEO Premium plugin. -->","yoast_head_json":{"title":"Love Chronicles: A Winter's Spell Sammleredition - Stoppe den dunklen Zauberer und rette deine Tochter","description":"Rette deine Tochter und setze dem b\u00f6sen Zauberer ein Ende!","robots":{"index":"index","follow":"follow","max-snippet":"max-snippet:-1","max-image-preview":"max-image-preview:large","max-video-preview":"max-video-preview:-1"},"canonical":"https:\/\/www.iplay.com\/de\/games\/love-chronicles-a-winters-spell-collectors-edition\/","og_locale":"de_DE","og_type":"article","og_title":"Love Chronicles: A Winter's Spell Collector's Edition","og_description":"Rette deine Tochter und setze dem b\u00f6sen Zauberer ein Ende!","og_url":"https:\/\/www.iplay.com\/de\/games\/love-chronicles-a-winters-spell-collectors-edition\/","og_site_name":"IPlay","og_image":[{"width":310,"height":310,"url":"https:\/\/www.iplay.com\/wp-content\/uploads\/2023\/12\/large_square_tile_image-3732.jpg","type":"image\/jpeg"}],"twitter_card":"summary_large_image","twitter_misc":{"Gesch\u00e4tzte Lesezeit":"1 Minute"},"schema":{"@context":"https:\/\/schema.org","@graph":[{"@type":"WebPage","@id":"https:\/\/www.iplay.com\/de\/games\/love-chronicles-a-winters-spell-collectors-edition\/","url":"https:\/\/www.iplay.com\/de\/games\/love-chronicles-a-winters-spell-collectors-edition\/","name":"Love Chronicles: A Winter's Spell Sammleredition - Stoppe den dunklen Zauberer und rette deine Tochter","isPartOf":{"@id":"https:\/\/www.iplay.com\/en\/#website"},"primaryImageOfPage":{"@id":"https:\/\/www.iplay.com\/de\/games\/love-chronicles-a-winters-spell-collectors-edition\/#primaryimage"},"image":{"@id":"https:\/\/www.iplay.com\/de\/games\/love-chronicles-a-winters-spell-collectors-edition\/#primaryimage"},"thumbnailUrl":"https:\/\/www.iplay.com\/wp-content\/uploads\/2023\/12\/large_square_tile_image-3732.jpg","datePublished":"2017-07-19T00:00:01+00:00","description":"Rette deine Tochter und setze dem b\u00f6sen Zauberer ein Ende!","breadcrumb":{"@id":"https:\/\/www.iplay.com\/de\/games\/love-chronicles-a-winters-spell-collectors-edition\/#breadcrumb"},"inLanguage":"de-DE","potentialAction":[{"@type":"ReadAction","target":["https:\/\/www.iplay.com\/de\/games\/love-chronicles-a-winters-spell-collectors-edition\/"]}]},{"@type":"ImageObject","inLanguage":"de-DE","@id":"https:\/\/www.iplay.com\/de\/games\/love-chronicles-a-winters-spell-collectors-edition\/#primaryimage","url":"https:\/\/www.iplay.com\/wp-content\/uploads\/2023\/12\/large_square_tile_image-3732.jpg","contentUrl":"https:\/\/www.iplay.com\/wp-content\/uploads\/2023\/12\/large_square_tile_image-3732.jpg","width":310,"height":310},{"@type":"BreadcrumbList","@id":"https:\/\/www.iplay.com\/de\/games\/love-chronicles-a-winters-spell-collectors-edition\/#breadcrumb","itemListElement":[{"@type":"ListItem","position":1,"name":"Home","item":"https:\/\/www.iplay.com\/de\/home-page-2\/"},{"@type":"ListItem","position":2,"name":"Shop","item":"https:\/\/www.iplay.com\/en\/shop\/"},{"@type":"ListItem","position":3,"name":"Love Chronicles: A Winter&#8217;s Spell Collector&#8217;s Edition"}]},{"@type":"WebSite","@id":"https:\/\/www.iplay.com\/en\/#website","url":"https:\/\/www.iplay.com\/en\/","name":"IPlay","description":"The Best Casual Games!","publisher":{"@id":"https:\/\/www.iplay.com\/en\/#organization"},"potentialAction":[{"@type":"SearchAction","target":{"@type":"EntryPoint","urlTemplate":"https:\/\/www.iplay.com\/en\/?s={search_term_string}"},"query-input":{"@type":"PropertyValueSpecification","valueRequired":true,"valueName":"search_term_string"}}],"inLanguage":"de-DE"},{"@type":"Organization","@id":"https:\/\/www.iplay.com\/en\/#organization","name":"IPlay","url":"https:\/\/www.iplay.com\/en\/","logo":{"@type":"ImageObject","inLanguage":"de-DE","@id":"https:\/\/www.iplay.com\/en\/#\/schema\/logo\/image\/","url":"https:\/\/www.iplay.com\/wp-content\/uploads\/2023\/11\/Group-6100.svg","contentUrl":"https:\/\/www.iplay.com\/wp-content\/uploads\/2023\/11\/Group-6100.svg","width":98,"height":25,"caption":"IPlay"},"image":{"@id":"https:\/\/www.iplay.com\/en\/#\/schema\/logo\/image\/"}}]}},"_links":{"self":[{"href":"https:\/\/www.iplay.com\/de\/wp-json\/wp\/v2\/product\/126463","targetHints":{"allow":["GET"]}}],"collection":[{"href":"https:\/\/www.iplay.com\/de\/wp-json\/wp\/v2\/product"}],"about":[{"href":"https:\/\/www.iplay.com\/de\/wp-json\/wp\/v2\/types\/product"}],"author":[{"embeddable":true,"href":"https:\/\/www.iplay.com\/de\/wp-json\/wp\/v2\/users\/17"}],"replies":[{"embeddable":true,"href":"https:\/\/www.iplay.com\/de\/wp-json\/wp\/v2\/comments?post=126463"}],"wp:featuredmedia":[{"embeddable":true,"href":"https:\/\/www.iplay.com\/de\/wp-json\/wp\/v2\/media\/99603"}],"wp:attachment":[{"href":"https:\/\/www.iplay.com\/de\/wp-json\/wp\/v2\/media?parent=126463"}],"wp:term":[{"taxonomy":"product_brand","embeddable":true,"href":"https:\/\/www.iplay.com\/de\/wp-json\/wp\/v2\/product_brand?post=126463"},{"taxonomy":"product_cat","embeddable":true,"href":"https:\/\/www.iplay.com\/de\/wp-json\/wp\/v2\/product_cat?post=126463"},{"taxonomy":"product_tag","embeddable":true,"href":"https:\/\/www.iplay.com\/de\/wp-json\/wp\/v2\/product_tag?post=126463"}],"curies":[{"name":"wp","href":"https:\/\/api.w.org\/{rel}","templated":true}]}}