{"id":126434,"date":"2022-05-14T00:00:00","date_gmt":"2022-05-14T00:00:00","guid":{"rendered":"https:\/\/www.iplay.com\/games\/vacation-adventures-park-ranger-13\/"},"modified":"2022-05-14T00:00:00","modified_gmt":"2022-05-14T00:00:00","slug":"vacation-adventures-park-ranger-13","status":"publish","type":"product","link":"https:\/\/www.iplay.com\/de\/games\/vacation-adventures-park-ranger-13\/","title":{"rendered":"Vacation Adventures: Park Ranger 13"},"content":{"rendered":"<p>Hilf den ber\u00fchmten Park Rangern bei der Verwaltung des Pinecreek Hills National Park und organisiere gerne j\u00e4hrliche Aktivit\u00e4ten auf dem Bluewaters Lake, dem Cherokee River und dem Apache Trail. Gr\u00fc\u00dfe an alle neuen Ranger und erfahre mehr \u00fcber die Tierwelt. Campen Sie und machen Sie Picknicks an Bayous und Fl\u00fcssen. Entdecken Sie eine atemberaubende Natur, mystische H\u00f6hlen, dramatische Wasserf\u00e4lle und Schluchten. Segeln, ein Pro Tour Fishing Tournament veranstalten und Wander- und Radwege genie\u00dfen allesamt Spa\u00df. Genie\u00dfen Sie Grillen und Lagerfeuer. Halten Sie Ausschau nach Adlern, Rehen und B\u00e4ren. Nehmen Sie an einer Extraktion teil.       <\/p>\n<p>&nbsp;<\/p>\n<p>&nbsp;<\/p>\n<p><strong>Funktionen:<\/strong><\/p>\n<p>&nbsp;<\/p>\n<p>&#8211; Entdecken Sie die Pinecreek Hills zu jeder Jahreszeit<br \/>\n &#8211; Unterst\u00fctzen Sie Parkranger in der herrlichen Natur<br \/>\n &#8211; Bewundern Sie atemberaubende neue Strecken und Trails<br \/>\n &#8211; Besuchen Sie Pinecreeks fantastisches Skigebiet<\/p>\n","protected":false},"excerpt":{"rendered":"<p>Spiele Vacation Adventures: Park Ranger 13 und hilf den Park Rangern im Pinecreek Hills National Park.<\/p>\n","protected":false},"author":37,"featured_media":77145,"comment_status":"open","ping_status":"closed","template":"","meta":{"_acf_changed":false,"inline_featured_image":false},"product_brand":[],"product_cat":[164],"product_tag":[289],"class_list":{"0":"post-126434","1":"product","2":"type-product","3":"status-publish","4":"has-post-thumbnail","6":"product_cat-hidden-object-de","7":"product_tag-play-on-pc-de","9":"first","10":"instock","11":"shipping-taxable","12":"purchasable","13":"product-type-simple"},"acf":[],"yoast_head":"<!-- This site is optimized with the Yoast SEO Premium plugin v25.2 (Yoast SEO v25.2) - https:\/\/yoast.com\/wordpress\/plugins\/seo\/ -->\n<title>Vacation Adventures: Park Ranger 13 - Helfen Sie den Park Rangern im Pinecreek Hills Nationalpark erneut<\/title>\n<meta name=\"description\" content=\"Spiele Vacation Adventures: Park Ranger 13 und hilf den Park Rangern im Pinecreek Hills National Park.\" \/>\n<meta name=\"robots\" content=\"index, follow, max-snippet:-1, max-image-preview:large, max-video-preview:-1\" \/>\n<link rel=\"canonical\" href=\"https:\/\/www.iplay.com\/de\/games\/vacation-adventures-park-ranger-13\/\" \/>\n<meta property=\"og:locale\" content=\"de_DE\" \/>\n<meta property=\"og:type\" content=\"article\" \/>\n<meta property=\"og:title\" content=\"Vacation Adventures: Park Ranger 13\" \/>\n<meta property=\"og:description\" content=\"Spiele Vacation Adventures: Park Ranger 13 und hilf den Park Rangern im Pinecreek Hills National Park.\" \/>\n<meta property=\"og:url\" content=\"https:\/\/www.iplay.com\/de\/games\/vacation-adventures-park-ranger-13\/\" \/>\n<meta property=\"og:site_name\" content=\"IPlay\" \/>\n<meta property=\"og:image\" content=\"https:\/\/www.iplay.com\/wp-content\/uploads\/2023\/12\/large_square_tile_image-2319.jpg\" \/>\n\t<meta property=\"og:image:width\" content=\"310\" \/>\n\t<meta property=\"og:image:height\" content=\"310\" \/>\n\t<meta property=\"og:image:type\" content=\"image\/jpeg\" \/>\n<meta name=\"twitter:card\" content=\"summary_large_image\" \/>\n<meta name=\"twitter:label1\" content=\"Gesch\u00e4tzte Lesezeit\" \/>\n\t<meta name=\"twitter:data1\" content=\"1 Minute\" \/>\n<script type=\"application\/ld+json\" class=\"yoast-schema-graph\">{\"@context\":\"https:\/\/schema.org\",\"@graph\":[{\"@type\":\"WebPage\",\"@id\":\"https:\/\/www.iplay.com\/de\/games\/vacation-adventures-park-ranger-13\/\",\"url\":\"https:\/\/www.iplay.com\/de\/games\/vacation-adventures-park-ranger-13\/\",\"name\":\"Vacation Adventures: Park Ranger 13 - Helfen Sie den Park Rangern im Pinecreek Hills Nationalpark erneut\",\"isPartOf\":{\"@id\":\"https:\/\/www.iplay.com\/en\/#website\"},\"primaryImageOfPage\":{\"@id\":\"https:\/\/www.iplay.com\/de\/games\/vacation-adventures-park-ranger-13\/#primaryimage\"},\"image\":{\"@id\":\"https:\/\/www.iplay.com\/de\/games\/vacation-adventures-park-ranger-13\/#primaryimage\"},\"thumbnailUrl\":\"https:\/\/www.iplay.com\/wp-content\/uploads\/2023\/12\/large_square_tile_image-2319.jpg\",\"datePublished\":\"2022-05-14T00:00:00+00:00\",\"description\":\"Spiele Vacation Adventures: Park Ranger 13 und hilf den Park Rangern im Pinecreek Hills National Park.\",\"breadcrumb\":{\"@id\":\"https:\/\/www.iplay.com\/de\/games\/vacation-adventures-park-ranger-13\/#breadcrumb\"},\"inLanguage\":\"de-DE\",\"potentialAction\":[{\"@type\":\"ReadAction\",\"target\":[\"https:\/\/www.iplay.com\/de\/games\/vacation-adventures-park-ranger-13\/\"]}]},{\"@type\":\"ImageObject\",\"inLanguage\":\"de-DE\",\"@id\":\"https:\/\/www.iplay.com\/de\/games\/vacation-adventures-park-ranger-13\/#primaryimage\",\"url\":\"https:\/\/www.iplay.com\/wp-content\/uploads\/2023\/12\/large_square_tile_image-2319.jpg\",\"contentUrl\":\"https:\/\/www.iplay.com\/wp-content\/uploads\/2023\/12\/large_square_tile_image-2319.jpg\",\"width\":310,\"height\":310},{\"@type\":\"BreadcrumbList\",\"@id\":\"https:\/\/www.iplay.com\/de\/games\/vacation-adventures-park-ranger-13\/#breadcrumb\",\"itemListElement\":[{\"@type\":\"ListItem\",\"position\":1,\"name\":\"Home\",\"item\":\"https:\/\/www.iplay.com\/de\/home-page-2\/\"},{\"@type\":\"ListItem\",\"position\":2,\"name\":\"Shop\",\"item\":\"https:\/\/www.iplay.com\/en\/shop\/\"},{\"@type\":\"ListItem\",\"position\":3,\"name\":\"Vacation Adventures: Park Ranger 13\"}]},{\"@type\":\"WebSite\",\"@id\":\"https:\/\/www.iplay.com\/en\/#website\",\"url\":\"https:\/\/www.iplay.com\/en\/\",\"name\":\"IPlay\",\"description\":\"The Best Casual Games!\",\"publisher\":{\"@id\":\"https:\/\/www.iplay.com\/en\/#organization\"},\"potentialAction\":[{\"@type\":\"SearchAction\",\"target\":{\"@type\":\"EntryPoint\",\"urlTemplate\":\"https:\/\/www.iplay.com\/en\/?s={search_term_string}\"},\"query-input\":{\"@type\":\"PropertyValueSpecification\",\"valueRequired\":true,\"valueName\":\"search_term_string\"}}],\"inLanguage\":\"de-DE\"},{\"@type\":\"Organization\",\"@id\":\"https:\/\/www.iplay.com\/en\/#organization\",\"name\":\"IPlay\",\"url\":\"https:\/\/www.iplay.com\/en\/\",\"logo\":{\"@type\":\"ImageObject\",\"inLanguage\":\"de-DE\",\"@id\":\"https:\/\/www.iplay.com\/en\/#\/schema\/logo\/image\/\",\"url\":\"https:\/\/www.iplay.com\/wp-content\/uploads\/2023\/11\/Group-6100.svg\",\"contentUrl\":\"https:\/\/www.iplay.com\/wp-content\/uploads\/2023\/11\/Group-6100.svg\",\"width\":98,\"height\":25,\"caption\":\"IPlay\"},\"image\":{\"@id\":\"https:\/\/www.iplay.com\/en\/#\/schema\/logo\/image\/\"}}]}<\/script>\n<!-- \/ Yoast SEO Premium plugin. -->","yoast_head_json":{"title":"Vacation Adventures: Park Ranger 13 - Helfen Sie den Park Rangern im Pinecreek Hills Nationalpark erneut","description":"Spiele Vacation Adventures: Park Ranger 13 und hilf den Park Rangern im Pinecreek Hills National Park.","robots":{"index":"index","follow":"follow","max-snippet":"max-snippet:-1","max-image-preview":"max-image-preview:large","max-video-preview":"max-video-preview:-1"},"canonical":"https:\/\/www.iplay.com\/de\/games\/vacation-adventures-park-ranger-13\/","og_locale":"de_DE","og_type":"article","og_title":"Vacation Adventures: Park Ranger 13","og_description":"Spiele Vacation Adventures: Park Ranger 13 und hilf den Park Rangern im Pinecreek Hills National Park.","og_url":"https:\/\/www.iplay.com\/de\/games\/vacation-adventures-park-ranger-13\/","og_site_name":"IPlay","og_image":[{"width":310,"height":310,"url":"https:\/\/www.iplay.com\/wp-content\/uploads\/2023\/12\/large_square_tile_image-2319.jpg","type":"image\/jpeg"}],"twitter_card":"summary_large_image","twitter_misc":{"Gesch\u00e4tzte Lesezeit":"1 Minute"},"schema":{"@context":"https:\/\/schema.org","@graph":[{"@type":"WebPage","@id":"https:\/\/www.iplay.com\/de\/games\/vacation-adventures-park-ranger-13\/","url":"https:\/\/www.iplay.com\/de\/games\/vacation-adventures-park-ranger-13\/","name":"Vacation Adventures: Park Ranger 13 - Helfen Sie den Park Rangern im Pinecreek Hills Nationalpark erneut","isPartOf":{"@id":"https:\/\/www.iplay.com\/en\/#website"},"primaryImageOfPage":{"@id":"https:\/\/www.iplay.com\/de\/games\/vacation-adventures-park-ranger-13\/#primaryimage"},"image":{"@id":"https:\/\/www.iplay.com\/de\/games\/vacation-adventures-park-ranger-13\/#primaryimage"},"thumbnailUrl":"https:\/\/www.iplay.com\/wp-content\/uploads\/2023\/12\/large_square_tile_image-2319.jpg","datePublished":"2022-05-14T00:00:00+00:00","description":"Spiele Vacation Adventures: Park Ranger 13 und hilf den Park Rangern im Pinecreek Hills National Park.","breadcrumb":{"@id":"https:\/\/www.iplay.com\/de\/games\/vacation-adventures-park-ranger-13\/#breadcrumb"},"inLanguage":"de-DE","potentialAction":[{"@type":"ReadAction","target":["https:\/\/www.iplay.com\/de\/games\/vacation-adventures-park-ranger-13\/"]}]},{"@type":"ImageObject","inLanguage":"de-DE","@id":"https:\/\/www.iplay.com\/de\/games\/vacation-adventures-park-ranger-13\/#primaryimage","url":"https:\/\/www.iplay.com\/wp-content\/uploads\/2023\/12\/large_square_tile_image-2319.jpg","contentUrl":"https:\/\/www.iplay.com\/wp-content\/uploads\/2023\/12\/large_square_tile_image-2319.jpg","width":310,"height":310},{"@type":"BreadcrumbList","@id":"https:\/\/www.iplay.com\/de\/games\/vacation-adventures-park-ranger-13\/#breadcrumb","itemListElement":[{"@type":"ListItem","position":1,"name":"Home","item":"https:\/\/www.iplay.com\/de\/home-page-2\/"},{"@type":"ListItem","position":2,"name":"Shop","item":"https:\/\/www.iplay.com\/en\/shop\/"},{"@type":"ListItem","position":3,"name":"Vacation Adventures: Park Ranger 13"}]},{"@type":"WebSite","@id":"https:\/\/www.iplay.com\/en\/#website","url":"https:\/\/www.iplay.com\/en\/","name":"IPlay","description":"The Best Casual Games!","publisher":{"@id":"https:\/\/www.iplay.com\/en\/#organization"},"potentialAction":[{"@type":"SearchAction","target":{"@type":"EntryPoint","urlTemplate":"https:\/\/www.iplay.com\/en\/?s={search_term_string}"},"query-input":{"@type":"PropertyValueSpecification","valueRequired":true,"valueName":"search_term_string"}}],"inLanguage":"de-DE"},{"@type":"Organization","@id":"https:\/\/www.iplay.com\/en\/#organization","name":"IPlay","url":"https:\/\/www.iplay.com\/en\/","logo":{"@type":"ImageObject","inLanguage":"de-DE","@id":"https:\/\/www.iplay.com\/en\/#\/schema\/logo\/image\/","url":"https:\/\/www.iplay.com\/wp-content\/uploads\/2023\/11\/Group-6100.svg","contentUrl":"https:\/\/www.iplay.com\/wp-content\/uploads\/2023\/11\/Group-6100.svg","width":98,"height":25,"caption":"IPlay"},"image":{"@id":"https:\/\/www.iplay.com\/en\/#\/schema\/logo\/image\/"}}]}},"_links":{"self":[{"href":"https:\/\/www.iplay.com\/de\/wp-json\/wp\/v2\/product\/126434","targetHints":{"allow":["GET"]}}],"collection":[{"href":"https:\/\/www.iplay.com\/de\/wp-json\/wp\/v2\/product"}],"about":[{"href":"https:\/\/www.iplay.com\/de\/wp-json\/wp\/v2\/types\/product"}],"author":[{"embeddable":true,"href":"https:\/\/www.iplay.com\/de\/wp-json\/wp\/v2\/users\/37"}],"replies":[{"embeddable":true,"href":"https:\/\/www.iplay.com\/de\/wp-json\/wp\/v2\/comments?post=126434"}],"wp:featuredmedia":[{"embeddable":true,"href":"https:\/\/www.iplay.com\/de\/wp-json\/wp\/v2\/media\/77145"}],"wp:attachment":[{"href":"https:\/\/www.iplay.com\/de\/wp-json\/wp\/v2\/media?parent=126434"}],"wp:term":[{"taxonomy":"product_brand","embeddable":true,"href":"https:\/\/www.iplay.com\/de\/wp-json\/wp\/v2\/product_brand?post=126434"},{"taxonomy":"product_cat","embeddable":true,"href":"https:\/\/www.iplay.com\/de\/wp-json\/wp\/v2\/product_cat?post=126434"},{"taxonomy":"product_tag","embeddable":true,"href":"https:\/\/www.iplay.com\/de\/wp-json\/wp\/v2\/product_tag?post=126434"}],"curies":[{"name":"wp","href":"https:\/\/api.w.org\/{rel}","templated":true}]}}