{"id":126415,"date":"2021-06-05T12:31:48","date_gmt":"2021-06-05T12:31:48","guid":{"rendered":"https:\/\/www.iplay.com\/games\/big-adventure-trip-to-europe-collectors-edition\/"},"modified":"2021-06-05T12:31:48","modified_gmt":"2021-06-05T12:31:48","slug":"big-adventure-trip-to-europe-collectors-edition","status":"publish","type":"product","link":"https:\/\/www.iplay.com\/de\/games\/big-adventure-trip-to-europe-collectors-edition\/","title":{"rendered":"Big Adventure: Trip to Europe Collector&#8217;s Edition"},"content":{"rendered":"<p>Das 1. Spiel einer neuen Serie, Big Adventure: Trip to Europe, l\u00e4dt dich zu Europas gr\u00f6\u00dfter Tour ein. Diese Reise umfasst Stopps in 10 L\u00e4ndern und 24 St\u00e4dten und verspricht die Erkundung historischer Schl\u00f6sser, Naturwunder, charmanter Stadtstra\u00dfen, Museen und verschiedener architektonischer Strukturen. <\/p>\n<p>In Italien warten die Gassen des Piemonts auf Ihre Erkundung, zusammen mit dem Blick auf den Trevi-Brunnen und den Castel Nuovo-Palast. Griechenland bietet die beeindruckenden Meteora-Kl\u00f6ster, das Nationalmuseum von Athen und die Akropolis. W\u00e4hrenddessen lockt Spanien mit Sehensw\u00fcrdigkeiten wie den Algar-Wasserf\u00e4llen und der Alcantara-Br\u00fccke.  <\/p>\n<p>W\u00e4hrend Ihrer Reise erleben Sie verschiedene Arten des Reisens, von F\u00e4hrfahrten \u00fcber das Mittelmeer bis hin zu Fl\u00fcgen \u00fcber drei Weltmeere mit dem Flugzeug. Sie werden sogar mit einem Hei\u00dfluftballon nach Deutschland aufsteigen und eine Zugfahrt nach Frankreich genie\u00dfen. <\/p>\n<p>In Big Adventure: Trip to Europe warten zahlreiche Szenen mit spannenden Objektsuchen und fesselnden Minispielen darauf, entdeckt zu werden.<\/p>\n<p>&nbsp;<\/p>\n<p><strong>Funktionen:<\/strong><\/p>\n<ul>\n<li>Europa Sightseeing Tour<\/li>\n<li>Besuchen Sie 10 L\u00e4nder und 24 St\u00e4dte<\/li>\n<li>Entdecke \u00fcber 900 Wimmelbilder<\/li>\n<li>Interaktive Karte f\u00fcr Wiederspielbarkeit<\/li>\n<li>Bonus-Waschb\u00e4ren finden<\/li>\n<li>Nimm an herausfordernden und interessanten Minispielen teil<\/li>\n<li>Genie\u00dfen Sie realistische Grafiken<\/li>\n<\/ul>\n","protected":false},"excerpt":{"rendered":"<p>Sind Sie bereit, 24 St\u00e4dte auf einer Reise nach Europa mit Big Adventure zu erkunden &#8211; Trip to Europe Collector&#8217;s Edition<\/p>\n","protected":false},"author":130,"featured_media":110647,"comment_status":"open","ping_status":"closed","template":"","meta":{"_acf_changed":false,"inline_featured_image":false},"product_brand":[],"product_cat":[164],"product_tag":[240,289],"class_list":{"0":"post-126415","1":"product","2":"type-product","3":"status-publish","4":"has-post-thumbnail","6":"product_cat-hidden-object-de","7":"product_tag-big-adventure-trip-to-europe-series-de","8":"product_tag-play-on-pc-de","10":"first","11":"instock","12":"shipping-taxable","13":"purchasable","14":"product-type-simple"},"acf":[],"yoast_head":"<!-- This site is optimized with the Yoast SEO Premium plugin v25.2 (Yoast SEO v25.2) - https:\/\/yoast.com\/wordpress\/plugins\/seo\/ -->\n<title>Big Adventure: Reise nach Europa Sammleredition<\/title>\n<meta name=\"description\" content=\"Sind Sie bereit, 24 St\u00e4dte auf einer Reise nach Europa mit Big Adventure zu erkunden - Trip to Europe Collector&#039;s Edition\" \/>\n<meta name=\"robots\" content=\"index, follow, max-snippet:-1, max-image-preview:large, max-video-preview:-1\" \/>\n<link rel=\"canonical\" href=\"https:\/\/www.iplay.com\/de\/games\/big-adventure-trip-to-europe-collectors-edition\/\" \/>\n<meta property=\"og:locale\" content=\"de_DE\" \/>\n<meta property=\"og:type\" content=\"article\" \/>\n<meta property=\"og:title\" content=\"Big Adventure: Trip to Europe Collector&#039;s Edition\" \/>\n<meta property=\"og:description\" content=\"Sind Sie bereit, 24 St\u00e4dte auf einer Reise nach Europa mit Big Adventure zu erkunden - Trip to Europe Collector&#039;s Edition\" \/>\n<meta property=\"og:url\" content=\"https:\/\/www.iplay.com\/de\/games\/big-adventure-trip-to-europe-collectors-edition\/\" \/>\n<meta property=\"og:site_name\" content=\"IPlay\" \/>\n<meta property=\"og:image\" content=\"https:\/\/www.iplay.com\/wp-content\/uploads\/2024\/04\/Trip-to-Europe_large_square_tile_image.webp\" \/>\n\t<meta property=\"og:image:width\" content=\"310\" \/>\n\t<meta property=\"og:image:height\" content=\"310\" \/>\n\t<meta property=\"og:image:type\" content=\"image\/webp\" \/>\n<meta name=\"twitter:card\" content=\"summary_large_image\" \/>\n<meta name=\"twitter:label1\" content=\"Gesch\u00e4tzte Lesezeit\" \/>\n\t<meta name=\"twitter:data1\" content=\"1 Minute\" \/>\n<script type=\"application\/ld+json\" class=\"yoast-schema-graph\">{\"@context\":\"https:\/\/schema.org\",\"@graph\":[{\"@type\":\"WebPage\",\"@id\":\"https:\/\/www.iplay.com\/de\/games\/big-adventure-trip-to-europe-collectors-edition\/\",\"url\":\"https:\/\/www.iplay.com\/de\/games\/big-adventure-trip-to-europe-collectors-edition\/\",\"name\":\"Big Adventure: Reise nach Europa Sammleredition\",\"isPartOf\":{\"@id\":\"https:\/\/www.iplay.com\/en\/#website\"},\"primaryImageOfPage\":{\"@id\":\"https:\/\/www.iplay.com\/de\/games\/big-adventure-trip-to-europe-collectors-edition\/#primaryimage\"},\"image\":{\"@id\":\"https:\/\/www.iplay.com\/de\/games\/big-adventure-trip-to-europe-collectors-edition\/#primaryimage\"},\"thumbnailUrl\":\"https:\/\/www.iplay.com\/wp-content\/uploads\/2024\/04\/Trip-to-Europe_large_square_tile_image.webp\",\"datePublished\":\"2021-06-05T12:31:48+00:00\",\"description\":\"Sind Sie bereit, 24 St\u00e4dte auf einer Reise nach Europa mit Big Adventure zu erkunden - Trip to Europe Collector's Edition\",\"breadcrumb\":{\"@id\":\"https:\/\/www.iplay.com\/de\/games\/big-adventure-trip-to-europe-collectors-edition\/#breadcrumb\"},\"inLanguage\":\"de-DE\",\"potentialAction\":[{\"@type\":\"ReadAction\",\"target\":[\"https:\/\/www.iplay.com\/de\/games\/big-adventure-trip-to-europe-collectors-edition\/\"]}]},{\"@type\":\"ImageObject\",\"inLanguage\":\"de-DE\",\"@id\":\"https:\/\/www.iplay.com\/de\/games\/big-adventure-trip-to-europe-collectors-edition\/#primaryimage\",\"url\":\"https:\/\/www.iplay.com\/wp-content\/uploads\/2024\/04\/Trip-to-Europe_large_square_tile_image.webp\",\"contentUrl\":\"https:\/\/www.iplay.com\/wp-content\/uploads\/2024\/04\/Trip-to-Europe_large_square_tile_image.webp\",\"width\":310,\"height\":310},{\"@type\":\"BreadcrumbList\",\"@id\":\"https:\/\/www.iplay.com\/de\/games\/big-adventure-trip-to-europe-collectors-edition\/#breadcrumb\",\"itemListElement\":[{\"@type\":\"ListItem\",\"position\":1,\"name\":\"Home\",\"item\":\"https:\/\/www.iplay.com\/de\/home-page-2\/\"},{\"@type\":\"ListItem\",\"position\":2,\"name\":\"Shop\",\"item\":\"https:\/\/www.iplay.com\/en\/shop\/\"},{\"@type\":\"ListItem\",\"position\":3,\"name\":\"Big Adventure: Trip to Europe Collector&#8217;s Edition\"}]},{\"@type\":\"WebSite\",\"@id\":\"https:\/\/www.iplay.com\/en\/#website\",\"url\":\"https:\/\/www.iplay.com\/en\/\",\"name\":\"IPlay\",\"description\":\"The Best Casual Games!\",\"publisher\":{\"@id\":\"https:\/\/www.iplay.com\/en\/#organization\"},\"potentialAction\":[{\"@type\":\"SearchAction\",\"target\":{\"@type\":\"EntryPoint\",\"urlTemplate\":\"https:\/\/www.iplay.com\/en\/?s={search_term_string}\"},\"query-input\":{\"@type\":\"PropertyValueSpecification\",\"valueRequired\":true,\"valueName\":\"search_term_string\"}}],\"inLanguage\":\"de-DE\"},{\"@type\":\"Organization\",\"@id\":\"https:\/\/www.iplay.com\/en\/#organization\",\"name\":\"IPlay\",\"url\":\"https:\/\/www.iplay.com\/en\/\",\"logo\":{\"@type\":\"ImageObject\",\"inLanguage\":\"de-DE\",\"@id\":\"https:\/\/www.iplay.com\/en\/#\/schema\/logo\/image\/\",\"url\":\"https:\/\/www.iplay.com\/wp-content\/uploads\/2023\/11\/Group-6100.svg\",\"contentUrl\":\"https:\/\/www.iplay.com\/wp-content\/uploads\/2023\/11\/Group-6100.svg\",\"width\":98,\"height\":25,\"caption\":\"IPlay\"},\"image\":{\"@id\":\"https:\/\/www.iplay.com\/en\/#\/schema\/logo\/image\/\"}}]}<\/script>\n<!-- \/ Yoast SEO Premium plugin. -->","yoast_head_json":{"title":"Big Adventure: Reise nach Europa Sammleredition","description":"Sind Sie bereit, 24 St\u00e4dte auf einer Reise nach Europa mit Big Adventure zu erkunden - Trip to Europe Collector's Edition","robots":{"index":"index","follow":"follow","max-snippet":"max-snippet:-1","max-image-preview":"max-image-preview:large","max-video-preview":"max-video-preview:-1"},"canonical":"https:\/\/www.iplay.com\/de\/games\/big-adventure-trip-to-europe-collectors-edition\/","og_locale":"de_DE","og_type":"article","og_title":"Big Adventure: Trip to Europe Collector's Edition","og_description":"Sind Sie bereit, 24 St\u00e4dte auf einer Reise nach Europa mit Big Adventure zu erkunden - Trip to Europe Collector's Edition","og_url":"https:\/\/www.iplay.com\/de\/games\/big-adventure-trip-to-europe-collectors-edition\/","og_site_name":"IPlay","og_image":[{"width":310,"height":310,"url":"https:\/\/www.iplay.com\/wp-content\/uploads\/2024\/04\/Trip-to-Europe_large_square_tile_image.webp","type":"image\/webp"}],"twitter_card":"summary_large_image","twitter_misc":{"Gesch\u00e4tzte Lesezeit":"1 Minute"},"schema":{"@context":"https:\/\/schema.org","@graph":[{"@type":"WebPage","@id":"https:\/\/www.iplay.com\/de\/games\/big-adventure-trip-to-europe-collectors-edition\/","url":"https:\/\/www.iplay.com\/de\/games\/big-adventure-trip-to-europe-collectors-edition\/","name":"Big Adventure: Reise nach Europa Sammleredition","isPartOf":{"@id":"https:\/\/www.iplay.com\/en\/#website"},"primaryImageOfPage":{"@id":"https:\/\/www.iplay.com\/de\/games\/big-adventure-trip-to-europe-collectors-edition\/#primaryimage"},"image":{"@id":"https:\/\/www.iplay.com\/de\/games\/big-adventure-trip-to-europe-collectors-edition\/#primaryimage"},"thumbnailUrl":"https:\/\/www.iplay.com\/wp-content\/uploads\/2024\/04\/Trip-to-Europe_large_square_tile_image.webp","datePublished":"2021-06-05T12:31:48+00:00","description":"Sind Sie bereit, 24 St\u00e4dte auf einer Reise nach Europa mit Big Adventure zu erkunden - Trip to Europe Collector's Edition","breadcrumb":{"@id":"https:\/\/www.iplay.com\/de\/games\/big-adventure-trip-to-europe-collectors-edition\/#breadcrumb"},"inLanguage":"de-DE","potentialAction":[{"@type":"ReadAction","target":["https:\/\/www.iplay.com\/de\/games\/big-adventure-trip-to-europe-collectors-edition\/"]}]},{"@type":"ImageObject","inLanguage":"de-DE","@id":"https:\/\/www.iplay.com\/de\/games\/big-adventure-trip-to-europe-collectors-edition\/#primaryimage","url":"https:\/\/www.iplay.com\/wp-content\/uploads\/2024\/04\/Trip-to-Europe_large_square_tile_image.webp","contentUrl":"https:\/\/www.iplay.com\/wp-content\/uploads\/2024\/04\/Trip-to-Europe_large_square_tile_image.webp","width":310,"height":310},{"@type":"BreadcrumbList","@id":"https:\/\/www.iplay.com\/de\/games\/big-adventure-trip-to-europe-collectors-edition\/#breadcrumb","itemListElement":[{"@type":"ListItem","position":1,"name":"Home","item":"https:\/\/www.iplay.com\/de\/home-page-2\/"},{"@type":"ListItem","position":2,"name":"Shop","item":"https:\/\/www.iplay.com\/en\/shop\/"},{"@type":"ListItem","position":3,"name":"Big Adventure: Trip to Europe Collector&#8217;s Edition"}]},{"@type":"WebSite","@id":"https:\/\/www.iplay.com\/en\/#website","url":"https:\/\/www.iplay.com\/en\/","name":"IPlay","description":"The Best Casual Games!","publisher":{"@id":"https:\/\/www.iplay.com\/en\/#organization"},"potentialAction":[{"@type":"SearchAction","target":{"@type":"EntryPoint","urlTemplate":"https:\/\/www.iplay.com\/en\/?s={search_term_string}"},"query-input":{"@type":"PropertyValueSpecification","valueRequired":true,"valueName":"search_term_string"}}],"inLanguage":"de-DE"},{"@type":"Organization","@id":"https:\/\/www.iplay.com\/en\/#organization","name":"IPlay","url":"https:\/\/www.iplay.com\/en\/","logo":{"@type":"ImageObject","inLanguage":"de-DE","@id":"https:\/\/www.iplay.com\/en\/#\/schema\/logo\/image\/","url":"https:\/\/www.iplay.com\/wp-content\/uploads\/2023\/11\/Group-6100.svg","contentUrl":"https:\/\/www.iplay.com\/wp-content\/uploads\/2023\/11\/Group-6100.svg","width":98,"height":25,"caption":"IPlay"},"image":{"@id":"https:\/\/www.iplay.com\/en\/#\/schema\/logo\/image\/"}}]}},"_links":{"self":[{"href":"https:\/\/www.iplay.com\/de\/wp-json\/wp\/v2\/product\/126415","targetHints":{"allow":["GET"]}}],"collection":[{"href":"https:\/\/www.iplay.com\/de\/wp-json\/wp\/v2\/product"}],"about":[{"href":"https:\/\/www.iplay.com\/de\/wp-json\/wp\/v2\/types\/product"}],"author":[{"embeddable":true,"href":"https:\/\/www.iplay.com\/de\/wp-json\/wp\/v2\/users\/130"}],"replies":[{"embeddable":true,"href":"https:\/\/www.iplay.com\/de\/wp-json\/wp\/v2\/comments?post=126415"}],"wp:featuredmedia":[{"embeddable":true,"href":"https:\/\/www.iplay.com\/de\/wp-json\/wp\/v2\/media\/110647"}],"wp:attachment":[{"href":"https:\/\/www.iplay.com\/de\/wp-json\/wp\/v2\/media?parent=126415"}],"wp:term":[{"taxonomy":"product_brand","embeddable":true,"href":"https:\/\/www.iplay.com\/de\/wp-json\/wp\/v2\/product_brand?post=126415"},{"taxonomy":"product_cat","embeddable":true,"href":"https:\/\/www.iplay.com\/de\/wp-json\/wp\/v2\/product_cat?post=126415"},{"taxonomy":"product_tag","embeddable":true,"href":"https:\/\/www.iplay.com\/de\/wp-json\/wp\/v2\/product_tag?post=126415"}],"curies":[{"name":"wp","href":"https:\/\/api.w.org\/{rel}","templated":true}]}}