{"id":126394,"date":"2014-03-05T00:00:00","date_gmt":"2014-03-05T00:00:00","guid":{"rendered":"https:\/\/www.iplay.com\/games\/call-of-atlantis-treasures-of-poseidon-collectors-edition\/"},"modified":"2014-03-05T00:00:00","modified_gmt":"2014-03-05T00:00:00","slug":"call-of-atlantis-treasures-of-poseidon-collectors-edition","status":"publish","type":"product","link":"https:\/\/www.iplay.com\/de\/games\/call-of-atlantis-treasures-of-poseidon-collectors-edition\/","title":{"rendered":"Call of Atlantis: Treasures of Poseidon Collector&#8217;s Edition"},"content":{"rendered":"<p>Das legend\u00e4re Abenteuer ist zur\u00fcck! Die Macht von Poseidons Sch\u00e4tzen lockt dich und dr\u00e4ngt dich, nach Atlantis zur\u00fcckzukehren. Es liegt nun an dir, alle verborgenen Sch\u00e4tze zu finden und zu sammeln! In dieser erstaunlichen Mischung aus Match-3, Wimmelbild und Abenteuer begibst du dich auf eine aufregende neue Mission. Begib dich auf eine faszinierende Reise durch sieben uralte L\u00e4nder auf der Suche nach m\u00e4chtigen Poseidon-Sch\u00e4tzen. Rette den legend\u00e4ren Kontinent, indem du Poseidon, die Schutzgottheit der Atlanter, bes\u00e4nftigst.     <\/p>\n<p>&nbsp;<\/p>\n<p>&nbsp;<\/p>\n<p><strong>Funktionen:<\/strong><\/p>\n<p>&nbsp;<\/p>\n<p>&#8211; Schlie\u00dfe 66 spannende Story-Modus-Levels plus \u00fcber 50 NEUE Levels im Herausforderungsmodus ab<\/p>\n<p>&#8211; Genie\u00dfe die einzigartige Kombination aus Match-3-, Wimmelbild- und Abenteuerspielen.<br \/>\n&#8211; Begeben Sie sich auf eine faszinierende Reise durch sieben uralte L\u00e4nder auf der Suche nach 80 m\u00e4chtigen Poseidon-Sch\u00e4tzen.<br \/>\n&#8211; Zu den Boni der Collector&#8217;s Edition geh\u00f6ren 24 Bonuslevel, ein origineller Soundtrack und wundersch\u00f6ne Hintergrundbilder.<\/p>\n<p>&#8211; Genie\u00dfen Sie atemberaubende visuelle und akustische Effekte.<\/p>\n","protected":false},"excerpt":{"rendered":"<p>Das legend\u00e4re Abenteuer ist zur\u00fcck! Entdecke und sammle alle Reicht\u00fcmer von Poseidon! <\/p>\n","protected":false},"author":27,"featured_media":62918,"comment_status":"open","ping_status":"closed","template":"","meta":{"_acf_changed":false,"inline_featured_image":false},"product_brand":[],"product_cat":[164],"product_tag":[289],"class_list":{"0":"post-126394","1":"product","2":"type-product","3":"status-publish","4":"has-post-thumbnail","6":"product_cat-hidden-object-de","7":"product_tag-play-on-pc-de","9":"first","10":"instock","11":"shipping-taxable","12":"purchasable","13":"product-type-simple"},"acf":[],"yoast_head":"<!-- This site is optimized with the Yoast SEO Premium plugin v25.2 (Yoast SEO v25.2) - https:\/\/yoast.com\/wordpress\/plugins\/seo\/ -->\n<title>Call of Atlantis: Die Sch\u00e4tze des Poseidon Sammleredition - Zeit, Poseidons Sch\u00e4tze zu suchen und zu sammeln<\/title>\n<meta name=\"description\" content=\"Das legend\u00e4re Abenteuer ist zur\u00fcck! Entdecke und sammle alle Reicht\u00fcmer von Poseidon!\" \/>\n<meta name=\"robots\" content=\"index, follow, max-snippet:-1, max-image-preview:large, max-video-preview:-1\" \/>\n<link rel=\"canonical\" href=\"https:\/\/www.iplay.com\/de\/games\/call-of-atlantis-treasures-of-poseidon-collectors-edition\/\" \/>\n<meta property=\"og:locale\" content=\"de_DE\" \/>\n<meta property=\"og:type\" content=\"article\" \/>\n<meta property=\"og:title\" content=\"Call of Atlantis: Treasures of Poseidon Collector&#039;s Edition\" \/>\n<meta property=\"og:description\" content=\"Das legend\u00e4re Abenteuer ist zur\u00fcck! Entdecke und sammle alle Reicht\u00fcmer von Poseidon!\" \/>\n<meta property=\"og:url\" content=\"https:\/\/www.iplay.com\/de\/games\/call-of-atlantis-treasures-of-poseidon-collectors-edition\/\" \/>\n<meta property=\"og:site_name\" content=\"IPlay\" \/>\n<meta property=\"og:image\" content=\"https:\/\/www.iplay.com\/wp-content\/uploads\/2023\/12\/large_square_tile_image-1417.jpg\" \/>\n\t<meta property=\"og:image:width\" content=\"310\" \/>\n\t<meta property=\"og:image:height\" content=\"310\" \/>\n\t<meta property=\"og:image:type\" content=\"image\/jpeg\" \/>\n<meta name=\"twitter:card\" content=\"summary_large_image\" \/>\n<meta name=\"twitter:label1\" content=\"Gesch\u00e4tzte Lesezeit\" \/>\n\t<meta name=\"twitter:data1\" content=\"1 Minute\" \/>\n<script type=\"application\/ld+json\" class=\"yoast-schema-graph\">{\"@context\":\"https:\/\/schema.org\",\"@graph\":[{\"@type\":\"WebPage\",\"@id\":\"https:\/\/www.iplay.com\/de\/games\/call-of-atlantis-treasures-of-poseidon-collectors-edition\/\",\"url\":\"https:\/\/www.iplay.com\/de\/games\/call-of-atlantis-treasures-of-poseidon-collectors-edition\/\",\"name\":\"Call of Atlantis: Die Sch\u00e4tze des Poseidon Sammleredition - Zeit, Poseidons Sch\u00e4tze zu suchen und zu sammeln\",\"isPartOf\":{\"@id\":\"https:\/\/www.iplay.com\/en\/#website\"},\"primaryImageOfPage\":{\"@id\":\"https:\/\/www.iplay.com\/de\/games\/call-of-atlantis-treasures-of-poseidon-collectors-edition\/#primaryimage\"},\"image\":{\"@id\":\"https:\/\/www.iplay.com\/de\/games\/call-of-atlantis-treasures-of-poseidon-collectors-edition\/#primaryimage\"},\"thumbnailUrl\":\"https:\/\/www.iplay.com\/wp-content\/uploads\/2023\/12\/large_square_tile_image-1417.jpg\",\"datePublished\":\"2014-03-05T00:00:00+00:00\",\"description\":\"Das legend\u00e4re Abenteuer ist zur\u00fcck! Entdecke und sammle alle Reicht\u00fcmer von Poseidon!\",\"breadcrumb\":{\"@id\":\"https:\/\/www.iplay.com\/de\/games\/call-of-atlantis-treasures-of-poseidon-collectors-edition\/#breadcrumb\"},\"inLanguage\":\"de-DE\",\"potentialAction\":[{\"@type\":\"ReadAction\",\"target\":[\"https:\/\/www.iplay.com\/de\/games\/call-of-atlantis-treasures-of-poseidon-collectors-edition\/\"]}]},{\"@type\":\"ImageObject\",\"inLanguage\":\"de-DE\",\"@id\":\"https:\/\/www.iplay.com\/de\/games\/call-of-atlantis-treasures-of-poseidon-collectors-edition\/#primaryimage\",\"url\":\"https:\/\/www.iplay.com\/wp-content\/uploads\/2023\/12\/large_square_tile_image-1417.jpg\",\"contentUrl\":\"https:\/\/www.iplay.com\/wp-content\/uploads\/2023\/12\/large_square_tile_image-1417.jpg\",\"width\":310,\"height\":310},{\"@type\":\"BreadcrumbList\",\"@id\":\"https:\/\/www.iplay.com\/de\/games\/call-of-atlantis-treasures-of-poseidon-collectors-edition\/#breadcrumb\",\"itemListElement\":[{\"@type\":\"ListItem\",\"position\":1,\"name\":\"Home\",\"item\":\"https:\/\/www.iplay.com\/de\/home-page-2\/\"},{\"@type\":\"ListItem\",\"position\":2,\"name\":\"Shop\",\"item\":\"https:\/\/www.iplay.com\/en\/shop\/\"},{\"@type\":\"ListItem\",\"position\":3,\"name\":\"Call of Atlantis: Treasures of Poseidon Collector&#8217;s Edition\"}]},{\"@type\":\"WebSite\",\"@id\":\"https:\/\/www.iplay.com\/en\/#website\",\"url\":\"https:\/\/www.iplay.com\/en\/\",\"name\":\"IPlay\",\"description\":\"The Best Casual Games!\",\"publisher\":{\"@id\":\"https:\/\/www.iplay.com\/en\/#organization\"},\"potentialAction\":[{\"@type\":\"SearchAction\",\"target\":{\"@type\":\"EntryPoint\",\"urlTemplate\":\"https:\/\/www.iplay.com\/en\/?s={search_term_string}\"},\"query-input\":{\"@type\":\"PropertyValueSpecification\",\"valueRequired\":true,\"valueName\":\"search_term_string\"}}],\"inLanguage\":\"de-DE\"},{\"@type\":\"Organization\",\"@id\":\"https:\/\/www.iplay.com\/en\/#organization\",\"name\":\"IPlay\",\"url\":\"https:\/\/www.iplay.com\/en\/\",\"logo\":{\"@type\":\"ImageObject\",\"inLanguage\":\"de-DE\",\"@id\":\"https:\/\/www.iplay.com\/en\/#\/schema\/logo\/image\/\",\"url\":\"https:\/\/www.iplay.com\/wp-content\/uploads\/2023\/11\/Group-6100.svg\",\"contentUrl\":\"https:\/\/www.iplay.com\/wp-content\/uploads\/2023\/11\/Group-6100.svg\",\"width\":98,\"height\":25,\"caption\":\"IPlay\"},\"image\":{\"@id\":\"https:\/\/www.iplay.com\/en\/#\/schema\/logo\/image\/\"}}]}<\/script>\n<!-- \/ Yoast SEO Premium plugin. -->","yoast_head_json":{"title":"Call of Atlantis: Die Sch\u00e4tze des Poseidon Sammleredition - Zeit, Poseidons Sch\u00e4tze zu suchen und zu sammeln","description":"Das legend\u00e4re Abenteuer ist zur\u00fcck! Entdecke und sammle alle Reicht\u00fcmer von Poseidon!","robots":{"index":"index","follow":"follow","max-snippet":"max-snippet:-1","max-image-preview":"max-image-preview:large","max-video-preview":"max-video-preview:-1"},"canonical":"https:\/\/www.iplay.com\/de\/games\/call-of-atlantis-treasures-of-poseidon-collectors-edition\/","og_locale":"de_DE","og_type":"article","og_title":"Call of Atlantis: Treasures of Poseidon Collector's Edition","og_description":"Das legend\u00e4re Abenteuer ist zur\u00fcck! Entdecke und sammle alle Reicht\u00fcmer von Poseidon!","og_url":"https:\/\/www.iplay.com\/de\/games\/call-of-atlantis-treasures-of-poseidon-collectors-edition\/","og_site_name":"IPlay","og_image":[{"width":310,"height":310,"url":"https:\/\/www.iplay.com\/wp-content\/uploads\/2023\/12\/large_square_tile_image-1417.jpg","type":"image\/jpeg"}],"twitter_card":"summary_large_image","twitter_misc":{"Gesch\u00e4tzte Lesezeit":"1 Minute"},"schema":{"@context":"https:\/\/schema.org","@graph":[{"@type":"WebPage","@id":"https:\/\/www.iplay.com\/de\/games\/call-of-atlantis-treasures-of-poseidon-collectors-edition\/","url":"https:\/\/www.iplay.com\/de\/games\/call-of-atlantis-treasures-of-poseidon-collectors-edition\/","name":"Call of Atlantis: Die Sch\u00e4tze des Poseidon Sammleredition - Zeit, Poseidons Sch\u00e4tze zu suchen und zu sammeln","isPartOf":{"@id":"https:\/\/www.iplay.com\/en\/#website"},"primaryImageOfPage":{"@id":"https:\/\/www.iplay.com\/de\/games\/call-of-atlantis-treasures-of-poseidon-collectors-edition\/#primaryimage"},"image":{"@id":"https:\/\/www.iplay.com\/de\/games\/call-of-atlantis-treasures-of-poseidon-collectors-edition\/#primaryimage"},"thumbnailUrl":"https:\/\/www.iplay.com\/wp-content\/uploads\/2023\/12\/large_square_tile_image-1417.jpg","datePublished":"2014-03-05T00:00:00+00:00","description":"Das legend\u00e4re Abenteuer ist zur\u00fcck! Entdecke und sammle alle Reicht\u00fcmer von Poseidon!","breadcrumb":{"@id":"https:\/\/www.iplay.com\/de\/games\/call-of-atlantis-treasures-of-poseidon-collectors-edition\/#breadcrumb"},"inLanguage":"de-DE","potentialAction":[{"@type":"ReadAction","target":["https:\/\/www.iplay.com\/de\/games\/call-of-atlantis-treasures-of-poseidon-collectors-edition\/"]}]},{"@type":"ImageObject","inLanguage":"de-DE","@id":"https:\/\/www.iplay.com\/de\/games\/call-of-atlantis-treasures-of-poseidon-collectors-edition\/#primaryimage","url":"https:\/\/www.iplay.com\/wp-content\/uploads\/2023\/12\/large_square_tile_image-1417.jpg","contentUrl":"https:\/\/www.iplay.com\/wp-content\/uploads\/2023\/12\/large_square_tile_image-1417.jpg","width":310,"height":310},{"@type":"BreadcrumbList","@id":"https:\/\/www.iplay.com\/de\/games\/call-of-atlantis-treasures-of-poseidon-collectors-edition\/#breadcrumb","itemListElement":[{"@type":"ListItem","position":1,"name":"Home","item":"https:\/\/www.iplay.com\/de\/home-page-2\/"},{"@type":"ListItem","position":2,"name":"Shop","item":"https:\/\/www.iplay.com\/en\/shop\/"},{"@type":"ListItem","position":3,"name":"Call of Atlantis: Treasures of Poseidon Collector&#8217;s Edition"}]},{"@type":"WebSite","@id":"https:\/\/www.iplay.com\/en\/#website","url":"https:\/\/www.iplay.com\/en\/","name":"IPlay","description":"The Best Casual Games!","publisher":{"@id":"https:\/\/www.iplay.com\/en\/#organization"},"potentialAction":[{"@type":"SearchAction","target":{"@type":"EntryPoint","urlTemplate":"https:\/\/www.iplay.com\/en\/?s={search_term_string}"},"query-input":{"@type":"PropertyValueSpecification","valueRequired":true,"valueName":"search_term_string"}}],"inLanguage":"de-DE"},{"@type":"Organization","@id":"https:\/\/www.iplay.com\/en\/#organization","name":"IPlay","url":"https:\/\/www.iplay.com\/en\/","logo":{"@type":"ImageObject","inLanguage":"de-DE","@id":"https:\/\/www.iplay.com\/en\/#\/schema\/logo\/image\/","url":"https:\/\/www.iplay.com\/wp-content\/uploads\/2023\/11\/Group-6100.svg","contentUrl":"https:\/\/www.iplay.com\/wp-content\/uploads\/2023\/11\/Group-6100.svg","width":98,"height":25,"caption":"IPlay"},"image":{"@id":"https:\/\/www.iplay.com\/en\/#\/schema\/logo\/image\/"}}]}},"_links":{"self":[{"href":"https:\/\/www.iplay.com\/de\/wp-json\/wp\/v2\/product\/126394","targetHints":{"allow":["GET"]}}],"collection":[{"href":"https:\/\/www.iplay.com\/de\/wp-json\/wp\/v2\/product"}],"about":[{"href":"https:\/\/www.iplay.com\/de\/wp-json\/wp\/v2\/types\/product"}],"author":[{"embeddable":true,"href":"https:\/\/www.iplay.com\/de\/wp-json\/wp\/v2\/users\/27"}],"replies":[{"embeddable":true,"href":"https:\/\/www.iplay.com\/de\/wp-json\/wp\/v2\/comments?post=126394"}],"wp:featuredmedia":[{"embeddable":true,"href":"https:\/\/www.iplay.com\/de\/wp-json\/wp\/v2\/media\/62918"}],"wp:attachment":[{"href":"https:\/\/www.iplay.com\/de\/wp-json\/wp\/v2\/media?parent=126394"}],"wp:term":[{"taxonomy":"product_brand","embeddable":true,"href":"https:\/\/www.iplay.com\/de\/wp-json\/wp\/v2\/product_brand?post=126394"},{"taxonomy":"product_cat","embeddable":true,"href":"https:\/\/www.iplay.com\/de\/wp-json\/wp\/v2\/product_cat?post=126394"},{"taxonomy":"product_tag","embeddable":true,"href":"https:\/\/www.iplay.com\/de\/wp-json\/wp\/v2\/product_tag?post=126394"}],"curies":[{"name":"wp","href":"https:\/\/api.w.org\/{rel}","templated":true}]}}