{"id":126317,"date":"2017-12-25T00:00:00","date_gmt":"2017-12-25T00:00:00","guid":{"rendered":"https:\/\/www.iplay.com\/games\/grim-facade-hidden-sins-collectors-edition\/"},"modified":"2017-12-25T00:00:00","modified_gmt":"2017-12-25T00:00:00","slug":"grim-facade-hidden-sins-collectors-edition","status":"publish","type":"product","link":"https:\/\/www.iplay.com\/de\/games\/grim-facade-hidden-sins-collectors-edition\/","title":{"rendered":"Grim Facade: Hidden Sins Collector&#8217;s Edition"},"content":{"rendered":"<p>Ein weiterer spannender Fall, den es zu l\u00f6sen gilt! Der B\u00fcrgermeister hat Euch geschickt, um gegen einen maskierten Vigilanten namens Avenger zu ermitteln, der das Dorf Coldstone lahmgelegt hat. Seine Frau wurde entf\u00fchrt, und es gibt eine Liste potenzieller Avengers-Ziele. Wirst du in der Lage sein, ihn zu stoppen, bevor er wieder zuschl\u00e4gt, oder wirst du einen weiteren Namen auf die Liste setzen? Besondere Erfolge, eine witzige Gassenkatze und geheime Masken, die du im Laufe des Spiels finden kannst, machen dieses Spiel zu einem Hit! Hierbei handelt es sich um eine Collector&#8217;s Edition-Ver\u00f6ffentlichung mit zus\u00e4tzlichen Extras, die in der regul\u00e4ren Version nicht enthalten sind.     <\/p>\n<p>&nbsp;<\/p>\n<p>&nbsp;<\/p>\n<p><strong>Funktionen:<\/strong><\/p>\n<p>&nbsp;<\/p>\n<p>&#8211; Spiele das Bonusspiel, um mehr \u00fcber die Vergangenheit der Avenger zu erfahren!<\/p>\n<p>&#8211; Finde und sammle die Masken, die im Spiel verstreut sind!<\/p>\n<p>&#8211; Erreiche au\u00dfergew\u00f6hnliche Erfolge!- N\u00fctzlicher Strategieleitfaden<\/p>\n<p>&#8211; Genie\u00dfe Musik, Hintergrundbilder, Konzeptkunst und mehr!<\/p>\n","protected":false},"excerpt":{"rendered":"<p>Eine B\u00fcrgerwehr terrorisiert eine l\u00e4ndliche Gemeinde!<\/p>\n","protected":false},"author":17,"featured_media":101971,"comment_status":"open","ping_status":"closed","template":"","meta":{"_acf_changed":false,"inline_featured_image":false},"product_brand":[],"product_cat":[164],"product_tag":[289],"class_list":{"0":"post-126317","1":"product","2":"type-product","3":"status-publish","4":"has-post-thumbnail","6":"product_cat-hidden-object-de","7":"product_tag-play-on-pc-de","9":"first","10":"instock","11":"shipping-taxable","12":"purchasable","13":"product-type-simple"},"acf":[],"yoast_head":"<!-- This site is optimized with the Yoast SEO Premium plugin v25.2 (Yoast SEO v25.2) - https:\/\/yoast.com\/wordpress\/plugins\/seo\/ -->\n<title>Grim Facade: Hidden Sins Collector&#039;s Edition - Konfrontiere dich mit einer Selbstjustiz, die eine Kleinstadt terrorisiert<\/title>\n<meta name=\"description\" content=\"Eine B\u00fcrgerwehr terrorisiert eine l\u00e4ndliche Gemeinde!\" \/>\n<meta name=\"robots\" content=\"index, follow, max-snippet:-1, max-image-preview:large, max-video-preview:-1\" \/>\n<link rel=\"canonical\" href=\"https:\/\/www.iplay.com\/de\/games\/grim-facade-hidden-sins-collectors-edition\/\" \/>\n<meta property=\"og:locale\" content=\"de_DE\" \/>\n<meta property=\"og:type\" content=\"article\" \/>\n<meta property=\"og:title\" content=\"Grim Facade: Hidden Sins Collector&#039;s Edition\" \/>\n<meta property=\"og:description\" content=\"Eine B\u00fcrgerwehr terrorisiert eine l\u00e4ndliche Gemeinde!\" \/>\n<meta property=\"og:url\" content=\"https:\/\/www.iplay.com\/de\/games\/grim-facade-hidden-sins-collectors-edition\/\" \/>\n<meta property=\"og:site_name\" content=\"IPlay\" \/>\n<meta property=\"og:image\" content=\"https:\/\/www.iplay.com\/wp-content\/uploads\/2023\/12\/large_square_tile_image-3885.jpg\" \/>\n\t<meta property=\"og:image:width\" content=\"310\" \/>\n\t<meta property=\"og:image:height\" content=\"310\" \/>\n\t<meta property=\"og:image:type\" content=\"image\/jpeg\" \/>\n<meta name=\"twitter:card\" content=\"summary_large_image\" \/>\n<meta name=\"twitter:label1\" content=\"Gesch\u00e4tzte Lesezeit\" \/>\n\t<meta name=\"twitter:data1\" content=\"1 Minute\" \/>\n<script type=\"application\/ld+json\" class=\"yoast-schema-graph\">{\"@context\":\"https:\/\/schema.org\",\"@graph\":[{\"@type\":\"WebPage\",\"@id\":\"https:\/\/www.iplay.com\/de\/games\/grim-facade-hidden-sins-collectors-edition\/\",\"url\":\"https:\/\/www.iplay.com\/de\/games\/grim-facade-hidden-sins-collectors-edition\/\",\"name\":\"Grim Facade: Hidden Sins Collector's Edition - Konfrontiere dich mit einer Selbstjustiz, die eine Kleinstadt terrorisiert\",\"isPartOf\":{\"@id\":\"https:\/\/www.iplay.com\/en\/#website\"},\"primaryImageOfPage\":{\"@id\":\"https:\/\/www.iplay.com\/de\/games\/grim-facade-hidden-sins-collectors-edition\/#primaryimage\"},\"image\":{\"@id\":\"https:\/\/www.iplay.com\/de\/games\/grim-facade-hidden-sins-collectors-edition\/#primaryimage\"},\"thumbnailUrl\":\"https:\/\/www.iplay.com\/wp-content\/uploads\/2023\/12\/large_square_tile_image-3885.jpg\",\"datePublished\":\"2017-12-25T00:00:00+00:00\",\"description\":\"Eine B\u00fcrgerwehr terrorisiert eine l\u00e4ndliche Gemeinde!\",\"breadcrumb\":{\"@id\":\"https:\/\/www.iplay.com\/de\/games\/grim-facade-hidden-sins-collectors-edition\/#breadcrumb\"},\"inLanguage\":\"de-DE\",\"potentialAction\":[{\"@type\":\"ReadAction\",\"target\":[\"https:\/\/www.iplay.com\/de\/games\/grim-facade-hidden-sins-collectors-edition\/\"]}]},{\"@type\":\"ImageObject\",\"inLanguage\":\"de-DE\",\"@id\":\"https:\/\/www.iplay.com\/de\/games\/grim-facade-hidden-sins-collectors-edition\/#primaryimage\",\"url\":\"https:\/\/www.iplay.com\/wp-content\/uploads\/2023\/12\/large_square_tile_image-3885.jpg\",\"contentUrl\":\"https:\/\/www.iplay.com\/wp-content\/uploads\/2023\/12\/large_square_tile_image-3885.jpg\",\"width\":310,\"height\":310},{\"@type\":\"BreadcrumbList\",\"@id\":\"https:\/\/www.iplay.com\/de\/games\/grim-facade-hidden-sins-collectors-edition\/#breadcrumb\",\"itemListElement\":[{\"@type\":\"ListItem\",\"position\":1,\"name\":\"Home\",\"item\":\"https:\/\/www.iplay.com\/de\/home-page-2\/\"},{\"@type\":\"ListItem\",\"position\":2,\"name\":\"Shop\",\"item\":\"https:\/\/www.iplay.com\/en\/shop\/\"},{\"@type\":\"ListItem\",\"position\":3,\"name\":\"Grim Facade: Hidden Sins Collector&#8217;s Edition\"}]},{\"@type\":\"WebSite\",\"@id\":\"https:\/\/www.iplay.com\/en\/#website\",\"url\":\"https:\/\/www.iplay.com\/en\/\",\"name\":\"IPlay\",\"description\":\"The Best Casual Games!\",\"publisher\":{\"@id\":\"https:\/\/www.iplay.com\/en\/#organization\"},\"potentialAction\":[{\"@type\":\"SearchAction\",\"target\":{\"@type\":\"EntryPoint\",\"urlTemplate\":\"https:\/\/www.iplay.com\/en\/?s={search_term_string}\"},\"query-input\":{\"@type\":\"PropertyValueSpecification\",\"valueRequired\":true,\"valueName\":\"search_term_string\"}}],\"inLanguage\":\"de-DE\"},{\"@type\":\"Organization\",\"@id\":\"https:\/\/www.iplay.com\/en\/#organization\",\"name\":\"IPlay\",\"url\":\"https:\/\/www.iplay.com\/en\/\",\"logo\":{\"@type\":\"ImageObject\",\"inLanguage\":\"de-DE\",\"@id\":\"https:\/\/www.iplay.com\/en\/#\/schema\/logo\/image\/\",\"url\":\"https:\/\/www.iplay.com\/wp-content\/uploads\/2023\/11\/Group-6100.svg\",\"contentUrl\":\"https:\/\/www.iplay.com\/wp-content\/uploads\/2023\/11\/Group-6100.svg\",\"width\":98,\"height\":25,\"caption\":\"IPlay\"},\"image\":{\"@id\":\"https:\/\/www.iplay.com\/en\/#\/schema\/logo\/image\/\"}}]}<\/script>\n<!-- \/ Yoast SEO Premium plugin. -->","yoast_head_json":{"title":"Grim Facade: Hidden Sins Collector's Edition - Konfrontiere dich mit einer Selbstjustiz, die eine Kleinstadt terrorisiert","description":"Eine B\u00fcrgerwehr terrorisiert eine l\u00e4ndliche Gemeinde!","robots":{"index":"index","follow":"follow","max-snippet":"max-snippet:-1","max-image-preview":"max-image-preview:large","max-video-preview":"max-video-preview:-1"},"canonical":"https:\/\/www.iplay.com\/de\/games\/grim-facade-hidden-sins-collectors-edition\/","og_locale":"de_DE","og_type":"article","og_title":"Grim Facade: Hidden Sins Collector's Edition","og_description":"Eine B\u00fcrgerwehr terrorisiert eine l\u00e4ndliche Gemeinde!","og_url":"https:\/\/www.iplay.com\/de\/games\/grim-facade-hidden-sins-collectors-edition\/","og_site_name":"IPlay","og_image":[{"width":310,"height":310,"url":"https:\/\/www.iplay.com\/wp-content\/uploads\/2023\/12\/large_square_tile_image-3885.jpg","type":"image\/jpeg"}],"twitter_card":"summary_large_image","twitter_misc":{"Gesch\u00e4tzte Lesezeit":"1 Minute"},"schema":{"@context":"https:\/\/schema.org","@graph":[{"@type":"WebPage","@id":"https:\/\/www.iplay.com\/de\/games\/grim-facade-hidden-sins-collectors-edition\/","url":"https:\/\/www.iplay.com\/de\/games\/grim-facade-hidden-sins-collectors-edition\/","name":"Grim Facade: Hidden Sins Collector's Edition - Konfrontiere dich mit einer Selbstjustiz, die eine Kleinstadt terrorisiert","isPartOf":{"@id":"https:\/\/www.iplay.com\/en\/#website"},"primaryImageOfPage":{"@id":"https:\/\/www.iplay.com\/de\/games\/grim-facade-hidden-sins-collectors-edition\/#primaryimage"},"image":{"@id":"https:\/\/www.iplay.com\/de\/games\/grim-facade-hidden-sins-collectors-edition\/#primaryimage"},"thumbnailUrl":"https:\/\/www.iplay.com\/wp-content\/uploads\/2023\/12\/large_square_tile_image-3885.jpg","datePublished":"2017-12-25T00:00:00+00:00","description":"Eine B\u00fcrgerwehr terrorisiert eine l\u00e4ndliche Gemeinde!","breadcrumb":{"@id":"https:\/\/www.iplay.com\/de\/games\/grim-facade-hidden-sins-collectors-edition\/#breadcrumb"},"inLanguage":"de-DE","potentialAction":[{"@type":"ReadAction","target":["https:\/\/www.iplay.com\/de\/games\/grim-facade-hidden-sins-collectors-edition\/"]}]},{"@type":"ImageObject","inLanguage":"de-DE","@id":"https:\/\/www.iplay.com\/de\/games\/grim-facade-hidden-sins-collectors-edition\/#primaryimage","url":"https:\/\/www.iplay.com\/wp-content\/uploads\/2023\/12\/large_square_tile_image-3885.jpg","contentUrl":"https:\/\/www.iplay.com\/wp-content\/uploads\/2023\/12\/large_square_tile_image-3885.jpg","width":310,"height":310},{"@type":"BreadcrumbList","@id":"https:\/\/www.iplay.com\/de\/games\/grim-facade-hidden-sins-collectors-edition\/#breadcrumb","itemListElement":[{"@type":"ListItem","position":1,"name":"Home","item":"https:\/\/www.iplay.com\/de\/home-page-2\/"},{"@type":"ListItem","position":2,"name":"Shop","item":"https:\/\/www.iplay.com\/en\/shop\/"},{"@type":"ListItem","position":3,"name":"Grim Facade: Hidden Sins Collector&#8217;s Edition"}]},{"@type":"WebSite","@id":"https:\/\/www.iplay.com\/en\/#website","url":"https:\/\/www.iplay.com\/en\/","name":"IPlay","description":"The Best Casual Games!","publisher":{"@id":"https:\/\/www.iplay.com\/en\/#organization"},"potentialAction":[{"@type":"SearchAction","target":{"@type":"EntryPoint","urlTemplate":"https:\/\/www.iplay.com\/en\/?s={search_term_string}"},"query-input":{"@type":"PropertyValueSpecification","valueRequired":true,"valueName":"search_term_string"}}],"inLanguage":"de-DE"},{"@type":"Organization","@id":"https:\/\/www.iplay.com\/en\/#organization","name":"IPlay","url":"https:\/\/www.iplay.com\/en\/","logo":{"@type":"ImageObject","inLanguage":"de-DE","@id":"https:\/\/www.iplay.com\/en\/#\/schema\/logo\/image\/","url":"https:\/\/www.iplay.com\/wp-content\/uploads\/2023\/11\/Group-6100.svg","contentUrl":"https:\/\/www.iplay.com\/wp-content\/uploads\/2023\/11\/Group-6100.svg","width":98,"height":25,"caption":"IPlay"},"image":{"@id":"https:\/\/www.iplay.com\/en\/#\/schema\/logo\/image\/"}}]}},"_links":{"self":[{"href":"https:\/\/www.iplay.com\/de\/wp-json\/wp\/v2\/product\/126317","targetHints":{"allow":["GET"]}}],"collection":[{"href":"https:\/\/www.iplay.com\/de\/wp-json\/wp\/v2\/product"}],"about":[{"href":"https:\/\/www.iplay.com\/de\/wp-json\/wp\/v2\/types\/product"}],"author":[{"embeddable":true,"href":"https:\/\/www.iplay.com\/de\/wp-json\/wp\/v2\/users\/17"}],"replies":[{"embeddable":true,"href":"https:\/\/www.iplay.com\/de\/wp-json\/wp\/v2\/comments?post=126317"}],"wp:featuredmedia":[{"embeddable":true,"href":"https:\/\/www.iplay.com\/de\/wp-json\/wp\/v2\/media\/101971"}],"wp:attachment":[{"href":"https:\/\/www.iplay.com\/de\/wp-json\/wp\/v2\/media?parent=126317"}],"wp:term":[{"taxonomy":"product_brand","embeddable":true,"href":"https:\/\/www.iplay.com\/de\/wp-json\/wp\/v2\/product_brand?post=126317"},{"taxonomy":"product_cat","embeddable":true,"href":"https:\/\/www.iplay.com\/de\/wp-json\/wp\/v2\/product_cat?post=126317"},{"taxonomy":"product_tag","embeddable":true,"href":"https:\/\/www.iplay.com\/de\/wp-json\/wp\/v2\/product_tag?post=126317"}],"curies":[{"name":"wp","href":"https:\/\/api.w.org\/{rel}","templated":true}]}}