{"id":126303,"date":"2022-12-13T00:00:00","date_gmt":"2022-12-13T00:00:00","guid":{"rendered":"https:\/\/www.iplay.com\/games\/new-yankee-11-battle-for-the-bride-collectors-edition\/"},"modified":"2022-12-13T00:00:00","modified_gmt":"2022-12-13T00:00:00","slug":"new-yankee-11-battle-for-the-bride-collectors-edition","status":"publish","type":"product","link":"https:\/\/www.iplay.com\/de\/games\/new-yankee-11-battle-for-the-bride-collectors-edition\/","title":{"rendered":"New Yankee 11: Battle For The Bride Collector&#8217;s Edition"},"content":{"rendered":"<p>Begeben Sie sich auf ein Abenteuer um der Liebe willen! Begleite eine unorganisierte Gruppe von Royals auf einer waghalsigen Reise, um einen r\u00e4uberischen Ritter daran zu hindern, Sir Lancasters Tochter aus finanziellen Gr\u00fcnden zu heiraten, w\u00e4hrend du gleichzeitig gewaltige Feinde und gef\u00e4hrliche Hindernisse \u00fcberwindest. Mit jeder Option, die dich deinem Ziel n\u00e4her bringt, musst du deine Entscheidungsf\u00e4higkeit verbessern, wenn du entscheidest, ob du Ressourcen sammelst, Strukturen errichtest oder etwas auf deinem Weg entfernst. Erkunden Sie alle atemberaubenden Regionen von Camelot, um Sir Culhwch davon zu \u00fcberzeugen, dass seine Liebe aufrichtig ist. 7 Die Zeit l\u00e4uft ab und Sir Culhwch braucht Eure Hilfe, wenn Ihr also Lust dazu habt, m\u00fcsst Ihr sofort gehen!    <\/p>\n<p>&nbsp;<\/p>\n<p>&nbsp;<\/p>\n<p><strong>Merkmale<\/strong>:<\/p>\n<p>&nbsp;<\/p>\n<p>&#8211; 53 unterschiedliche und schwierige zeitlich begrenzte Levels<\/p>\n<p>&#8211; Elf Minispiel-Levels mit drei fesselnden Minispiel-Kategorien<\/p>\n<p>&#8211; Drei unterschiedliche Herausforderungen, um deine F\u00e4higkeiten auf die Probe zu stellen<\/p>\n<p>&#8211; Zahlreiche Errungenschaften und Upgrades zum Freischalten<\/p>\n<p>&#8211; Meisterhaft gestaltete und abwechslungsreiche Settings<\/p>\n<p>&nbsp;<\/p>\n<p>&nbsp;<\/p>\n<p><strong>Funktionen der Collector&#8217;s Edition:<\/strong><\/p>\n<p>&nbsp;<\/p>\n<p>&#8211; Bonuskapitel mit 17 weiteren Stufen und mehr Minispiel-Levels<\/p>\n<p>&#8211; Integrierter, umfassender Strategieleitfaden<\/p>\n<p>&#8211; Ein hochwertiger Soundtrack steht zum Download zur Verf\u00fcgung.<\/p>\n<p>&#8211; Eine wundersch\u00f6ne Auswahl an Tapeten<\/p>\n<p>&#8211; Verstreubare Puzzleteile, die in den Levels gesammelt werden k\u00f6nnen<\/p>\n<p>&#8211; Nutze die bereitgestellten Charakterbiografien, um mehr \u00fcber die verschiedenen Charaktere zu erfahren.<\/p>\n","protected":false},"excerpt":{"rendered":"<p>Begib dich auf ein fantastisches Abenteuer, um einen r\u00e4uberischen Ritter im Namen der Liebe zu besiegen!<\/p>\n","protected":false},"author":8,"featured_media":122439,"comment_status":"open","ping_status":"closed","template":"","meta":{"_acf_changed":false,"inline_featured_image":false},"product_brand":[],"product_cat":[217],"product_tag":[277,289],"class_list":{"0":"post-126303","1":"product","2":"type-product","3":"status-publish","4":"has-post-thumbnail","6":"product_cat-time-management-de","7":"product_tag-new-yankee-series-de","8":"product_tag-play-on-pc-de","10":"first","11":"instock","12":"shipping-taxable","13":"purchasable","14":"product-type-simple"},"acf":[],"yoast_head":"<!-- This site is optimized with the Yoast SEO Premium plugin v25.2 (Yoast SEO v25.2) - https:\/\/yoast.com\/wordpress\/plugins\/seo\/ -->\n<title>New Yankee 11: Battle For The Bride Collector&#039;s Edition - Begib dich auf eine Reise, um einen gierigen Ritter im Namen der Liebe zu besiegen<\/title>\n<meta name=\"description\" content=\"Begib dich auf ein fantastisches Abenteuer, um einen r\u00e4uberischen Ritter im Namen der Liebe zu besiegen!\" \/>\n<meta name=\"robots\" content=\"index, follow, max-snippet:-1, max-image-preview:large, max-video-preview:-1\" \/>\n<link rel=\"canonical\" href=\"https:\/\/www.iplay.com\/de\/games\/new-yankee-11-battle-for-the-bride-collectors-edition\/\" \/>\n<meta property=\"og:locale\" content=\"de_DE\" \/>\n<meta property=\"og:type\" content=\"article\" \/>\n<meta property=\"og:title\" content=\"New Yankee 11: Battle For The Bride Collector&#039;s Edition\" \/>\n<meta property=\"og:description\" content=\"Begib dich auf ein fantastisches Abenteuer, um einen r\u00e4uberischen Ritter im Namen der Liebe zu besiegen!\" \/>\n<meta property=\"og:url\" content=\"https:\/\/www.iplay.com\/de\/games\/new-yankee-11-battle-for-the-bride-collectors-edition\/\" \/>\n<meta property=\"og:site_name\" content=\"IPlay\" \/>\n<meta property=\"og:image\" content=\"https:\/\/www.iplay.com\/wp-content\/uploads\/2024\/08\/new_yankee_11_battle_for_the_bride_ce_large_square_tile_image.webp\" \/>\n\t<meta property=\"og:image:width\" content=\"715\" \/>\n\t<meta property=\"og:image:height\" content=\"485\" \/>\n\t<meta property=\"og:image:type\" content=\"image\/webp\" \/>\n<meta name=\"twitter:card\" content=\"summary_large_image\" \/>\n<meta name=\"twitter:label1\" content=\"Gesch\u00e4tzte Lesezeit\" \/>\n\t<meta name=\"twitter:data1\" content=\"1 Minute\" \/>\n<script type=\"application\/ld+json\" class=\"yoast-schema-graph\">{\"@context\":\"https:\/\/schema.org\",\"@graph\":[{\"@type\":\"WebPage\",\"@id\":\"https:\/\/www.iplay.com\/de\/games\/new-yankee-11-battle-for-the-bride-collectors-edition\/\",\"url\":\"https:\/\/www.iplay.com\/de\/games\/new-yankee-11-battle-for-the-bride-collectors-edition\/\",\"name\":\"New Yankee 11: Battle For The Bride Collector's Edition - Begib dich auf eine Reise, um einen gierigen Ritter im Namen der Liebe zu besiegen\",\"isPartOf\":{\"@id\":\"https:\/\/www.iplay.com\/en\/#website\"},\"primaryImageOfPage\":{\"@id\":\"https:\/\/www.iplay.com\/de\/games\/new-yankee-11-battle-for-the-bride-collectors-edition\/#primaryimage\"},\"image\":{\"@id\":\"https:\/\/www.iplay.com\/de\/games\/new-yankee-11-battle-for-the-bride-collectors-edition\/#primaryimage\"},\"thumbnailUrl\":\"https:\/\/www.iplay.com\/wp-content\/uploads\/2024\/08\/new_yankee_11_battle_for_the_bride_ce_large_square_tile_image.webp\",\"datePublished\":\"2022-12-13T00:00:00+00:00\",\"description\":\"Begib dich auf ein fantastisches Abenteuer, um einen r\u00e4uberischen Ritter im Namen der Liebe zu besiegen!\",\"breadcrumb\":{\"@id\":\"https:\/\/www.iplay.com\/de\/games\/new-yankee-11-battle-for-the-bride-collectors-edition\/#breadcrumb\"},\"inLanguage\":\"de-DE\",\"potentialAction\":[{\"@type\":\"ReadAction\",\"target\":[\"https:\/\/www.iplay.com\/de\/games\/new-yankee-11-battle-for-the-bride-collectors-edition\/\"]}]},{\"@type\":\"ImageObject\",\"inLanguage\":\"de-DE\",\"@id\":\"https:\/\/www.iplay.com\/de\/games\/new-yankee-11-battle-for-the-bride-collectors-edition\/#primaryimage\",\"url\":\"https:\/\/www.iplay.com\/wp-content\/uploads\/2024\/08\/new_yankee_11_battle_for_the_bride_ce_large_square_tile_image.webp\",\"contentUrl\":\"https:\/\/www.iplay.com\/wp-content\/uploads\/2024\/08\/new_yankee_11_battle_for_the_bride_ce_large_square_tile_image.webp\",\"width\":715,\"height\":485},{\"@type\":\"BreadcrumbList\",\"@id\":\"https:\/\/www.iplay.com\/de\/games\/new-yankee-11-battle-for-the-bride-collectors-edition\/#breadcrumb\",\"itemListElement\":[{\"@type\":\"ListItem\",\"position\":1,\"name\":\"Home\",\"item\":\"https:\/\/www.iplay.com\/de\/home-page-2\/\"},{\"@type\":\"ListItem\",\"position\":2,\"name\":\"Shop\",\"item\":\"https:\/\/www.iplay.com\/en\/shop\/\"},{\"@type\":\"ListItem\",\"position\":3,\"name\":\"New Yankee 11: Battle For The Bride Collector&#8217;s Edition\"}]},{\"@type\":\"WebSite\",\"@id\":\"https:\/\/www.iplay.com\/en\/#website\",\"url\":\"https:\/\/www.iplay.com\/en\/\",\"name\":\"IPlay\",\"description\":\"The Best Casual Games!\",\"publisher\":{\"@id\":\"https:\/\/www.iplay.com\/en\/#organization\"},\"potentialAction\":[{\"@type\":\"SearchAction\",\"target\":{\"@type\":\"EntryPoint\",\"urlTemplate\":\"https:\/\/www.iplay.com\/en\/?s={search_term_string}\"},\"query-input\":{\"@type\":\"PropertyValueSpecification\",\"valueRequired\":true,\"valueName\":\"search_term_string\"}}],\"inLanguage\":\"de-DE\"},{\"@type\":\"Organization\",\"@id\":\"https:\/\/www.iplay.com\/en\/#organization\",\"name\":\"IPlay\",\"url\":\"https:\/\/www.iplay.com\/en\/\",\"logo\":{\"@type\":\"ImageObject\",\"inLanguage\":\"de-DE\",\"@id\":\"https:\/\/www.iplay.com\/en\/#\/schema\/logo\/image\/\",\"url\":\"https:\/\/www.iplay.com\/wp-content\/uploads\/2023\/11\/Group-6100.svg\",\"contentUrl\":\"https:\/\/www.iplay.com\/wp-content\/uploads\/2023\/11\/Group-6100.svg\",\"width\":98,\"height\":25,\"caption\":\"IPlay\"},\"image\":{\"@id\":\"https:\/\/www.iplay.com\/en\/#\/schema\/logo\/image\/\"}}]}<\/script>\n<!-- \/ Yoast SEO Premium plugin. -->","yoast_head_json":{"title":"New Yankee 11: Battle For The Bride Collector's Edition - Begib dich auf eine Reise, um einen gierigen Ritter im Namen der Liebe zu besiegen","description":"Begib dich auf ein fantastisches Abenteuer, um einen r\u00e4uberischen Ritter im Namen der Liebe zu besiegen!","robots":{"index":"index","follow":"follow","max-snippet":"max-snippet:-1","max-image-preview":"max-image-preview:large","max-video-preview":"max-video-preview:-1"},"canonical":"https:\/\/www.iplay.com\/de\/games\/new-yankee-11-battle-for-the-bride-collectors-edition\/","og_locale":"de_DE","og_type":"article","og_title":"New Yankee 11: Battle For The Bride Collector's Edition","og_description":"Begib dich auf ein fantastisches Abenteuer, um einen r\u00e4uberischen Ritter im Namen der Liebe zu besiegen!","og_url":"https:\/\/www.iplay.com\/de\/games\/new-yankee-11-battle-for-the-bride-collectors-edition\/","og_site_name":"IPlay","og_image":[{"width":715,"height":485,"url":"https:\/\/www.iplay.com\/wp-content\/uploads\/2024\/08\/new_yankee_11_battle_for_the_bride_ce_large_square_tile_image.webp","type":"image\/webp"}],"twitter_card":"summary_large_image","twitter_misc":{"Gesch\u00e4tzte Lesezeit":"1 Minute"},"schema":{"@context":"https:\/\/schema.org","@graph":[{"@type":"WebPage","@id":"https:\/\/www.iplay.com\/de\/games\/new-yankee-11-battle-for-the-bride-collectors-edition\/","url":"https:\/\/www.iplay.com\/de\/games\/new-yankee-11-battle-for-the-bride-collectors-edition\/","name":"New Yankee 11: Battle For The Bride Collector's Edition - Begib dich auf eine Reise, um einen gierigen Ritter im Namen der Liebe zu besiegen","isPartOf":{"@id":"https:\/\/www.iplay.com\/en\/#website"},"primaryImageOfPage":{"@id":"https:\/\/www.iplay.com\/de\/games\/new-yankee-11-battle-for-the-bride-collectors-edition\/#primaryimage"},"image":{"@id":"https:\/\/www.iplay.com\/de\/games\/new-yankee-11-battle-for-the-bride-collectors-edition\/#primaryimage"},"thumbnailUrl":"https:\/\/www.iplay.com\/wp-content\/uploads\/2024\/08\/new_yankee_11_battle_for_the_bride_ce_large_square_tile_image.webp","datePublished":"2022-12-13T00:00:00+00:00","description":"Begib dich auf ein fantastisches Abenteuer, um einen r\u00e4uberischen Ritter im Namen der Liebe zu besiegen!","breadcrumb":{"@id":"https:\/\/www.iplay.com\/de\/games\/new-yankee-11-battle-for-the-bride-collectors-edition\/#breadcrumb"},"inLanguage":"de-DE","potentialAction":[{"@type":"ReadAction","target":["https:\/\/www.iplay.com\/de\/games\/new-yankee-11-battle-for-the-bride-collectors-edition\/"]}]},{"@type":"ImageObject","inLanguage":"de-DE","@id":"https:\/\/www.iplay.com\/de\/games\/new-yankee-11-battle-for-the-bride-collectors-edition\/#primaryimage","url":"https:\/\/www.iplay.com\/wp-content\/uploads\/2024\/08\/new_yankee_11_battle_for_the_bride_ce_large_square_tile_image.webp","contentUrl":"https:\/\/www.iplay.com\/wp-content\/uploads\/2024\/08\/new_yankee_11_battle_for_the_bride_ce_large_square_tile_image.webp","width":715,"height":485},{"@type":"BreadcrumbList","@id":"https:\/\/www.iplay.com\/de\/games\/new-yankee-11-battle-for-the-bride-collectors-edition\/#breadcrumb","itemListElement":[{"@type":"ListItem","position":1,"name":"Home","item":"https:\/\/www.iplay.com\/de\/home-page-2\/"},{"@type":"ListItem","position":2,"name":"Shop","item":"https:\/\/www.iplay.com\/en\/shop\/"},{"@type":"ListItem","position":3,"name":"New Yankee 11: Battle For The Bride Collector&#8217;s Edition"}]},{"@type":"WebSite","@id":"https:\/\/www.iplay.com\/en\/#website","url":"https:\/\/www.iplay.com\/en\/","name":"IPlay","description":"The Best Casual Games!","publisher":{"@id":"https:\/\/www.iplay.com\/en\/#organization"},"potentialAction":[{"@type":"SearchAction","target":{"@type":"EntryPoint","urlTemplate":"https:\/\/www.iplay.com\/en\/?s={search_term_string}"},"query-input":{"@type":"PropertyValueSpecification","valueRequired":true,"valueName":"search_term_string"}}],"inLanguage":"de-DE"},{"@type":"Organization","@id":"https:\/\/www.iplay.com\/en\/#organization","name":"IPlay","url":"https:\/\/www.iplay.com\/en\/","logo":{"@type":"ImageObject","inLanguage":"de-DE","@id":"https:\/\/www.iplay.com\/en\/#\/schema\/logo\/image\/","url":"https:\/\/www.iplay.com\/wp-content\/uploads\/2023\/11\/Group-6100.svg","contentUrl":"https:\/\/www.iplay.com\/wp-content\/uploads\/2023\/11\/Group-6100.svg","width":98,"height":25,"caption":"IPlay"},"image":{"@id":"https:\/\/www.iplay.com\/en\/#\/schema\/logo\/image\/"}}]}},"_links":{"self":[{"href":"https:\/\/www.iplay.com\/de\/wp-json\/wp\/v2\/product\/126303","targetHints":{"allow":["GET"]}}],"collection":[{"href":"https:\/\/www.iplay.com\/de\/wp-json\/wp\/v2\/product"}],"about":[{"href":"https:\/\/www.iplay.com\/de\/wp-json\/wp\/v2\/types\/product"}],"author":[{"embeddable":true,"href":"https:\/\/www.iplay.com\/de\/wp-json\/wp\/v2\/users\/8"}],"replies":[{"embeddable":true,"href":"https:\/\/www.iplay.com\/de\/wp-json\/wp\/v2\/comments?post=126303"}],"wp:featuredmedia":[{"embeddable":true,"href":"https:\/\/www.iplay.com\/de\/wp-json\/wp\/v2\/media\/122439"}],"wp:attachment":[{"href":"https:\/\/www.iplay.com\/de\/wp-json\/wp\/v2\/media?parent=126303"}],"wp:term":[{"taxonomy":"product_brand","embeddable":true,"href":"https:\/\/www.iplay.com\/de\/wp-json\/wp\/v2\/product_brand?post=126303"},{"taxonomy":"product_cat","embeddable":true,"href":"https:\/\/www.iplay.com\/de\/wp-json\/wp\/v2\/product_cat?post=126303"},{"taxonomy":"product_tag","embeddable":true,"href":"https:\/\/www.iplay.com\/de\/wp-json\/wp\/v2\/product_tag?post=126303"}],"curies":[{"name":"wp","href":"https:\/\/api.w.org\/{rel}","templated":true}]}}