{"id":126233,"date":"2019-08-13T00:00:00","date_gmt":"2019-08-13T00:00:00","guid":{"rendered":"https:\/\/www.iplay.com\/games\/mediterranean-journey\/"},"modified":"2019-08-13T00:00:00","modified_gmt":"2019-08-13T00:00:00","slug":"mediterranean-journey","status":"publish","type":"product","link":"https:\/\/www.iplay.com\/de\/games\/mediterranean-journey\/","title":{"rendered":"Mediterranean Journey"},"content":{"rendered":"<p>Erkunden Sie den Mittelmeerraum! Sie werden die Essenz und Kultur des Mittelmeers entdecken, w\u00e4hrend Sie eine tolle Zeit bei der Besichtigung seiner St\u00e4dte und Inseln haben. F\u00fcr Ihre Erinnerungen k\u00f6nnen Sie Fotoalben, Inselkarten und Tieralben sammeln. Auf jedem Level gibt es zwei Orte, an die man gehen kann. Es stehen sechs verschiedene Minispiele zur Verf\u00fcgung. Finden Sie einen Weg, von einem Ende zum anderen zu gelangen, l\u00f6sen Sie Puzzles, um neue Orte zu entdecken, schalten Sie Holzpl\u00e4ttchen im erstaunlichen Match-3-Spiel frei, um den n\u00e4chsten Bereich zu sehen, finden Sie Sammlungen verschiedener Tiergruppen, finden Sie zwei passende Objekte, um das Brett zu r\u00e4umen, und drehen Sie Puzzleteile, um neue Bereiche zu entdecken.     <\/p>\n<p>&nbsp;<\/p>\n<p>&nbsp;<\/p>\n<p><strong>Funktionen:<\/strong><\/p>\n<p>&nbsp;<\/p>\n<p>&#8211; Stelle spektakul\u00e4re Sammlungen<br \/>\n zusammen- L\u00f6se erstaunliche R\u00e4tsel<br \/>\n &#8211; Erfreue dich an atemberaubenden Grafiken und spannenden Minispielen<br \/>\n&#8211; Spiele deine Lieblingslevel und Minispiele erneut durch<\/p>\n","protected":false},"excerpt":{"rendered":"<p>Erkunden Sie den Mittelmeerraum! Entdecken Sie seine Br\u00e4uche und reisen Sie zu St\u00e4dten und Inseln im Mittelmeer. <\/p>\n","protected":false},"author":119,"featured_media":92965,"comment_status":"open","ping_status":"closed","template":"","meta":{"_acf_changed":false,"inline_featured_image":false},"product_brand":[],"product_cat":[164],"product_tag":[289],"class_list":{"0":"post-126233","1":"product","2":"type-product","3":"status-publish","4":"has-post-thumbnail","6":"product_cat-hidden-object-de","7":"product_tag-play-on-pc-de","9":"first","10":"instock","11":"shipping-taxable","12":"purchasable","13":"product-type-simple"},"acf":[],"yoast_head":"<!-- This site is optimized with the Yoast SEO Premium plugin v25.2 (Yoast SEO v25.2) - https:\/\/yoast.com\/wordpress\/plugins\/seo\/ -->\n<title>Mittelmeerreise - Entdecken Sie die Kultur des Mittelmeerraums in einem Abenteuer<\/title>\n<meta name=\"description\" content=\"Erkunden Sie den Mittelmeerraum! Entdecken Sie seine Br\u00e4uche und reisen Sie zu St\u00e4dten und Inseln im Mittelmeer.\" \/>\n<meta name=\"robots\" content=\"index, follow, max-snippet:-1, max-image-preview:large, max-video-preview:-1\" \/>\n<link rel=\"canonical\" href=\"https:\/\/www.iplay.com\/de\/games\/mediterranean-journey\/\" \/>\n<meta property=\"og:locale\" content=\"de_DE\" \/>\n<meta property=\"og:type\" content=\"article\" \/>\n<meta property=\"og:title\" content=\"Mediterranean Journey\" \/>\n<meta property=\"og:description\" content=\"Erkunden Sie den Mittelmeerraum! Entdecken Sie seine Br\u00e4uche und reisen Sie zu St\u00e4dten und Inseln im Mittelmeer.\" \/>\n<meta property=\"og:url\" content=\"https:\/\/www.iplay.com\/de\/games\/mediterranean-journey\/\" \/>\n<meta property=\"og:site_name\" content=\"IPlay\" \/>\n<meta property=\"og:image\" content=\"https:\/\/www.iplay.com\/wp-content\/uploads\/2023\/12\/large_square_tile_image-3326.jpg\" \/>\n\t<meta property=\"og:image:width\" content=\"310\" \/>\n\t<meta property=\"og:image:height\" content=\"310\" \/>\n\t<meta property=\"og:image:type\" content=\"image\/jpeg\" \/>\n<meta name=\"twitter:card\" content=\"summary_large_image\" \/>\n<meta name=\"twitter:label1\" content=\"Gesch\u00e4tzte Lesezeit\" \/>\n\t<meta name=\"twitter:data1\" content=\"1 Minute\" \/>\n<script type=\"application\/ld+json\" class=\"yoast-schema-graph\">{\"@context\":\"https:\/\/schema.org\",\"@graph\":[{\"@type\":\"WebPage\",\"@id\":\"https:\/\/www.iplay.com\/de\/games\/mediterranean-journey\/\",\"url\":\"https:\/\/www.iplay.com\/de\/games\/mediterranean-journey\/\",\"name\":\"Mittelmeerreise - Entdecken Sie die Kultur des Mittelmeerraums in einem Abenteuer\",\"isPartOf\":{\"@id\":\"https:\/\/www.iplay.com\/en\/#website\"},\"primaryImageOfPage\":{\"@id\":\"https:\/\/www.iplay.com\/de\/games\/mediterranean-journey\/#primaryimage\"},\"image\":{\"@id\":\"https:\/\/www.iplay.com\/de\/games\/mediterranean-journey\/#primaryimage\"},\"thumbnailUrl\":\"https:\/\/www.iplay.com\/wp-content\/uploads\/2023\/12\/large_square_tile_image-3326.jpg\",\"datePublished\":\"2019-08-13T00:00:00+00:00\",\"description\":\"Erkunden Sie den Mittelmeerraum! Entdecken Sie seine Br\u00e4uche und reisen Sie zu St\u00e4dten und Inseln im Mittelmeer.\",\"breadcrumb\":{\"@id\":\"https:\/\/www.iplay.com\/de\/games\/mediterranean-journey\/#breadcrumb\"},\"inLanguage\":\"de-DE\",\"potentialAction\":[{\"@type\":\"ReadAction\",\"target\":[\"https:\/\/www.iplay.com\/de\/games\/mediterranean-journey\/\"]}]},{\"@type\":\"ImageObject\",\"inLanguage\":\"de-DE\",\"@id\":\"https:\/\/www.iplay.com\/de\/games\/mediterranean-journey\/#primaryimage\",\"url\":\"https:\/\/www.iplay.com\/wp-content\/uploads\/2023\/12\/large_square_tile_image-3326.jpg\",\"contentUrl\":\"https:\/\/www.iplay.com\/wp-content\/uploads\/2023\/12\/large_square_tile_image-3326.jpg\",\"width\":310,\"height\":310},{\"@type\":\"BreadcrumbList\",\"@id\":\"https:\/\/www.iplay.com\/de\/games\/mediterranean-journey\/#breadcrumb\",\"itemListElement\":[{\"@type\":\"ListItem\",\"position\":1,\"name\":\"Home\",\"item\":\"https:\/\/www.iplay.com\/de\/home-page-2\/\"},{\"@type\":\"ListItem\",\"position\":2,\"name\":\"Shop\",\"item\":\"https:\/\/www.iplay.com\/en\/shop\/\"},{\"@type\":\"ListItem\",\"position\":3,\"name\":\"Mediterranean Journey\"}]},{\"@type\":\"WebSite\",\"@id\":\"https:\/\/www.iplay.com\/en\/#website\",\"url\":\"https:\/\/www.iplay.com\/en\/\",\"name\":\"IPlay\",\"description\":\"The Best Casual Games!\",\"publisher\":{\"@id\":\"https:\/\/www.iplay.com\/en\/#organization\"},\"potentialAction\":[{\"@type\":\"SearchAction\",\"target\":{\"@type\":\"EntryPoint\",\"urlTemplate\":\"https:\/\/www.iplay.com\/en\/?s={search_term_string}\"},\"query-input\":{\"@type\":\"PropertyValueSpecification\",\"valueRequired\":true,\"valueName\":\"search_term_string\"}}],\"inLanguage\":\"de-DE\"},{\"@type\":\"Organization\",\"@id\":\"https:\/\/www.iplay.com\/en\/#organization\",\"name\":\"IPlay\",\"url\":\"https:\/\/www.iplay.com\/en\/\",\"logo\":{\"@type\":\"ImageObject\",\"inLanguage\":\"de-DE\",\"@id\":\"https:\/\/www.iplay.com\/en\/#\/schema\/logo\/image\/\",\"url\":\"https:\/\/www.iplay.com\/wp-content\/uploads\/2023\/11\/Group-6100.svg\",\"contentUrl\":\"https:\/\/www.iplay.com\/wp-content\/uploads\/2023\/11\/Group-6100.svg\",\"width\":98,\"height\":25,\"caption\":\"IPlay\"},\"image\":{\"@id\":\"https:\/\/www.iplay.com\/en\/#\/schema\/logo\/image\/\"}}]}<\/script>\n<!-- \/ Yoast SEO Premium plugin. -->","yoast_head_json":{"title":"Mittelmeerreise - Entdecken Sie die Kultur des Mittelmeerraums in einem Abenteuer","description":"Erkunden Sie den Mittelmeerraum! Entdecken Sie seine Br\u00e4uche und reisen Sie zu St\u00e4dten und Inseln im Mittelmeer.","robots":{"index":"index","follow":"follow","max-snippet":"max-snippet:-1","max-image-preview":"max-image-preview:large","max-video-preview":"max-video-preview:-1"},"canonical":"https:\/\/www.iplay.com\/de\/games\/mediterranean-journey\/","og_locale":"de_DE","og_type":"article","og_title":"Mediterranean Journey","og_description":"Erkunden Sie den Mittelmeerraum! Entdecken Sie seine Br\u00e4uche und reisen Sie zu St\u00e4dten und Inseln im Mittelmeer.","og_url":"https:\/\/www.iplay.com\/de\/games\/mediterranean-journey\/","og_site_name":"IPlay","og_image":[{"width":310,"height":310,"url":"https:\/\/www.iplay.com\/wp-content\/uploads\/2023\/12\/large_square_tile_image-3326.jpg","type":"image\/jpeg"}],"twitter_card":"summary_large_image","twitter_misc":{"Gesch\u00e4tzte Lesezeit":"1 Minute"},"schema":{"@context":"https:\/\/schema.org","@graph":[{"@type":"WebPage","@id":"https:\/\/www.iplay.com\/de\/games\/mediterranean-journey\/","url":"https:\/\/www.iplay.com\/de\/games\/mediterranean-journey\/","name":"Mittelmeerreise - Entdecken Sie die Kultur des Mittelmeerraums in einem Abenteuer","isPartOf":{"@id":"https:\/\/www.iplay.com\/en\/#website"},"primaryImageOfPage":{"@id":"https:\/\/www.iplay.com\/de\/games\/mediterranean-journey\/#primaryimage"},"image":{"@id":"https:\/\/www.iplay.com\/de\/games\/mediterranean-journey\/#primaryimage"},"thumbnailUrl":"https:\/\/www.iplay.com\/wp-content\/uploads\/2023\/12\/large_square_tile_image-3326.jpg","datePublished":"2019-08-13T00:00:00+00:00","description":"Erkunden Sie den Mittelmeerraum! Entdecken Sie seine Br\u00e4uche und reisen Sie zu St\u00e4dten und Inseln im Mittelmeer.","breadcrumb":{"@id":"https:\/\/www.iplay.com\/de\/games\/mediterranean-journey\/#breadcrumb"},"inLanguage":"de-DE","potentialAction":[{"@type":"ReadAction","target":["https:\/\/www.iplay.com\/de\/games\/mediterranean-journey\/"]}]},{"@type":"ImageObject","inLanguage":"de-DE","@id":"https:\/\/www.iplay.com\/de\/games\/mediterranean-journey\/#primaryimage","url":"https:\/\/www.iplay.com\/wp-content\/uploads\/2023\/12\/large_square_tile_image-3326.jpg","contentUrl":"https:\/\/www.iplay.com\/wp-content\/uploads\/2023\/12\/large_square_tile_image-3326.jpg","width":310,"height":310},{"@type":"BreadcrumbList","@id":"https:\/\/www.iplay.com\/de\/games\/mediterranean-journey\/#breadcrumb","itemListElement":[{"@type":"ListItem","position":1,"name":"Home","item":"https:\/\/www.iplay.com\/de\/home-page-2\/"},{"@type":"ListItem","position":2,"name":"Shop","item":"https:\/\/www.iplay.com\/en\/shop\/"},{"@type":"ListItem","position":3,"name":"Mediterranean Journey"}]},{"@type":"WebSite","@id":"https:\/\/www.iplay.com\/en\/#website","url":"https:\/\/www.iplay.com\/en\/","name":"IPlay","description":"The Best Casual Games!","publisher":{"@id":"https:\/\/www.iplay.com\/en\/#organization"},"potentialAction":[{"@type":"SearchAction","target":{"@type":"EntryPoint","urlTemplate":"https:\/\/www.iplay.com\/en\/?s={search_term_string}"},"query-input":{"@type":"PropertyValueSpecification","valueRequired":true,"valueName":"search_term_string"}}],"inLanguage":"de-DE"},{"@type":"Organization","@id":"https:\/\/www.iplay.com\/en\/#organization","name":"IPlay","url":"https:\/\/www.iplay.com\/en\/","logo":{"@type":"ImageObject","inLanguage":"de-DE","@id":"https:\/\/www.iplay.com\/en\/#\/schema\/logo\/image\/","url":"https:\/\/www.iplay.com\/wp-content\/uploads\/2023\/11\/Group-6100.svg","contentUrl":"https:\/\/www.iplay.com\/wp-content\/uploads\/2023\/11\/Group-6100.svg","width":98,"height":25,"caption":"IPlay"},"image":{"@id":"https:\/\/www.iplay.com\/en\/#\/schema\/logo\/image\/"}}]}},"_links":{"self":[{"href":"https:\/\/www.iplay.com\/de\/wp-json\/wp\/v2\/product\/126233","targetHints":{"allow":["GET"]}}],"collection":[{"href":"https:\/\/www.iplay.com\/de\/wp-json\/wp\/v2\/product"}],"about":[{"href":"https:\/\/www.iplay.com\/de\/wp-json\/wp\/v2\/types\/product"}],"author":[{"embeddable":true,"href":"https:\/\/www.iplay.com\/de\/wp-json\/wp\/v2\/users\/119"}],"replies":[{"embeddable":true,"href":"https:\/\/www.iplay.com\/de\/wp-json\/wp\/v2\/comments?post=126233"}],"wp:featuredmedia":[{"embeddable":true,"href":"https:\/\/www.iplay.com\/de\/wp-json\/wp\/v2\/media\/92965"}],"wp:attachment":[{"href":"https:\/\/www.iplay.com\/de\/wp-json\/wp\/v2\/media?parent=126233"}],"wp:term":[{"taxonomy":"product_brand","embeddable":true,"href":"https:\/\/www.iplay.com\/de\/wp-json\/wp\/v2\/product_brand?post=126233"},{"taxonomy":"product_cat","embeddable":true,"href":"https:\/\/www.iplay.com\/de\/wp-json\/wp\/v2\/product_cat?post=126233"},{"taxonomy":"product_tag","embeddable":true,"href":"https:\/\/www.iplay.com\/de\/wp-json\/wp\/v2\/product_tag?post=126233"}],"curies":[{"name":"wp","href":"https:\/\/api.w.org\/{rel}","templated":true}]}}