{"id":33471,"date":"2025-02-14T13:20:09","date_gmt":"2025-02-14T13:20:09","guid":{"rendered":"https:\/\/www.iplay.com\/system-requirements\/"},"modified":"2025-02-14T13:20:10","modified_gmt":"2025-02-14T13:20:10","slug":"system-requirements","status":"publish","type":"page","link":"https:\/\/www.iplay.com\/de\/system-requirements\/","title":{"rendered":"System Requirements"},"content":{"rendered":"<div class=\"wp-block-image\"><figure class=\"alignleft size-full\"><img loading=\"lazy\" decoding=\"async\" width=\"551\" height=\"133\" src=\"https:\/\/iplayprd.wpenginepowered.com\/wp-content\/uploads\/2024\/02\/Iplay_logo_sml_transparent.png\" alt=\"\" class=\"wp-image-22289\" srcset=\"https:\/\/www.iplay.com\/wp-content\/uploads\/2024\/02\/Iplay_logo_sml_transparent.png 551w, https:\/\/www.iplay.com\/wp-content\/uploads\/2024\/02\/Iplay_logo_sml_transparent-300x72.png 300w\" sizes=\"auto, (max-width: 551px) 100vw, 551px\" \/><\/figure><\/div><div style=\"height:20px\" aria-hidden=\"true\" class=\"wp-block-spacer\"><\/div><hr class=\"wp-block-separator has-alpha-channel-opacity\"\/><div style=\"height:20px\" aria-hidden=\"true\" class=\"wp-block-spacer\"><\/div><p class=\"has-medium-font-size\"><strong>Um die IPlay-Website und den All Access Games-Abonnementdienst effektiv nutzen zu k\u00f6nnen, m\u00fcssen Sie die folgenden Mindestsystemanforderungen erf\u00fcllen<\/strong><\/p><div style=\"height:20px\" aria-hidden=\"true\" class=\"wp-block-spacer\"><\/div><hr class=\"wp-block-separator has-alpha-channel-opacity\"\/><div style=\"height:20px\" aria-hidden=\"true\" class=\"wp-block-spacer\"><\/div><p class=\"has-medium-font-size\">Eine stabile Internetverbindung mit einer angemessenen Geschwindigkeit f\u00fcr das Herunterladen von Inhalten von der IPlay-Website.<br\/><br\/>Ein moderner PC mit Windows 10 oder h\u00f6her.  <br\/><br\/>Ein moderner PC mit mindestens 8 Gigabyte RAM und 100 Gigabyte freiem Festplattenspeicher.<br\/><br\/>Ein moderner Webbrowser wie <em>Google Chrome<\/em>, <em>Mozilla Firefox<\/em> oder <em>Microsoft Edge<\/em>.<br\/><br\/>Ein Monitor mit einer Mindestaufl\u00f6sung von 1920 x 1080 &#8211; Niedrigere Aufl\u00f6sungen funktionieren m\u00f6glicherweise, aber wir k\u00f6nnen die Erfahrung auf Displays mit niedrigerer Aufl\u00f6sung nicht garantieren.<br\/><br\/>Eine Maus und eine Tastatur, um ein optimales Gameplay zu erm\u00f6glichen.<br\/><br\/>Viele unserer Spiele verwenden auch Sound und Musik, um ihr Erlebnis zu verbessern, daher werden Lautsprecher oder Kopfh\u00f6rer empfohlen.<\/p><div style=\"height:20px\" aria-hidden=\"true\" class=\"wp-block-spacer\"><\/div><hr class=\"wp-block-separator has-alpha-channel-opacity\"\/>","protected":false},"excerpt":{"rendered":"<p>Um die IPlay-Website und den All Access Games-Abonnementdienst effektiv nutzen zu k\u00f6nnen, m\u00fcssen Sie die folgenden Mindestsystemanforderungen erf\u00fcllen Eine stabile Internetverbindung mit einer angemessenen Geschwindigkeit f\u00fcr das Herunterladen von Inhalten von der IPlay-Website. Ein moderner PC mit Windows 10 oder h\u00f6her. Ein moderner PC mit mindestens 8 Gigabyte RAM und 100 Gigabyte freiem Festplattenspeicher. Ein [&hellip;]<\/p>\n","protected":false},"author":334,"featured_media":0,"parent":0,"menu_order":0,"comment_status":"closed","ping_status":"closed","template":"","meta":{"_acf_changed":false,"inline_featured_image":false,"footnotes":""},"class_list":["post-33471","page","type-page","status-publish","hentry"],"acf":[],"yoast_head":"<!-- This site is optimized with the Yoast SEO Premium plugin v25.2 (Yoast SEO v25.2) - https:\/\/yoast.com\/wordpress\/plugins\/seo\/ -->\n<title>System Requirements - IPlay<\/title>\n<meta name=\"description\" content=\"Um die IPlay-Website und den All Access Games-Abonnementdienst effektiv nutzen zu k\u00f6nnen, m\u00fcssen Sie die folgenden Mindestsystemanforderungen erf\u00fcllen\" \/>\n<meta name=\"robots\" content=\"noindex, follow\" \/>\n<meta property=\"og:locale\" content=\"de_DE\" \/>\n<meta property=\"og:type\" content=\"article\" \/>\n<meta property=\"og:title\" content=\"System Requirements\" \/>\n<meta property=\"og:description\" content=\"Um die IPlay-Website und den All Access Games-Abonnementdienst effektiv nutzen zu k\u00f6nnen, m\u00fcssen Sie die folgenden Mindestsystemanforderungen erf\u00fcllen\" \/>\n<meta property=\"og:url\" content=\"https:\/\/www.iplay.com\/en\/system-requirements\/\" \/>\n<meta property=\"og:site_name\" content=\"IPlay\" \/>\n<meta property=\"article:modified_time\" content=\"2025-02-14T13:20:10+00:00\" \/>\n<meta property=\"og:image\" content=\"https:\/\/iplayprd.wpenginepowered.com\/wp-content\/uploads\/2024\/02\/Iplay_logo_sml_transparent.png\" \/>\n<meta name=\"twitter:card\" content=\"summary_large_image\" \/>\n<meta name=\"twitter:label1\" content=\"Gesch\u00e4tzte Lesezeit\" \/>\n\t<meta name=\"twitter:data1\" content=\"1 Minute\" \/>\n<script type=\"application\/ld+json\" class=\"yoast-schema-graph\">{\"@context\":\"https:\/\/schema.org\",\"@graph\":[{\"@type\":\"WebPage\",\"@id\":\"https:\/\/www.iplay.com\/en\/system-requirements\/\",\"url\":\"https:\/\/www.iplay.com\/en\/system-requirements\/\",\"name\":\"System Requirements - IPlay\",\"isPartOf\":{\"@id\":\"https:\/\/www.iplay.com\/en\/#website\"},\"primaryImageOfPage\":{\"@id\":\"https:\/\/www.iplay.com\/en\/system-requirements\/#primaryimage\"},\"image\":{\"@id\":\"https:\/\/www.iplay.com\/en\/system-requirements\/#primaryimage\"},\"thumbnailUrl\":\"https:\/\/iplayprd.wpenginepowered.com\/wp-content\/uploads\/2024\/02\/Iplay_logo_sml_transparent.png\",\"datePublished\":\"2025-02-14T13:20:09+00:00\",\"dateModified\":\"2025-02-14T13:20:10+00:00\",\"description\":\"Um die IPlay-Website und den All Access Games-Abonnementdienst effektiv nutzen zu k\u00f6nnen, m\u00fcssen Sie die folgenden Mindestsystemanforderungen erf\u00fcllen\",\"breadcrumb\":{\"@id\":\"https:\/\/www.iplay.com\/en\/system-requirements\/#breadcrumb\"},\"inLanguage\":\"de-DE\",\"potentialAction\":[{\"@type\":\"ReadAction\",\"target\":[\"https:\/\/www.iplay.com\/en\/system-requirements\/\"]}]},{\"@type\":\"ImageObject\",\"inLanguage\":\"de-DE\",\"@id\":\"https:\/\/www.iplay.com\/en\/system-requirements\/#primaryimage\",\"url\":\"https:\/\/iplayprd.wpenginepowered.com\/wp-content\/uploads\/2024\/02\/Iplay_logo_sml_transparent.png\",\"contentUrl\":\"https:\/\/iplayprd.wpenginepowered.com\/wp-content\/uploads\/2024\/02\/Iplay_logo_sml_transparent.png\"},{\"@type\":\"BreadcrumbList\",\"@id\":\"https:\/\/www.iplay.com\/en\/system-requirements\/#breadcrumb\",\"itemListElement\":[{\"@type\":\"ListItem\",\"position\":1,\"name\":\"Home\",\"item\":\"https:\/\/www.iplay.com\/de\/home-page-2\/\"},{\"@type\":\"ListItem\",\"position\":2,\"name\":\"System Requirements\"}]},{\"@type\":\"WebSite\",\"@id\":\"https:\/\/www.iplay.com\/en\/#website\",\"url\":\"https:\/\/www.iplay.com\/en\/\",\"name\":\"IPlay\",\"description\":\"The Best Casual Games!\",\"publisher\":{\"@id\":\"https:\/\/www.iplay.com\/en\/#organization\"},\"potentialAction\":[{\"@type\":\"SearchAction\",\"target\":{\"@type\":\"EntryPoint\",\"urlTemplate\":\"https:\/\/www.iplay.com\/en\/?s={search_term_string}\"},\"query-input\":{\"@type\":\"PropertyValueSpecification\",\"valueRequired\":true,\"valueName\":\"search_term_string\"}}],\"inLanguage\":\"de-DE\"},{\"@type\":\"Organization\",\"@id\":\"https:\/\/www.iplay.com\/en\/#organization\",\"name\":\"IPlay\",\"url\":\"https:\/\/www.iplay.com\/en\/\",\"logo\":{\"@type\":\"ImageObject\",\"inLanguage\":\"de-DE\",\"@id\":\"https:\/\/www.iplay.com\/en\/#\/schema\/logo\/image\/\",\"url\":\"https:\/\/www.iplay.com\/wp-content\/uploads\/2023\/11\/Group-6100.svg\",\"contentUrl\":\"https:\/\/www.iplay.com\/wp-content\/uploads\/2023\/11\/Group-6100.svg\",\"width\":98,\"height\":25,\"caption\":\"IPlay\"},\"image\":{\"@id\":\"https:\/\/www.iplay.com\/en\/#\/schema\/logo\/image\/\"}}]}<\/script>\n<!-- \/ Yoast SEO Premium plugin. -->","yoast_head_json":{"title":"System Requirements - IPlay","description":"Um die IPlay-Website und den All Access Games-Abonnementdienst effektiv nutzen zu k\u00f6nnen, m\u00fcssen Sie die folgenden Mindestsystemanforderungen erf\u00fcllen","robots":{"index":"noindex","follow":"follow"},"og_locale":"de_DE","og_type":"article","og_title":"System Requirements","og_description":"Um die IPlay-Website und den All Access Games-Abonnementdienst effektiv nutzen zu k\u00f6nnen, m\u00fcssen Sie die folgenden Mindestsystemanforderungen erf\u00fcllen","og_url":"https:\/\/www.iplay.com\/en\/system-requirements\/","og_site_name":"IPlay","article_modified_time":"2025-02-14T13:20:10+00:00","og_image":[{"url":"https:\/\/iplayprd.wpenginepowered.com\/wp-content\/uploads\/2024\/02\/Iplay_logo_sml_transparent.png","type":"","width":"","height":""}],"twitter_card":"summary_large_image","twitter_misc":{"Gesch\u00e4tzte Lesezeit":"1 Minute"},"schema":{"@context":"https:\/\/schema.org","@graph":[{"@type":"WebPage","@id":"https:\/\/www.iplay.com\/en\/system-requirements\/","url":"https:\/\/www.iplay.com\/en\/system-requirements\/","name":"System Requirements - IPlay","isPartOf":{"@id":"https:\/\/www.iplay.com\/en\/#website"},"primaryImageOfPage":{"@id":"https:\/\/www.iplay.com\/en\/system-requirements\/#primaryimage"},"image":{"@id":"https:\/\/www.iplay.com\/en\/system-requirements\/#primaryimage"},"thumbnailUrl":"https:\/\/iplayprd.wpenginepowered.com\/wp-content\/uploads\/2024\/02\/Iplay_logo_sml_transparent.png","datePublished":"2025-02-14T13:20:09+00:00","dateModified":"2025-02-14T13:20:10+00:00","description":"Um die IPlay-Website und den All Access Games-Abonnementdienst effektiv nutzen zu k\u00f6nnen, m\u00fcssen Sie die folgenden Mindestsystemanforderungen erf\u00fcllen","breadcrumb":{"@id":"https:\/\/www.iplay.com\/en\/system-requirements\/#breadcrumb"},"inLanguage":"de-DE","potentialAction":[{"@type":"ReadAction","target":["https:\/\/www.iplay.com\/en\/system-requirements\/"]}]},{"@type":"ImageObject","inLanguage":"de-DE","@id":"https:\/\/www.iplay.com\/en\/system-requirements\/#primaryimage","url":"https:\/\/iplayprd.wpenginepowered.com\/wp-content\/uploads\/2024\/02\/Iplay_logo_sml_transparent.png","contentUrl":"https:\/\/iplayprd.wpenginepowered.com\/wp-content\/uploads\/2024\/02\/Iplay_logo_sml_transparent.png"},{"@type":"BreadcrumbList","@id":"https:\/\/www.iplay.com\/en\/system-requirements\/#breadcrumb","itemListElement":[{"@type":"ListItem","position":1,"name":"Home","item":"https:\/\/www.iplay.com\/de\/home-page-2\/"},{"@type":"ListItem","position":2,"name":"System Requirements"}]},{"@type":"WebSite","@id":"https:\/\/www.iplay.com\/en\/#website","url":"https:\/\/www.iplay.com\/en\/","name":"IPlay","description":"The Best Casual Games!","publisher":{"@id":"https:\/\/www.iplay.com\/en\/#organization"},"potentialAction":[{"@type":"SearchAction","target":{"@type":"EntryPoint","urlTemplate":"https:\/\/www.iplay.com\/en\/?s={search_term_string}"},"query-input":{"@type":"PropertyValueSpecification","valueRequired":true,"valueName":"search_term_string"}}],"inLanguage":"de-DE"},{"@type":"Organization","@id":"https:\/\/www.iplay.com\/en\/#organization","name":"IPlay","url":"https:\/\/www.iplay.com\/en\/","logo":{"@type":"ImageObject","inLanguage":"de-DE","@id":"https:\/\/www.iplay.com\/en\/#\/schema\/logo\/image\/","url":"https:\/\/www.iplay.com\/wp-content\/uploads\/2023\/11\/Group-6100.svg","contentUrl":"https:\/\/www.iplay.com\/wp-content\/uploads\/2023\/11\/Group-6100.svg","width":98,"height":25,"caption":"IPlay"},"image":{"@id":"https:\/\/www.iplay.com\/en\/#\/schema\/logo\/image\/"}}]}},"_links":{"self":[{"href":"https:\/\/www.iplay.com\/de\/wp-json\/wp\/v2\/pages\/33471","targetHints":{"allow":["GET"]}}],"collection":[{"href":"https:\/\/www.iplay.com\/de\/wp-json\/wp\/v2\/pages"}],"about":[{"href":"https:\/\/www.iplay.com\/de\/wp-json\/wp\/v2\/types\/page"}],"author":[{"embeddable":true,"href":"https:\/\/www.iplay.com\/de\/wp-json\/wp\/v2\/users\/334"}],"replies":[{"embeddable":true,"href":"https:\/\/www.iplay.com\/de\/wp-json\/wp\/v2\/comments?post=33471"}],"version-history":[{"count":0,"href":"https:\/\/www.iplay.com\/de\/wp-json\/wp\/v2\/pages\/33471\/revisions"}],"wp:attachment":[{"href":"https:\/\/www.iplay.com\/de\/wp-json\/wp\/v2\/media?parent=33471"}],"curies":[{"name":"wp","href":"https:\/\/api.w.org\/{rel}","templated":true}]}}